{"id":57429,"date":"2019-04-09T23:02:33","date_gmt":"2019-04-09T21:02:33","guid":{"rendered":"https:\/\/octaedro.com\/libro\/ed-la-revista-del-diari-de-leducacio-num-2\/"},"modified":"2023-02-22T13:42:39","modified_gmt":"2023-02-22T12:42:39","slug":"ed-la-revista-del-diari-de-leducacio-2-2","status":"publish","type":"product","link":"https:\/\/wizardly-davinci.82-223-8-23.plesk.page\/en\/producto\/ed-la-revista-del-diari-de-leducacio-2-2\/","title":{"rendered":"ED &#8211; La Revista d\u2019El Diari de l\u2019Educaci\u00f3. N\u00daM. 2"},"content":{"rendered":"<p>La revista dedica un dossier especial al model d\u2019educaci\u00f3 inclusiva que tenim. Tamb\u00e9 al que volem, que no \u00e9s altre que el que necessitem. \u00c9s per aix\u00f2 que en l\u2019acte de presentaci\u00f3 intentarem resoldre els seg\u00fcents interrogants: quin \u00e9s el futur de l\u2019escola inclusiva a Catalunya? Quins s\u00f3n els reptes que han d\u2019afrontar els centres d\u2019educaci\u00f3 especial? Es pot avan\u00e7ar sense m\u00e9s recursos econ\u00f2mics i humans? Quin ha de ser el paper de les fam\u00edlies als centres? Per a resoldre-les comptarem amb un debat amb Merc\u00e8 Esteve Balagu\u00e9, subdirectora general d\u2019Ordenaci\u00f3 i Atenci\u00f3 a la Diversitat del departament d\u2019Ensenyament, Sandra Morales, directora de l\u2019escola Els Xiprers de Barcelona, i Josep Font, exdirector de l\u2019escola Estel, de Vic. La taula estar\u00e0 moderada pel periodista del diari Pau Rodr\u00edguez.<\/p>\n","protected":false},"excerpt":{"rendered":"<p>La revista dedica un dossier especial al model d\u2019educaci\u00f3 inclusiva que tenim. Tamb\u00e9 al que volem, que no \u00e9s altre que el que necessitem. \u00c9s per aix\u00f2 que en l\u2019acte de presentaci\u00f3 intentarem resoldre els seg\u00fcents interrogants: quin \u00e9s el futur de l\u2019escola inclusiva a Catalunya? Quins s\u00f3n els reptes que han d\u2019afrontar els centres d\u2019educaci\u00f3 especial? Es pot avan\u00e7ar sense m\u00e9s recursos econ\u00f2mics i humans? Quin ha de ser el paper de les fam\u00edlies als centres? Per a resoldre-les comptarem amb un debat amb Merc\u00e8 Esteve Balagu\u00e9, subdirectora general d\u2019Ordenaci\u00f3 i Atenci\u00f3 a la Diversitat del departament d\u2019Ensenyament, Sandra Morales, directora de l\u2019escola Els Xiprers de Barcelona, i Josep Font, exdirector de l\u2019escola Estel, de Vic. La taula estar\u00e0 moderada pel periodista del diari Pau Rodr\u00edguez.<\/p>\n","protected":false},"featured_media":57431,"comment_status":"open","ping_status":"closed","template":"","meta":{"_et_pb_use_builder":"","_et_pb_old_content":"","_et_gb_content_width":""},"product_cat":[11859],"product_tag":[11860],"edicion":[11865],"editoriales":[11931],"tienda":[],"autor_id":[],"universidades_coeditoras":[],"palabras_clave":[],"listado_alfabetico":[],"acf":[],"_links":{"self":[{"href":"https:\/\/wizardly-davinci.82-223-8-23.plesk.page\/en\/wp-json\/wp\/v2\/product\/57429"}],"collection":[{"href":"https:\/\/wizardly-davinci.82-223-8-23.plesk.page\/en\/wp-json\/wp\/v2\/product"}],"about":[{"href":"https:\/\/wizardly-davinci.82-223-8-23.plesk.page\/en\/wp-json\/wp\/v2\/types\/product"}],"replies":[{"embeddable":true,"href":"https:\/\/wizardly-davinci.82-223-8-23.plesk.page\/en\/wp-json\/wp\/v2\/comments?post=57429"}],"wp:featuredmedia":[{"embeddable":true,"href":"https:\/\/wizardly-davinci.82-223-8-23.plesk.page\/en\/wp-json\/wp\/v2\/media\/57431"}],"wp:attachment":[{"href":"https:\/\/wizardly-davinci.82-223-8-23.plesk.page\/en\/wp-json\/wp\/v2\/media?parent=57429"}],"wp:term":[{"taxonomy":"product_cat","embeddable":true,"href":"https:\/\/wizardly-davinci.82-223-8-23.plesk.page\/en\/wp-json\/wp\/v2\/product_cat?post=57429"},{"taxonomy":"product_tag","embeddable":true,"href":"https:\/\/wizardly-davinci.82-223-8-23.plesk.page\/en\/wp-json\/wp\/v2\/product_tag?post=57429"},{"taxonomy":"edicion","embeddable":true,"href":"https:\/\/wizardly-davinci.82-223-8-23.plesk.page\/en\/wp-json\/wp\/v2\/edicion?post=57429"},{"taxonomy":"editoriales","embeddable":true,"href":"https:\/\/wizardly-davinci.82-223-8-23.plesk.page\/en\/wp-json\/wp\/v2\/editoriales?post=57429"},{"taxonomy":"tienda","embeddable":true,"href":"https:\/\/wizardly-davinci.82-223-8-23.plesk.page\/en\/wp-json\/wp\/v2\/tienda?post=57429"},{"taxonomy":"autor_id","embeddable":true,"href":"https:\/\/wizardly-davinci.82-223-8-23.plesk.page\/en\/wp-json\/wp\/v2\/autor_id?post=57429"},{"taxonomy":"universidades_coeditoras","embeddable":true,"href":"https:\/\/wizardly-davinci.82-223-8-23.plesk.page\/en\/wp-json\/wp\/v2\/universidades_coeditoras?post=57429"},{"taxonomy":"palabras_clave","embeddable":true,"href":"https:\/\/wizardly-davinci.82-223-8-23.plesk.page\/en\/wp-json\/wp\/v2\/palabras_clave?post=57429"},{"taxonomy":"listado_alfabetico","embeddable":true,"href":"https:\/\/wizardly-davinci.82-223-8-23.plesk.page\/en\/wp-json\/wp\/v2\/listado_alfabetico?post=57429"}],"curies":[{"name":"wp","href":"https:\/\/api.w.org\/{rel}","templated":true}]}}