{"id":57450,"date":"2015-02-01T23:02:10","date_gmt":"2015-02-01T22:02:10","guid":{"rendered":"https:\/\/octaedro.com\/libro\/rainbow-warriors\/"},"modified":"2023-02-22T13:42:44","modified_gmt":"2023-02-22T12:42:44","slug":"rainbow-warriors-2","status":"publish","type":"product","link":"https:\/\/wizardly-davinci.82-223-8-23.plesk.page\/en\/producto\/rainbow-warriors-2\/","title":{"rendered":"Rainbow Warriors"},"content":{"rendered":"<p>Agosto de 2006. Con la nariz pegada a la ventanilla del taxi, pude por fin distinguir sus tres m\u00e1stiles despuntando al final de un largo dique. Mi coraz\u00f3n se aceler\u00f3 un poco. Ya hab\u00eda navegado en los otros dos barcos de Greenpeace Internacional (el Arctic Sunrise y el Esperanza) pero aquella era mi primera vez en el Rainbow Warrior (el segundo de la saga). Este m\u00edtico velero representaba para m\u00ed un gran s\u00edmbolo de lucha y esperanza al que hab\u00eda seguido los pasos desde la infancia.<br \/>\nEste libro rescata del olvido una \u00ednfima parte de todo cuanto se vivi\u00f3 a bordo o alrededor del segundo Rainbow Warrior. El resto de las historias habr\u00e1n de salir a la luz alg\u00fan d\u00eda en otros libros o bien quedar\u00e1n guardadas en la memoria subjetiva de aquellos que las vivieron. Mi intenci\u00f3n \u00faltima ha sido el rendir un homenaje a su esp\u00edritu, a las gentes que por \u00e9l han pasado y al barco en s\u00ed (en representaci\u00f3n de todos aquellos que est\u00e1n y han estado al servicio de Greenpeace). As\u00ed, he tratado de mostrar c\u00f3mo un barco puede afectar tan positivamente a tantas personas y consigue estrechar lazos \u00fanicos con otras organizaciones, comunidades locales e individuos, uniendo as\u00ed a miles de personas que estamos \u201cnavegando\u201d en la misma direcci\u00f3n tratando de poner fin a las grandes agresiones medioambientales que est\u00e1 sufriendo nuestro planeta.<\/p>\n","protected":false},"excerpt":{"rendered":"<p>Agosto de 2006. Con la nariz pegada a la ventanilla del taxi, pude por fin distinguir sus tres m\u00e1stiles despuntando al final de un largo dique. Mi coraz\u00f3n se aceler\u00f3 un poco. Ya hab\u00eda navegado en los otros dos barcos de Greenpeace Internacional (el Arctic Sunrise y el Esperanza) pero aquella era mi primera vez en el Rainbow Warrior (el segundo de la saga). Este m\u00edtico velero representaba para m\u00ed un gran s\u00edmbolo de lucha y esperanza al que hab\u00eda seguido los pasos desde la infancia.<br \/>\nEste libro rescata del olvido una \u00ednfima parte de todo cuanto se vivi\u00f3 a bordo o alrededor del segundo Rainbow Warrior. El resto de las historias habr\u00e1n de salir a la luz alg\u00fan d\u00eda en otros libros o bien quedar\u00e1n guardadas en la memoria subjetiva de aquellos que las vivieron. Mi intenci\u00f3n \u00faltima ha sido el rendir un homenaje a su esp\u00edritu, a las gentes que por \u00e9l han pasado y al barco en s\u00ed (en representaci\u00f3n de todos aquellos que est\u00e1n y han estado al servicio de Greenpeace). As\u00ed, he tratado de mostrar c\u00f3mo un barco puede afectar tan positivamente a tantas personas y consigue estrechar lazos \u00fanicos con otras organizaciones, comunidades locales e individuos, uniendo as\u00ed a miles de personas que estamos \u201cnavegando\u201d en la misma direcci\u00f3n tratando de poner fin a las grandes agresiones medioambientales que est\u00e1 sufriendo nuestro planeta.<\/p>\n","protected":false},"featured_media":57451,"comment_status":"open","ping_status":"closed","template":"","meta":{"_et_pb_use_builder":"","_et_pb_old_content":"","_et_gb_content_width":""},"product_cat":[11882,11859],"product_tag":[11860],"edicion":[11865],"editoriales":[14865],"tienda":[],"autor_id":[14685],"universidades_coeditoras":[],"palabras_clave":[],"listado_alfabetico":[],"acf":[],"_links":{"self":[{"href":"https:\/\/wizardly-davinci.82-223-8-23.plesk.page\/en\/wp-json\/wp\/v2\/product\/57450"}],"collection":[{"href":"https:\/\/wizardly-davinci.82-223-8-23.plesk.page\/en\/wp-json\/wp\/v2\/product"}],"about":[{"href":"https:\/\/wizardly-davinci.82-223-8-23.plesk.page\/en\/wp-json\/wp\/v2\/types\/product"}],"replies":[{"embeddable":true,"href":"https:\/\/wizardly-davinci.82-223-8-23.plesk.page\/en\/wp-json\/wp\/v2\/comments?post=57450"}],"wp:featuredmedia":[{"embeddable":true,"href":"https:\/\/wizardly-davinci.82-223-8-23.plesk.page\/en\/wp-json\/wp\/v2\/media\/57451"}],"wp:attachment":[{"href":"https:\/\/wizardly-davinci.82-223-8-23.plesk.page\/en\/wp-json\/wp\/v2\/media?parent=57450"}],"wp:term":[{"taxonomy":"product_cat","embeddable":true,"href":"https:\/\/wizardly-davinci.82-223-8-23.plesk.page\/en\/wp-json\/wp\/v2\/product_cat?post=57450"},{"taxonomy":"product_tag","embeddable":true,"href":"https:\/\/wizardly-davinci.82-223-8-23.plesk.page\/en\/wp-json\/wp\/v2\/product_tag?post=57450"},{"taxonomy":"edicion","embeddable":true,"href":"https:\/\/wizardly-davinci.82-223-8-23.plesk.page\/en\/wp-json\/wp\/v2\/edicion?post=57450"},{"taxonomy":"editoriales","embeddable":true,"href":"https:\/\/wizardly-davinci.82-223-8-23.plesk.page\/en\/wp-json\/wp\/v2\/editoriales?post=57450"},{"taxonomy":"tienda","embeddable":true,"href":"https:\/\/wizardly-davinci.82-223-8-23.plesk.page\/en\/wp-json\/wp\/v2\/tienda?post=57450"},{"taxonomy":"autor_id","embeddable":true,"href":"https:\/\/wizardly-davinci.82-223-8-23.plesk.page\/en\/wp-json\/wp\/v2\/autor_id?post=57450"},{"taxonomy":"universidades_coeditoras","embeddable":true,"href":"https:\/\/wizardly-davinci.82-223-8-23.plesk.page\/en\/wp-json\/wp\/v2\/universidades_coeditoras?post=57450"},{"taxonomy":"palabras_clave","embeddable":true,"href":"https:\/\/wizardly-davinci.82-223-8-23.plesk.page\/en\/wp-json\/wp\/v2\/palabras_clave?post=57450"},{"taxonomy":"listado_alfabetico","embeddable":true,"href":"https:\/\/wizardly-davinci.82-223-8-23.plesk.page\/en\/wp-json\/wp\/v2\/listado_alfabetico?post=57450"}],"curies":[{"name":"wp","href":"https:\/\/api.w.org\/{rel}","templated":true}]}}