{"id":57464,"date":"2014-10-01T23:02:09","date_gmt":"2014-10-01T21:02:09","guid":{"rendered":"https:\/\/octaedro.com\/libro\/disenar-para-un-mundo-real\/"},"modified":"2023-02-22T13:42:48","modified_gmt":"2023-02-22T12:42:48","slug":"disenar-para-un-mundo-real-2","status":"publish","type":"product","link":"https:\/\/wizardly-davinci.82-223-8-23.plesk.page\/en\/producto\/disenar-para-un-mundo-real-2\/","title":{"rendered":"Dise\u00f1ar para un mundo real"},"content":{"rendered":"<p>Dise\u00f1ador, antrop\u00f3logo, escritor y profesor, <span class=\"destacat\">Victor Papanek<\/span> (1927-1998) naci\u00f3 en Viena (Austria) y emigr\u00f3 a Estados Unidos en 1932, donde se gradu\u00f3 en arquitectura y dise\u00f1o en la Cooper Union de Nueva York y curs\u00f3 estudios de postgrado en el Massachusetts Institute of Technology (MIT). Durante treinta a\u00f1os trabaj\u00f3 para la Organizaci\u00f3n Mundial de la Salud y para la UNESCO en pa\u00edses de \u00c1frica, Asia y Sudam\u00e9rica. Pero, si por algo ha pasado a la historia, ha sido por Dise\u00f1ar para el mundo real. Ecolog\u00eda humana y cambio social, una obra que en su d\u00eda (1970-1971) fue un aut\u00e9ntico revulsivo y que, a partir de 1985, se ha traducido a m\u00e1s de veinte idiomas.<br \/>\nLibro criticado, en un principio, por muchos y alabado solo por unos pocos, a lo largo de los a\u00f1os ha ido ganando valor, sentido y vigencia de manera que hoy es todo un cl\u00e1sico de la bibliograf\u00eda del dise\u00f1o y una lectura imprescindible para personas dise\u00f1adoras que entienden su profesi\u00f3n desde una perspectiva cr\u00edtica y \u00e9tica, poco complaciente con lo establecido.<br \/>\nDise\u00f1ar para el mundo real contiene las opiniones de Papanek sobre el dise\u00f1o en general, el dise\u00f1o industrial, la artesan\u00eda y el arte, acompa\u00f1adas de ejemplos de dise\u00f1os del autor y sus alumnos y de propuestas y soluciones a problemas de car\u00e1cter social. Tras m\u00e1s de tres d\u00e9cadas, muchas de esas propuestas est\u00e1n superadas pero sus reflexiones sobre el dise\u00f1o para la necesidad, la responsabilidad del dise\u00f1ador y la dise\u00f1adora, lo que hoy denominamos dise\u00f1o ecol\u00f3gico, dise\u00f1o universal y open design, siguen siendo absolutamente v\u00e1lidas.<\/p>\n","protected":false},"excerpt":{"rendered":"<p>Dise\u00f1ador, antrop\u00f3logo, escritor y profesor, <span class=\"destacat\">Victor Papanek<\/span> (1927-1998) naci\u00f3 en Viena (Austria) y emigr\u00f3 a Estados Unidos en 1932, donde se gradu\u00f3 en arquitectura y dise\u00f1o en la Cooper Union de Nueva York y curs\u00f3 estudios de postgrado en el Massachusetts Institute of Technology (MIT). Durante treinta a\u00f1os trabaj\u00f3 para la Organizaci\u00f3n Mundial de la Salud y para la UNESCO en pa\u00edses de \u00c1frica, Asia y Sudam\u00e9rica. Pero, si por algo ha pasado a la historia, ha sido por Dise\u00f1ar para el mundo real. Ecolog\u00eda humana y cambio social, una obra que en su d\u00eda (1970-1971) fue un aut\u00e9ntico revulsivo y que, a partir de 1985, se ha traducido a m\u00e1s de veinte idiomas.<br \/>\nLibro criticado, en un principio, por muchos y alabado solo por unos pocos, a lo largo de los a\u00f1os ha ido ganando valor, sentido y vigencia de manera que hoy es todo un cl\u00e1sico de la bibliograf\u00eda del dise\u00f1o y una lectura imprescindible para personas dise\u00f1adoras que entienden su profesi\u00f3n desde una perspectiva cr\u00edtica y \u00e9tica, poco complaciente con lo establecido.<br \/>\nDise\u00f1ar para el mundo real contiene las opiniones de Papanek sobre el dise\u00f1o en general, el dise\u00f1o industrial, la artesan\u00eda y el arte, acompa\u00f1adas de ejemplos de dise\u00f1os del autor y sus alumnos y de propuestas y soluciones a problemas de car\u00e1cter social. Tras m\u00e1s de tres d\u00e9cadas, muchas de esas propuestas est\u00e1n superadas pero sus reflexiones sobre el dise\u00f1o para la necesidad, la responsabilidad del dise\u00f1ador y la dise\u00f1adora, lo que hoy denominamos dise\u00f1o ecol\u00f3gico, dise\u00f1o universal y open design, siguen siendo absolutamente v\u00e1lidas.<\/p>\n","protected":false},"featured_media":57465,"comment_status":"open","ping_status":"closed","template":"","meta":{"_et_pb_use_builder":"","_et_pb_old_content":"","_et_gb_content_width":""},"product_cat":[11882,11859],"product_tag":[11860],"edicion":[11865],"editoriales":[14865],"tienda":[],"autor_id":[20658],"universidades_coeditoras":[],"palabras_clave":[],"listado_alfabetico":[],"acf":[],"_links":{"self":[{"href":"https:\/\/wizardly-davinci.82-223-8-23.plesk.page\/en\/wp-json\/wp\/v2\/product\/57464"}],"collection":[{"href":"https:\/\/wizardly-davinci.82-223-8-23.plesk.page\/en\/wp-json\/wp\/v2\/product"}],"about":[{"href":"https:\/\/wizardly-davinci.82-223-8-23.plesk.page\/en\/wp-json\/wp\/v2\/types\/product"}],"replies":[{"embeddable":true,"href":"https:\/\/wizardly-davinci.82-223-8-23.plesk.page\/en\/wp-json\/wp\/v2\/comments?post=57464"}],"wp:featuredmedia":[{"embeddable":true,"href":"https:\/\/wizardly-davinci.82-223-8-23.plesk.page\/en\/wp-json\/wp\/v2\/media\/57465"}],"wp:attachment":[{"href":"https:\/\/wizardly-davinci.82-223-8-23.plesk.page\/en\/wp-json\/wp\/v2\/media?parent=57464"}],"wp:term":[{"taxonomy":"product_cat","embeddable":true,"href":"https:\/\/wizardly-davinci.82-223-8-23.plesk.page\/en\/wp-json\/wp\/v2\/product_cat?post=57464"},{"taxonomy":"product_tag","embeddable":true,"href":"https:\/\/wizardly-davinci.82-223-8-23.plesk.page\/en\/wp-json\/wp\/v2\/product_tag?post=57464"},{"taxonomy":"edicion","embeddable":true,"href":"https:\/\/wizardly-davinci.82-223-8-23.plesk.page\/en\/wp-json\/wp\/v2\/edicion?post=57464"},{"taxonomy":"editoriales","embeddable":true,"href":"https:\/\/wizardly-davinci.82-223-8-23.plesk.page\/en\/wp-json\/wp\/v2\/editoriales?post=57464"},{"taxonomy":"tienda","embeddable":true,"href":"https:\/\/wizardly-davinci.82-223-8-23.plesk.page\/en\/wp-json\/wp\/v2\/tienda?post=57464"},{"taxonomy":"autor_id","embeddable":true,"href":"https:\/\/wizardly-davinci.82-223-8-23.plesk.page\/en\/wp-json\/wp\/v2\/autor_id?post=57464"},{"taxonomy":"universidades_coeditoras","embeddable":true,"href":"https:\/\/wizardly-davinci.82-223-8-23.plesk.page\/en\/wp-json\/wp\/v2\/universidades_coeditoras?post=57464"},{"taxonomy":"palabras_clave","embeddable":true,"href":"https:\/\/wizardly-davinci.82-223-8-23.plesk.page\/en\/wp-json\/wp\/v2\/palabras_clave?post=57464"},{"taxonomy":"listado_alfabetico","embeddable":true,"href":"https:\/\/wizardly-davinci.82-223-8-23.plesk.page\/en\/wp-json\/wp\/v2\/listado_alfabetico?post=57464"}],"curies":[{"name":"wp","href":"https:\/\/api.w.org\/{rel}","templated":true}]}}