{"id":57466,"date":"2013-04-01T23:02:05","date_gmt":"2013-04-01T21:02:05","guid":{"rendered":"https:\/\/octaedro.com\/libro\/la-verdadera-historia-de-sant-jordi\/"},"modified":"2023-03-08T12:25:19","modified_gmt":"2023-03-08T11:25:19","slug":"la-verdadera-historia-de-sant-jordi-2","status":"publish","type":"product","link":"https:\/\/wizardly-davinci.82-223-8-23.plesk.page\/en\/producto\/la-verdadera-historia-de-sant-jordi-2\/","title":{"rendered":"La verdadera historia de Sant Jordi"},"content":{"rendered":"<p>Conoc\u00e9is la verdadera historia de Sant Jordi? M\u00e1s all\u00e1 de caballeros vigorosos y princesas fr\u00e1giles, la verdad sale a la luz, en primera persona, de la mano del protagonista que siempre ha estado silenciado, el drag\u00f3n.<br \/>\nUn drag\u00f3n que viv\u00eda en las monta\u00f1as de Montblanc, que era querido y visitado por los aldeanos. Hasta que un d\u00eda el rey Dico T\u00f3mico, que vigilaba la poblaci\u00f3n desde la torre de control, prohibi\u00f3 las visitas al monstruo y instaur\u00f3 un nuevo orden social. Los hombres y las mujeres tendr\u00edan unas tareas restringidas, obligatorias por su rol, y los que se resistieran a ello, acabar\u00edan entre rejas. Sin miedo a represalias, la hija del rey Dico T\u00f3mico, la princesa sin nombre, empez\u00f3 a visitar el drag\u00f3n, con el consecuente enfado del rey. Es ah\u00ed donde entra la figura del caballero Jordi, a quien recurre el monarca para luchar contra el drag\u00f3n y \u201csalvar\u201d la princesa rebelde. Ante la magnitud de la empresa que se le ha encargado, Jordi queda asustado. Qu\u00e9 reacci\u00f3n tendr\u00e1 el drag\u00f3n? Y la princesa sin nombre? Y color\u00edn colorado, \u00bfOtro cuento que se ha acabado?<br \/>\nUn trabajo de <span class=\"destacat\">Maria Oliva<\/span> y Monstruodoxa liberado con una licencia CC By-Sa para el d\u00eda de libro (Sant Jordi en Catalunya) de 2013.<\/p>\n","protected":false},"excerpt":{"rendered":"<p>Conoc\u00e9is la verdadera historia de Sant Jordi? M\u00e1s all\u00e1 de caballeros vigorosos y princesas fr\u00e1giles, la verdad sale a la luz, en primera persona, de la mano del protagonista que siempre ha estado silenciado, el drag\u00f3n.<br \/>\nUn drag\u00f3n que viv\u00eda en las monta\u00f1as de Montblanc, que era querido y visitado por los aldeanos. Hasta que un d\u00eda el rey Dico T\u00f3mico, que vigilaba la poblaci\u00f3n desde la torre de control, prohibi\u00f3 las visitas al monstruo y instaur\u00f3 un nuevo orden social. Los hombres y las mujeres tendr\u00edan unas tareas restringidas, obligatorias por su rol, y los que se resistieran a ello, acabar\u00edan entre rejas. Sin miedo a represalias, la hija del rey Dico T\u00f3mico, la princesa sin nombre, empez\u00f3 a visitar el drag\u00f3n, con el consecuente enfado del rey. Es ah\u00ed donde entra la figura del caballero Jordi, a quien recurre el monarca para luchar contra el drag\u00f3n y \u201csalvar\u201d la princesa rebelde. Ante la magnitud de la empresa que se le ha encargado, Jordi queda asustado. Qu\u00e9 reacci\u00f3n tendr\u00e1 el drag\u00f3n? Y la princesa sin nombre? Y color\u00edn colorado, \u00bfOtro cuento que se ha acabado?<br \/>\nUn trabajo de <span class=\"destacat\">Maria Oliva<\/span> y Monstruodoxa liberado con una licencia CC By-Sa para el d\u00eda de libro (Sant Jordi en Catalunya) de 2013.<\/p>\n","protected":false},"featured_media":57467,"comment_status":"open","ping_status":"closed","template":"","meta":{"_et_pb_use_builder":"","_et_pb_old_content":"","_et_gb_content_width":""},"product_cat":[11882,11859],"product_tag":[11860],"edicion":[11865],"editoriales":[14865],"tienda":[],"autor_id":[14709],"universidades_coeditoras":[],"palabras_clave":[],"listado_alfabetico":[],"acf":[],"_links":{"self":[{"href":"https:\/\/wizardly-davinci.82-223-8-23.plesk.page\/en\/wp-json\/wp\/v2\/product\/57466"}],"collection":[{"href":"https:\/\/wizardly-davinci.82-223-8-23.plesk.page\/en\/wp-json\/wp\/v2\/product"}],"about":[{"href":"https:\/\/wizardly-davinci.82-223-8-23.plesk.page\/en\/wp-json\/wp\/v2\/types\/product"}],"replies":[{"embeddable":true,"href":"https:\/\/wizardly-davinci.82-223-8-23.plesk.page\/en\/wp-json\/wp\/v2\/comments?post=57466"}],"wp:featuredmedia":[{"embeddable":true,"href":"https:\/\/wizardly-davinci.82-223-8-23.plesk.page\/en\/wp-json\/wp\/v2\/media\/57467"}],"wp:attachment":[{"href":"https:\/\/wizardly-davinci.82-223-8-23.plesk.page\/en\/wp-json\/wp\/v2\/media?parent=57466"}],"wp:term":[{"taxonomy":"product_cat","embeddable":true,"href":"https:\/\/wizardly-davinci.82-223-8-23.plesk.page\/en\/wp-json\/wp\/v2\/product_cat?post=57466"},{"taxonomy":"product_tag","embeddable":true,"href":"https:\/\/wizardly-davinci.82-223-8-23.plesk.page\/en\/wp-json\/wp\/v2\/product_tag?post=57466"},{"taxonomy":"edicion","embeddable":true,"href":"https:\/\/wizardly-davinci.82-223-8-23.plesk.page\/en\/wp-json\/wp\/v2\/edicion?post=57466"},{"taxonomy":"editoriales","embeddable":true,"href":"https:\/\/wizardly-davinci.82-223-8-23.plesk.page\/en\/wp-json\/wp\/v2\/editoriales?post=57466"},{"taxonomy":"tienda","embeddable":true,"href":"https:\/\/wizardly-davinci.82-223-8-23.plesk.page\/en\/wp-json\/wp\/v2\/tienda?post=57466"},{"taxonomy":"autor_id","embeddable":true,"href":"https:\/\/wizardly-davinci.82-223-8-23.plesk.page\/en\/wp-json\/wp\/v2\/autor_id?post=57466"},{"taxonomy":"universidades_coeditoras","embeddable":true,"href":"https:\/\/wizardly-davinci.82-223-8-23.plesk.page\/en\/wp-json\/wp\/v2\/universidades_coeditoras?post=57466"},{"taxonomy":"palabras_clave","embeddable":true,"href":"https:\/\/wizardly-davinci.82-223-8-23.plesk.page\/en\/wp-json\/wp\/v2\/palabras_clave?post=57466"},{"taxonomy":"listado_alfabetico","embeddable":true,"href":"https:\/\/wizardly-davinci.82-223-8-23.plesk.page\/en\/wp-json\/wp\/v2\/listado_alfabetico?post=57466"}],"curies":[{"name":"wp","href":"https:\/\/api.w.org\/{rel}","templated":true}]}}