{"id":57471,"date":"2012-12-01T12:02:05","date_gmt":"2012-12-01T11:02:05","guid":{"rendered":"https:\/\/octaedro.com\/libro\/pinceladas\/"},"modified":"2023-03-08T12:25:19","modified_gmt":"2023-03-08T11:25:19","slug":"pinceladas-2","status":"publish","type":"product","link":"https:\/\/wizardly-davinci.82-223-8-23.plesk.page\/en\/producto\/pinceladas-2\/","title":{"rendered":"Pinceladas"},"content":{"rendered":"<p>El Haiku es una peque\u00f1a estrofa que naci\u00f3 en Jap\u00f3n en el siglo XVII, aunque sus ra\u00edces son mucho m\u00e1s antiguas y profundas. Matsuo Bash\u00f4 (1644-1694), considerado como el primer gran maestro de este tipo de poes\u00eda, lo defini\u00f3 de la siguiente manera: \u201chaiku es simplemente lo que est\u00e1 sucediendo en este lugar, en este momento\u201d.<br \/>\nPinceladas s\u00f3n lugares y momentos captados por Elsa Pascual, palentina afincada en Menorca, d\u00f3nde se dej\u00f3 atraer por la luz del Mediterr\u00e1neo; e ilustrados por Montse Tobella, una barcelonesa dedicada y vivida a la ilustraci\u00f3n.<br \/>\nPinceladas capta el momento Mediterr\u00e1neo, lo escribe y lo ilustra.<\/p>\n","protected":false},"excerpt":{"rendered":"<p>El Haiku es una peque\u00f1a estrofa que naci\u00f3 en Jap\u00f3n en el siglo XVII, aunque sus ra\u00edces son mucho m\u00e1s antiguas y profundas. Matsuo Bash\u00f4 (1644-1694), considerado como el primer gran maestro de este tipo de poes\u00eda, lo defini\u00f3 de la siguiente manera: \u201chaiku es simplemente lo que est\u00e1 sucediendo en este lugar, en este momento\u201d.<br \/>\nPinceladas s\u00f3n lugares y momentos captados por Elsa Pascual, palentina afincada en Menorca, d\u00f3nde se dej\u00f3 atraer por la luz del Mediterr\u00e1neo; e ilustrados por Montse Tobella, una barcelonesa dedicada y vivida a la ilustraci\u00f3n.<br \/>\nPinceladas capta el momento Mediterr\u00e1neo, lo escribe y lo ilustra.<\/p>\n","protected":false},"featured_media":57472,"comment_status":"open","ping_status":"closed","template":"","meta":{"_et_pb_use_builder":"","_et_pb_old_content":"","_et_gb_content_width":""},"product_cat":[11882,11859],"product_tag":[11860],"edicion":[11865],"editoriales":[14865],"tienda":[],"autor_id":[20665,20666],"universidades_coeditoras":[],"palabras_clave":[],"listado_alfabetico":[],"acf":[],"_links":{"self":[{"href":"https:\/\/wizardly-davinci.82-223-8-23.plesk.page\/en\/wp-json\/wp\/v2\/product\/57471"}],"collection":[{"href":"https:\/\/wizardly-davinci.82-223-8-23.plesk.page\/en\/wp-json\/wp\/v2\/product"}],"about":[{"href":"https:\/\/wizardly-davinci.82-223-8-23.plesk.page\/en\/wp-json\/wp\/v2\/types\/product"}],"replies":[{"embeddable":true,"href":"https:\/\/wizardly-davinci.82-223-8-23.plesk.page\/en\/wp-json\/wp\/v2\/comments?post=57471"}],"wp:featuredmedia":[{"embeddable":true,"href":"https:\/\/wizardly-davinci.82-223-8-23.plesk.page\/en\/wp-json\/wp\/v2\/media\/57472"}],"wp:attachment":[{"href":"https:\/\/wizardly-davinci.82-223-8-23.plesk.page\/en\/wp-json\/wp\/v2\/media?parent=57471"}],"wp:term":[{"taxonomy":"product_cat","embeddable":true,"href":"https:\/\/wizardly-davinci.82-223-8-23.plesk.page\/en\/wp-json\/wp\/v2\/product_cat?post=57471"},{"taxonomy":"product_tag","embeddable":true,"href":"https:\/\/wizardly-davinci.82-223-8-23.plesk.page\/en\/wp-json\/wp\/v2\/product_tag?post=57471"},{"taxonomy":"edicion","embeddable":true,"href":"https:\/\/wizardly-davinci.82-223-8-23.plesk.page\/en\/wp-json\/wp\/v2\/edicion?post=57471"},{"taxonomy":"editoriales","embeddable":true,"href":"https:\/\/wizardly-davinci.82-223-8-23.plesk.page\/en\/wp-json\/wp\/v2\/editoriales?post=57471"},{"taxonomy":"tienda","embeddable":true,"href":"https:\/\/wizardly-davinci.82-223-8-23.plesk.page\/en\/wp-json\/wp\/v2\/tienda?post=57471"},{"taxonomy":"autor_id","embeddable":true,"href":"https:\/\/wizardly-davinci.82-223-8-23.plesk.page\/en\/wp-json\/wp\/v2\/autor_id?post=57471"},{"taxonomy":"universidades_coeditoras","embeddable":true,"href":"https:\/\/wizardly-davinci.82-223-8-23.plesk.page\/en\/wp-json\/wp\/v2\/universidades_coeditoras?post=57471"},{"taxonomy":"palabras_clave","embeddable":true,"href":"https:\/\/wizardly-davinci.82-223-8-23.plesk.page\/en\/wp-json\/wp\/v2\/palabras_clave?post=57471"},{"taxonomy":"listado_alfabetico","embeddable":true,"href":"https:\/\/wizardly-davinci.82-223-8-23.plesk.page\/en\/wp-json\/wp\/v2\/listado_alfabetico?post=57471"}],"curies":[{"name":"wp","href":"https:\/\/api.w.org\/{rel}","templated":true}]}}