{"id":57485,"date":"2000-04-09T23:02:02","date_gmt":"2000-04-09T21:02:02","guid":{"rendered":"https:\/\/octaedro.com\/libro\/exhibir-para-educar\/"},"modified":"2023-02-22T13:42:48","modified_gmt":"2023-02-22T12:42:48","slug":"exhibir-para-educar","status":"publish","type":"product","link":"https:\/\/wizardly-davinci.82-223-8-23.plesk.page\/en\/producto\/exhibir-para-educar\/","title":{"rendered":"Exhibir para educar"},"content":{"rendered":"<p>La presente obra aborda los procesos de integraci\u00f3n y exhibici\u00f3n de las principales colecciones muse\u00edsticas de la ciudad de M\u00e9xico, desde sus or\u00edgenes en el siglo XVIII, hasta las Fiestas del Centenario, en 1910.<br \/>\nEl per\u00edodo corresponde al de la cimentaci\u00f3n del M\u00e9xico independiente y, simult\u00e1neamente, al de la construcci\u00f3n de diversos saberes y especialidades, que poco a poco adquirieron carta de presentaci\u00f3n en el sistema educativo nacional.<br \/>\nEl trabajo se enmarca dentro de la Historia de la Educaci\u00f3n y, espec\u00edficamente, la de las instituciones educativas, pero sobre todo abre caminos para el an\u00e1lisis de las posibilidades de la educaci\u00f3n no formal en M\u00e9xico, una de las l\u00edneas de investigaci\u00f3n que est\u00e1 alcanzando notoriedad en algunas instituciones educativas mexicanas.<\/p>\n","protected":false},"excerpt":{"rendered":"<p>La presente obra aborda los procesos de integraci\u00f3n y exhibici\u00f3n de las principales colecciones muse\u00edsticas de la ciudad de M\u00e9xico, desde sus or\u00edgenes en el siglo XVIII, hasta las Fiestas del Centenario, en 1910.<br \/>\nEl per\u00edodo corresponde al de la cimentaci\u00f3n del M\u00e9xico independiente y, simult\u00e1neamente, al de la construcci\u00f3n de diversos saberes y especialidades, que poco a poco adquirieron carta de presentaci\u00f3n en el sistema educativo nacional.<br \/>\nEl trabajo se enmarca dentro de la Historia de la Educaci\u00f3n y, espec\u00edficamente, la de las instituciones educativas, pero sobre todo abre caminos para el an\u00e1lisis de las posibilidades de la educaci\u00f3n no formal en M\u00e9xico, una de las l\u00edneas de investigaci\u00f3n que est\u00e1 alcanzando notoriedad en algunas instituciones educativas mexicanas.<\/p>\n","protected":false},"featured_media":57491,"comment_status":"open","ping_status":"closed","template":"","meta":{"_et_pb_use_builder":"","_et_pb_old_content":"","_et_gb_content_width":""},"product_cat":[11882,11859],"product_tag":[],"edicion":[11865],"editoriales":[14862],"tienda":[],"autor_id":[14215],"universidades_coeditoras":[],"palabras_clave":[],"listado_alfabetico":[],"acf":[],"_links":{"self":[{"href":"https:\/\/wizardly-davinci.82-223-8-23.plesk.page\/en\/wp-json\/wp\/v2\/product\/57485"}],"collection":[{"href":"https:\/\/wizardly-davinci.82-223-8-23.plesk.page\/en\/wp-json\/wp\/v2\/product"}],"about":[{"href":"https:\/\/wizardly-davinci.82-223-8-23.plesk.page\/en\/wp-json\/wp\/v2\/types\/product"}],"replies":[{"embeddable":true,"href":"https:\/\/wizardly-davinci.82-223-8-23.plesk.page\/en\/wp-json\/wp\/v2\/comments?post=57485"}],"wp:featuredmedia":[{"embeddable":true,"href":"https:\/\/wizardly-davinci.82-223-8-23.plesk.page\/en\/wp-json\/wp\/v2\/media\/57491"}],"wp:attachment":[{"href":"https:\/\/wizardly-davinci.82-223-8-23.plesk.page\/en\/wp-json\/wp\/v2\/media?parent=57485"}],"wp:term":[{"taxonomy":"product_cat","embeddable":true,"href":"https:\/\/wizardly-davinci.82-223-8-23.plesk.page\/en\/wp-json\/wp\/v2\/product_cat?post=57485"},{"taxonomy":"product_tag","embeddable":true,"href":"https:\/\/wizardly-davinci.82-223-8-23.plesk.page\/en\/wp-json\/wp\/v2\/product_tag?post=57485"},{"taxonomy":"edicion","embeddable":true,"href":"https:\/\/wizardly-davinci.82-223-8-23.plesk.page\/en\/wp-json\/wp\/v2\/edicion?post=57485"},{"taxonomy":"editoriales","embeddable":true,"href":"https:\/\/wizardly-davinci.82-223-8-23.plesk.page\/en\/wp-json\/wp\/v2\/editoriales?post=57485"},{"taxonomy":"tienda","embeddable":true,"href":"https:\/\/wizardly-davinci.82-223-8-23.plesk.page\/en\/wp-json\/wp\/v2\/tienda?post=57485"},{"taxonomy":"autor_id","embeddable":true,"href":"https:\/\/wizardly-davinci.82-223-8-23.plesk.page\/en\/wp-json\/wp\/v2\/autor_id?post=57485"},{"taxonomy":"universidades_coeditoras","embeddable":true,"href":"https:\/\/wizardly-davinci.82-223-8-23.plesk.page\/en\/wp-json\/wp\/v2\/universidades_coeditoras?post=57485"},{"taxonomy":"palabras_clave","embeddable":true,"href":"https:\/\/wizardly-davinci.82-223-8-23.plesk.page\/en\/wp-json\/wp\/v2\/palabras_clave?post=57485"},{"taxonomy":"listado_alfabetico","embeddable":true,"href":"https:\/\/wizardly-davinci.82-223-8-23.plesk.page\/en\/wp-json\/wp\/v2\/listado_alfabetico?post=57485"}],"curies":[{"name":"wp","href":"https:\/\/api.w.org\/{rel}","templated":true}]}}