{"id":57501,"date":"2000-04-09T23:02:02","date_gmt":"2000-04-09T21:02:02","guid":{"rendered":"https:\/\/octaedro.com\/libro\/de-la-historia-oral-al-periodismo-literario\/"},"modified":"2023-02-22T13:42:54","modified_gmt":"2023-02-22T12:42:54","slug":"de-la-historia-oral-al-periodismo-literario","status":"publish","type":"product","link":"https:\/\/wizardly-davinci.82-223-8-23.plesk.page\/en\/producto\/de-la-historia-oral-al-periodismo-literario\/","title":{"rendered":"De la historia oral al periodismo literario"},"content":{"rendered":"<p>Esta investigaci\u00f3n parte de unos hechos reales ocurridos en 1963 en Carlos Greene, Tabasco (M\u00e9xico). El texto entra en el terreno f\u00e9rtil del periodismo literario y de su fuente principal: la historia oral. La obra muestra c\u00f3mo el periodismo diluye las fronteras y cruza sus propios l\u00edmites no s\u00f3lo para crearse en la historia, sino tambi\u00e9n para recrearse en la literatura. Desde lo acad\u00e9mico, el tema analiza las relaciones entre la ense\u00f1anza y la pr\u00e1ctica del periodismo, para mostrarnos los pr\u00e9stamos que \u00e9ste adquiere en su esfuerzo por enriquecerse como oficio. En lo latente, es una incitaci\u00f3n para el debate entre el docente y el periodista, para confrontarse en el desempe\u00f1o de n mismo quehacer: el periodismo. Es una obra que ense\u00f1a la metodolog\u00eda de la investigaci\u00f3n period\u00edstica y que ayuda al profesor, al estudiante y al profesional a reflexionar sobre la pr\u00e1ctica de su propio quehacer.<\/p>\n","protected":false},"excerpt":{"rendered":"<p>Esta investigaci\u00f3n parte de unos hechos reales ocurridos en 1963 en Carlos Greene, Tabasco (M\u00e9xico). El texto entra en el terreno f\u00e9rtil del periodismo literario y de su fuente principal: la historia oral. La obra muestra c\u00f3mo el periodismo diluye las fronteras y cruza sus propios l\u00edmites no s\u00f3lo para crearse en la historia, sino tambi\u00e9n para recrearse en la literatura. Desde lo acad\u00e9mico, el tema analiza las relaciones entre la ense\u00f1anza y la pr\u00e1ctica del periodismo, para mostrarnos los pr\u00e9stamos que \u00e9ste adquiere en su esfuerzo por enriquecerse como oficio. En lo latente, es una incitaci\u00f3n para el debate entre el docente y el periodista, para confrontarse en el desempe\u00f1o de n mismo quehacer: el periodismo. Es una obra que ense\u00f1a la metodolog\u00eda de la investigaci\u00f3n period\u00edstica y que ayuda al profesor, al estudiante y al profesional a reflexionar sobre la pr\u00e1ctica de su propio quehacer.<\/p>\n","protected":false},"featured_media":57516,"comment_status":"open","ping_status":"closed","template":"","meta":{"_et_pb_use_builder":"","_et_pb_old_content":"","_et_gb_content_width":""},"product_cat":[11882,11859],"product_tag":[],"edicion":[11865],"editoriales":[14862],"tienda":[],"autor_id":[20680],"universidades_coeditoras":[],"palabras_clave":[],"listado_alfabetico":[],"acf":[],"_links":{"self":[{"href":"https:\/\/wizardly-davinci.82-223-8-23.plesk.page\/en\/wp-json\/wp\/v2\/product\/57501"}],"collection":[{"href":"https:\/\/wizardly-davinci.82-223-8-23.plesk.page\/en\/wp-json\/wp\/v2\/product"}],"about":[{"href":"https:\/\/wizardly-davinci.82-223-8-23.plesk.page\/en\/wp-json\/wp\/v2\/types\/product"}],"replies":[{"embeddable":true,"href":"https:\/\/wizardly-davinci.82-223-8-23.plesk.page\/en\/wp-json\/wp\/v2\/comments?post=57501"}],"wp:featuredmedia":[{"embeddable":true,"href":"https:\/\/wizardly-davinci.82-223-8-23.plesk.page\/en\/wp-json\/wp\/v2\/media\/57516"}],"wp:attachment":[{"href":"https:\/\/wizardly-davinci.82-223-8-23.plesk.page\/en\/wp-json\/wp\/v2\/media?parent=57501"}],"wp:term":[{"taxonomy":"product_cat","embeddable":true,"href":"https:\/\/wizardly-davinci.82-223-8-23.plesk.page\/en\/wp-json\/wp\/v2\/product_cat?post=57501"},{"taxonomy":"product_tag","embeddable":true,"href":"https:\/\/wizardly-davinci.82-223-8-23.plesk.page\/en\/wp-json\/wp\/v2\/product_tag?post=57501"},{"taxonomy":"edicion","embeddable":true,"href":"https:\/\/wizardly-davinci.82-223-8-23.plesk.page\/en\/wp-json\/wp\/v2\/edicion?post=57501"},{"taxonomy":"editoriales","embeddable":true,"href":"https:\/\/wizardly-davinci.82-223-8-23.plesk.page\/en\/wp-json\/wp\/v2\/editoriales?post=57501"},{"taxonomy":"tienda","embeddable":true,"href":"https:\/\/wizardly-davinci.82-223-8-23.plesk.page\/en\/wp-json\/wp\/v2\/tienda?post=57501"},{"taxonomy":"autor_id","embeddable":true,"href":"https:\/\/wizardly-davinci.82-223-8-23.plesk.page\/en\/wp-json\/wp\/v2\/autor_id?post=57501"},{"taxonomy":"universidades_coeditoras","embeddable":true,"href":"https:\/\/wizardly-davinci.82-223-8-23.plesk.page\/en\/wp-json\/wp\/v2\/universidades_coeditoras?post=57501"},{"taxonomy":"palabras_clave","embeddable":true,"href":"https:\/\/wizardly-davinci.82-223-8-23.plesk.page\/en\/wp-json\/wp\/v2\/palabras_clave?post=57501"},{"taxonomy":"listado_alfabetico","embeddable":true,"href":"https:\/\/wizardly-davinci.82-223-8-23.plesk.page\/en\/wp-json\/wp\/v2\/listado_alfabetico?post=57501"}],"curies":[{"name":"wp","href":"https:\/\/api.w.org\/{rel}","templated":true}]}}