{"id":57511,"date":"2000-04-09T23:02:04","date_gmt":"2000-04-09T21:02:04","guid":{"rendered":"https:\/\/octaedro.com\/libro\/paradigmas-de-gobernacion-y-de-exclusion-social-en-la-educacion\/"},"modified":"2023-02-22T13:42:59","modified_gmt":"2023-02-22T12:42:59","slug":"paradigmas-de-gobernacion-y-de-exclusion-social-en-la-educacion-2","status":"publish","type":"product","link":"https:\/\/wizardly-davinci.82-223-8-23.plesk.page\/en\/producto\/paradigmas-de-gobernacion-y-de-exclusion-social-en-la-educacion-2\/","title":{"rendered":"Paradigmas de gobernaci\u00f3n y de exclusi\u00f3n social en la educaci\u00f3n"},"content":{"rendered":"<p>La exclusi\u00f3n social es un fen\u00f3meno muy complejo y relativamente reciente. Tiene que ver con las transformaciones que se est\u00e1n produciendo e la sociedad (globalizaci\u00f3n, sociedad del conocimiento y de la informaci\u00f3n, etc.), as\u00ed como con los procesos mediante los que las personas, o grupos de ellas, no tienen acceso, o s\u00f3lo un acceso restringido, a determinados derechos considerados como vitales para vivir con un m\u00ednimo de bienestar y seguridad, tales como el trabajo estable, la vivienda digna, la atenci\u00f3n sanitaria, la educaci\u00f3n, etc., que definen lo que se conoce como ciudadan\u00eda social. Este planteamiento va mas all\u00e1 de las promesas formales de las pol\u00edticas liberales del siglo XIX, formuladas a trav\u00e9s de grandes principios, como la libertad la igualdad.<\/p>\n","protected":false},"excerpt":{"rendered":"<p>La exclusi\u00f3n social es un fen\u00f3meno muy complejo y relativamente reciente. Tiene que ver con las transformaciones que se est\u00e1n produciendo e la sociedad (globalizaci\u00f3n, sociedad del conocimiento y de la informaci\u00f3n, etc.), as\u00ed como con los procesos mediante los que las personas, o grupos de ellas, no tienen acceso, o s\u00f3lo un acceso restringido, a determinados derechos considerados como vitales para vivir con un m\u00ednimo de bienestar y seguridad, tales como el trabajo estable, la vivienda digna, la atenci\u00f3n sanitaria, la educaci\u00f3n, etc., que definen lo que se conoce como ciudadan\u00eda social. Este planteamiento va mas all\u00e1 de las promesas formales de las pol\u00edticas liberales del siglo XIX, formuladas a trav\u00e9s de grandes principios, como la libertad la igualdad.<\/p>\n","protected":false},"featured_media":57514,"comment_status":"open","ping_status":"closed","template":"","meta":{"_et_pb_use_builder":"","_et_pb_old_content":"","_et_gb_content_width":""},"product_cat":[11882,11859],"product_tag":[],"edicion":[11865],"editoriales":[14862],"tienda":[],"autor_id":[14560],"universidades_coeditoras":[],"palabras_clave":[],"listado_alfabetico":[],"acf":[],"_links":{"self":[{"href":"https:\/\/wizardly-davinci.82-223-8-23.plesk.page\/en\/wp-json\/wp\/v2\/product\/57511"}],"collection":[{"href":"https:\/\/wizardly-davinci.82-223-8-23.plesk.page\/en\/wp-json\/wp\/v2\/product"}],"about":[{"href":"https:\/\/wizardly-davinci.82-223-8-23.plesk.page\/en\/wp-json\/wp\/v2\/types\/product"}],"replies":[{"embeddable":true,"href":"https:\/\/wizardly-davinci.82-223-8-23.plesk.page\/en\/wp-json\/wp\/v2\/comments?post=57511"}],"wp:featuredmedia":[{"embeddable":true,"href":"https:\/\/wizardly-davinci.82-223-8-23.plesk.page\/en\/wp-json\/wp\/v2\/media\/57514"}],"wp:attachment":[{"href":"https:\/\/wizardly-davinci.82-223-8-23.plesk.page\/en\/wp-json\/wp\/v2\/media?parent=57511"}],"wp:term":[{"taxonomy":"product_cat","embeddable":true,"href":"https:\/\/wizardly-davinci.82-223-8-23.plesk.page\/en\/wp-json\/wp\/v2\/product_cat?post=57511"},{"taxonomy":"product_tag","embeddable":true,"href":"https:\/\/wizardly-davinci.82-223-8-23.plesk.page\/en\/wp-json\/wp\/v2\/product_tag?post=57511"},{"taxonomy":"edicion","embeddable":true,"href":"https:\/\/wizardly-davinci.82-223-8-23.plesk.page\/en\/wp-json\/wp\/v2\/edicion?post=57511"},{"taxonomy":"editoriales","embeddable":true,"href":"https:\/\/wizardly-davinci.82-223-8-23.plesk.page\/en\/wp-json\/wp\/v2\/editoriales?post=57511"},{"taxonomy":"tienda","embeddable":true,"href":"https:\/\/wizardly-davinci.82-223-8-23.plesk.page\/en\/wp-json\/wp\/v2\/tienda?post=57511"},{"taxonomy":"autor_id","embeddable":true,"href":"https:\/\/wizardly-davinci.82-223-8-23.plesk.page\/en\/wp-json\/wp\/v2\/autor_id?post=57511"},{"taxonomy":"universidades_coeditoras","embeddable":true,"href":"https:\/\/wizardly-davinci.82-223-8-23.plesk.page\/en\/wp-json\/wp\/v2\/universidades_coeditoras?post=57511"},{"taxonomy":"palabras_clave","embeddable":true,"href":"https:\/\/wizardly-davinci.82-223-8-23.plesk.page\/en\/wp-json\/wp\/v2\/palabras_clave?post=57511"},{"taxonomy":"listado_alfabetico","embeddable":true,"href":"https:\/\/wizardly-davinci.82-223-8-23.plesk.page\/en\/wp-json\/wp\/v2\/listado_alfabetico?post=57511"}],"curies":[{"name":"wp","href":"https:\/\/api.w.org\/{rel}","templated":true}]}}