{"id":57513,"date":"2000-04-09T23:02:01","date_gmt":"2000-04-09T21:02:01","guid":{"rendered":"https:\/\/octaedro.com\/libro\/hacia-donde-va-el-curriculum\/"},"modified":"2023-02-22T13:42:59","modified_gmt":"2023-02-22T12:42:59","slug":"hacia-donde-va-el-curriculum-2","status":"publish","type":"product","link":"https:\/\/wizardly-davinci.82-223-8-23.plesk.page\/en\/producto\/hacia-donde-va-el-curriculum-2\/","title":{"rendered":"Hacia d\u00f3nde va el curriculum?"},"content":{"rendered":"<p>Compilaci\u00f3n de los estudios publicados en ingl\u00e9s en el Journal of Curriculum Studies sobre la teor\u00eda deliberadora del curr\u00edculum, generada a partir de las ideas del profesor estadounidense Joseph J. Schwab, junto con otros recientes escritos de William A. Reid, fundador de esta importante revista y de dos conocidos reputados autores hispanos. Esta obra pone al alcance del lector hispano la gran riqueza de posibilidades que la teor\u00eda deliberadora ha aportado y sigue aportando al curr\u00edculum. La teor\u00eda deliberadora plantea un marco desde el que abordar la cuesti\u00f3n de c\u00f3mo hacer las cosas, en un intento por construir sistemas escolares que reflejen e institucionalicen las &lt;&gt; de las diferentes comunidades, creando visiones diferentes de la educaci\u00f3n y vinculando el amplio sistema escolar con el trabajo cotidiano de la ense\u00f1anza.<\/p>\n","protected":false},"excerpt":{"rendered":"<p>Compilaci\u00f3n de los estudios publicados en ingl\u00e9s en el Journal of Curriculum Studies sobre la teor\u00eda deliberadora del curr\u00edculum, generada a partir de las ideas del profesor estadounidense Joseph J. Schwab, junto con otros recientes escritos de William A. Reid, fundador de esta importante revista y de dos conocidos reputados autores hispanos. Esta obra pone al alcance del lector hispano la gran riqueza de posibilidades que la teor\u00eda deliberadora ha aportado y sigue aportando al curr\u00edculum. La teor\u00eda deliberadora plantea un marco desde el que abordar la cuesti\u00f3n de c\u00f3mo hacer las cosas, en un intento por construir sistemas escolares que reflejen e institucionalicen las &lt;&gt; de las diferentes comunidades, creando visiones diferentes de la educaci\u00f3n y vinculando el amplio sistema escolar con el trabajo cotidiano de la ense\u00f1anza.<\/p>\n","protected":false},"featured_media":57526,"comment_status":"open","ping_status":"closed","template":"","meta":{"_et_pb_use_builder":"","_et_pb_old_content":"","_et_gb_content_width":""},"product_cat":[11882,11859],"product_tag":[],"edicion":[11865],"editoriales":[14862],"tienda":[],"autor_id":[20684],"universidades_coeditoras":[],"palabras_clave":[],"listado_alfabetico":[],"acf":[],"_links":{"self":[{"href":"https:\/\/wizardly-davinci.82-223-8-23.plesk.page\/en\/wp-json\/wp\/v2\/product\/57513"}],"collection":[{"href":"https:\/\/wizardly-davinci.82-223-8-23.plesk.page\/en\/wp-json\/wp\/v2\/product"}],"about":[{"href":"https:\/\/wizardly-davinci.82-223-8-23.plesk.page\/en\/wp-json\/wp\/v2\/types\/product"}],"replies":[{"embeddable":true,"href":"https:\/\/wizardly-davinci.82-223-8-23.plesk.page\/en\/wp-json\/wp\/v2\/comments?post=57513"}],"wp:featuredmedia":[{"embeddable":true,"href":"https:\/\/wizardly-davinci.82-223-8-23.plesk.page\/en\/wp-json\/wp\/v2\/media\/57526"}],"wp:attachment":[{"href":"https:\/\/wizardly-davinci.82-223-8-23.plesk.page\/en\/wp-json\/wp\/v2\/media?parent=57513"}],"wp:term":[{"taxonomy":"product_cat","embeddable":true,"href":"https:\/\/wizardly-davinci.82-223-8-23.plesk.page\/en\/wp-json\/wp\/v2\/product_cat?post=57513"},{"taxonomy":"product_tag","embeddable":true,"href":"https:\/\/wizardly-davinci.82-223-8-23.plesk.page\/en\/wp-json\/wp\/v2\/product_tag?post=57513"},{"taxonomy":"edicion","embeddable":true,"href":"https:\/\/wizardly-davinci.82-223-8-23.plesk.page\/en\/wp-json\/wp\/v2\/edicion?post=57513"},{"taxonomy":"editoriales","embeddable":true,"href":"https:\/\/wizardly-davinci.82-223-8-23.plesk.page\/en\/wp-json\/wp\/v2\/editoriales?post=57513"},{"taxonomy":"tienda","embeddable":true,"href":"https:\/\/wizardly-davinci.82-223-8-23.plesk.page\/en\/wp-json\/wp\/v2\/tienda?post=57513"},{"taxonomy":"autor_id","embeddable":true,"href":"https:\/\/wizardly-davinci.82-223-8-23.plesk.page\/en\/wp-json\/wp\/v2\/autor_id?post=57513"},{"taxonomy":"universidades_coeditoras","embeddable":true,"href":"https:\/\/wizardly-davinci.82-223-8-23.plesk.page\/en\/wp-json\/wp\/v2\/universidades_coeditoras?post=57513"},{"taxonomy":"palabras_clave","embeddable":true,"href":"https:\/\/wizardly-davinci.82-223-8-23.plesk.page\/en\/wp-json\/wp\/v2\/palabras_clave?post=57513"},{"taxonomy":"listado_alfabetico","embeddable":true,"href":"https:\/\/wizardly-davinci.82-223-8-23.plesk.page\/en\/wp-json\/wp\/v2\/listado_alfabetico?post=57513"}],"curies":[{"name":"wp","href":"https:\/\/api.w.org\/{rel}","templated":true}]}}