{"id":57521,"date":"2000-04-09T23:02:02","date_gmt":"2000-04-09T21:02:02","guid":{"rendered":"https:\/\/octaedro.com\/libro\/la-universidad-en-transformacion\/"},"modified":"2023-02-22T13:42:59","modified_gmt":"2023-02-22T12:42:59","slug":"la-universidad-en-transformacion-2","status":"publish","type":"product","link":"https:\/\/wizardly-davinci.82-223-8-23.plesk.page\/en\/producto\/la-universidad-en-transformacion-2\/","title":{"rendered":"La universidad en transformaci\u00f3n"},"content":{"rendered":"<p>La universidad se encuentra a las puertas de una serie de diversos futuros posibles, marcados por las tendencias y temas emergentes actuales, como el globalismo, el multiculturalismo, la virtualizaci\u00f3n y la politizaci\u00f3n. Esas tendencias cambiar\u00e1n espectacularmente la fisonom\u00eda de la universidad. El presente volumen, en el que intervienen autores procedentes de disciplinas variadas y al que se ha a\u00f1adido un estudio sobre la universidad latinoamericana, analiza cr\u00edticamente hacia d\u00f3nde nos conducen estas tendencias y cu\u00e1les ser\u00e1n los resultados m\u00e1s probables. Examina los futuros de la educaci\u00f3n superior tanto en occidente, como en el mundo no occidental, presenta las universidades alternativas y las transformaciones que muy probablemente le afectar\u00e1n. Impugna las suposiciones actuales y ofrece posibilidades alternativas en un compendio de ideas y visiones multiculturales y multidisciplinares de estudios sobre la universidad.<\/p>\n","protected":false},"excerpt":{"rendered":"<p>La universidad se encuentra a las puertas de una serie de diversos futuros posibles, marcados por las tendencias y temas emergentes actuales, como el globalismo, el multiculturalismo, la virtualizaci\u00f3n y la politizaci\u00f3n. Esas tendencias cambiar\u00e1n espectacularmente la fisonom\u00eda de la universidad. El presente volumen, en el que intervienen autores procedentes de disciplinas variadas y al que se ha a\u00f1adido un estudio sobre la universidad latinoamericana, analiza cr\u00edticamente hacia d\u00f3nde nos conducen estas tendencias y cu\u00e1les ser\u00e1n los resultados m\u00e1s probables. Examina los futuros de la educaci\u00f3n superior tanto en occidente, como en el mundo no occidental, presenta las universidades alternativas y las transformaciones que muy probablemente le afectar\u00e1n. Impugna las suposiciones actuales y ofrece posibilidades alternativas en un compendio de ideas y visiones multiculturales y multidisciplinares de estudios sobre la universidad.<\/p>\n","protected":false},"featured_media":57523,"comment_status":"open","ping_status":"closed","template":"","meta":{"_et_pb_use_builder":"","_et_pb_old_content":"","_et_gb_content_width":""},"product_cat":[11882,11859],"product_tag":[],"edicion":[11865],"editoriales":[14862],"tienda":[],"autor_id":[14369,14444],"universidades_coeditoras":[],"palabras_clave":[],"listado_alfabetico":[],"acf":[],"_links":{"self":[{"href":"https:\/\/wizardly-davinci.82-223-8-23.plesk.page\/en\/wp-json\/wp\/v2\/product\/57521"}],"collection":[{"href":"https:\/\/wizardly-davinci.82-223-8-23.plesk.page\/en\/wp-json\/wp\/v2\/product"}],"about":[{"href":"https:\/\/wizardly-davinci.82-223-8-23.plesk.page\/en\/wp-json\/wp\/v2\/types\/product"}],"replies":[{"embeddable":true,"href":"https:\/\/wizardly-davinci.82-223-8-23.plesk.page\/en\/wp-json\/wp\/v2\/comments?post=57521"}],"wp:featuredmedia":[{"embeddable":true,"href":"https:\/\/wizardly-davinci.82-223-8-23.plesk.page\/en\/wp-json\/wp\/v2\/media\/57523"}],"wp:attachment":[{"href":"https:\/\/wizardly-davinci.82-223-8-23.plesk.page\/en\/wp-json\/wp\/v2\/media?parent=57521"}],"wp:term":[{"taxonomy":"product_cat","embeddable":true,"href":"https:\/\/wizardly-davinci.82-223-8-23.plesk.page\/en\/wp-json\/wp\/v2\/product_cat?post=57521"},{"taxonomy":"product_tag","embeddable":true,"href":"https:\/\/wizardly-davinci.82-223-8-23.plesk.page\/en\/wp-json\/wp\/v2\/product_tag?post=57521"},{"taxonomy":"edicion","embeddable":true,"href":"https:\/\/wizardly-davinci.82-223-8-23.plesk.page\/en\/wp-json\/wp\/v2\/edicion?post=57521"},{"taxonomy":"editoriales","embeddable":true,"href":"https:\/\/wizardly-davinci.82-223-8-23.plesk.page\/en\/wp-json\/wp\/v2\/editoriales?post=57521"},{"taxonomy":"tienda","embeddable":true,"href":"https:\/\/wizardly-davinci.82-223-8-23.plesk.page\/en\/wp-json\/wp\/v2\/tienda?post=57521"},{"taxonomy":"autor_id","embeddable":true,"href":"https:\/\/wizardly-davinci.82-223-8-23.plesk.page\/en\/wp-json\/wp\/v2\/autor_id?post=57521"},{"taxonomy":"universidades_coeditoras","embeddable":true,"href":"https:\/\/wizardly-davinci.82-223-8-23.plesk.page\/en\/wp-json\/wp\/v2\/universidades_coeditoras?post=57521"},{"taxonomy":"palabras_clave","embeddable":true,"href":"https:\/\/wizardly-davinci.82-223-8-23.plesk.page\/en\/wp-json\/wp\/v2\/palabras_clave?post=57521"},{"taxonomy":"listado_alfabetico","embeddable":true,"href":"https:\/\/wizardly-davinci.82-223-8-23.plesk.page\/en\/wp-json\/wp\/v2\/listado_alfabetico?post=57521"}],"curies":[{"name":"wp","href":"https:\/\/api.w.org\/{rel}","templated":true}]}}