{"id":57538,"date":"2000-04-09T23:02:01","date_gmt":"2000-04-09T21:02:01","guid":{"rendered":"https:\/\/octaedro.com\/libro\/el-nuevo-orden-laboral\/"},"modified":"2023-02-22T13:43:04","modified_gmt":"2023-02-22T12:43:04","slug":"el-nuevo-orden-laboral-2","status":"publish","type":"product","link":"https:\/\/wizardly-davinci.82-223-8-23.plesk.page\/en\/producto\/el-nuevo-orden-laboral-2\/","title":{"rendered":"El nuevo orden laboral"},"content":{"rendered":"<p>El enfoque sociocultural de <span class=\"destacat\">El nuevo orden laboral<\/span> plantea una cr\u00edtica del neocapitalismo y del impacto que ejerce sobre la educaci\u00f3n. Los educadores deben procurar que los estudiantes comprendan la formaci\u00f3n de las identidades sociales y la naturaleza de las pr\u00e1cticas sociales en sus contextos culturales e hist\u00f3ricos m\u00e1s completos. Al incluir a las cuatro quintas partes de la poblaci\u00f3n empobrecidas por el neocapitalismo, los alumnos pueden comprender los sistemas complejos del nuevo mundo en un sentido m\u00e1s profundo delo que el neocapitalismo se atreve a hacer, lo que plantea agudos temas pol\u00edticos y morales y nos obliga a identificar los problemas de pobreza, hambre, desposesi\u00f3n, salud deficiente, subeducaci\u00f3n y derrota cr\u00f3nica y abordarlos a nivel global, a abrazar un neohumanismo, una perspectiva \u00e9tica que abarque a todos los despose\u00eddos y dependientes.<\/p>\n","protected":false},"excerpt":{"rendered":"<p>El enfoque sociocultural de <span class=\"destacat\">El nuevo orden laboral<\/span> plantea una cr\u00edtica del neocapitalismo y del impacto que ejerce sobre la educaci\u00f3n. Los educadores deben procurar que los estudiantes comprendan la formaci\u00f3n de las identidades sociales y la naturaleza de las pr\u00e1cticas sociales en sus contextos culturales e hist\u00f3ricos m\u00e1s completos. Al incluir a las cuatro quintas partes de la poblaci\u00f3n empobrecidas por el neocapitalismo, los alumnos pueden comprender los sistemas complejos del nuevo mundo en un sentido m\u00e1s profundo delo que el neocapitalismo se atreve a hacer, lo que plantea agudos temas pol\u00edticos y morales y nos obliga a identificar los problemas de pobreza, hambre, desposesi\u00f3n, salud deficiente, subeducaci\u00f3n y derrota cr\u00f3nica y abordarlos a nivel global, a abrazar un neohumanismo, una perspectiva \u00e9tica que abarque a todos los despose\u00eddos y dependientes.<\/p>\n","protected":false},"featured_media":57554,"comment_status":"open","ping_status":"closed","template":"","meta":{"_et_pb_use_builder":"","_et_pb_old_content":"","_et_gb_content_width":""},"product_cat":[11882,11859],"product_tag":[],"edicion":[11865],"editoriales":[14862],"tienda":[],"autor_id":[14454,14530,20692],"universidades_coeditoras":[],"palabras_clave":[],"listado_alfabetico":[],"acf":[],"_links":{"self":[{"href":"https:\/\/wizardly-davinci.82-223-8-23.plesk.page\/en\/wp-json\/wp\/v2\/product\/57538"}],"collection":[{"href":"https:\/\/wizardly-davinci.82-223-8-23.plesk.page\/en\/wp-json\/wp\/v2\/product"}],"about":[{"href":"https:\/\/wizardly-davinci.82-223-8-23.plesk.page\/en\/wp-json\/wp\/v2\/types\/product"}],"replies":[{"embeddable":true,"href":"https:\/\/wizardly-davinci.82-223-8-23.plesk.page\/en\/wp-json\/wp\/v2\/comments?post=57538"}],"wp:featuredmedia":[{"embeddable":true,"href":"https:\/\/wizardly-davinci.82-223-8-23.plesk.page\/en\/wp-json\/wp\/v2\/media\/57554"}],"wp:attachment":[{"href":"https:\/\/wizardly-davinci.82-223-8-23.plesk.page\/en\/wp-json\/wp\/v2\/media?parent=57538"}],"wp:term":[{"taxonomy":"product_cat","embeddable":true,"href":"https:\/\/wizardly-davinci.82-223-8-23.plesk.page\/en\/wp-json\/wp\/v2\/product_cat?post=57538"},{"taxonomy":"product_tag","embeddable":true,"href":"https:\/\/wizardly-davinci.82-223-8-23.plesk.page\/en\/wp-json\/wp\/v2\/product_tag?post=57538"},{"taxonomy":"edicion","embeddable":true,"href":"https:\/\/wizardly-davinci.82-223-8-23.plesk.page\/en\/wp-json\/wp\/v2\/edicion?post=57538"},{"taxonomy":"editoriales","embeddable":true,"href":"https:\/\/wizardly-davinci.82-223-8-23.plesk.page\/en\/wp-json\/wp\/v2\/editoriales?post=57538"},{"taxonomy":"tienda","embeddable":true,"href":"https:\/\/wizardly-davinci.82-223-8-23.plesk.page\/en\/wp-json\/wp\/v2\/tienda?post=57538"},{"taxonomy":"autor_id","embeddable":true,"href":"https:\/\/wizardly-davinci.82-223-8-23.plesk.page\/en\/wp-json\/wp\/v2\/autor_id?post=57538"},{"taxonomy":"universidades_coeditoras","embeddable":true,"href":"https:\/\/wizardly-davinci.82-223-8-23.plesk.page\/en\/wp-json\/wp\/v2\/universidades_coeditoras?post=57538"},{"taxonomy":"palabras_clave","embeddable":true,"href":"https:\/\/wizardly-davinci.82-223-8-23.plesk.page\/en\/wp-json\/wp\/v2\/palabras_clave?post=57538"},{"taxonomy":"listado_alfabetico","embeddable":true,"href":"https:\/\/wizardly-davinci.82-223-8-23.plesk.page\/en\/wp-json\/wp\/v2\/listado_alfabetico?post=57538"}],"curies":[{"name":"wp","href":"https:\/\/api.w.org\/{rel}","templated":true}]}}