{"id":57546,"date":"2000-04-09T23:02:02","date_gmt":"2000-04-09T21:02:02","guid":{"rendered":"https:\/\/octaedro.com\/libro\/la-escuela-moderna-revista-pedagogica-hispano-amaericana-1891-1934\/"},"modified":"2023-02-22T13:43:04","modified_gmt":"2023-02-22T12:43:04","slug":"la-escuela-moderna-revista-pedagogica-hispano-amaericana-1891-1934-2","status":"publish","type":"product","link":"https:\/\/wizardly-davinci.82-223-8-23.plesk.page\/en\/producto\/la-escuela-moderna-revista-pedagogica-hispano-amaericana-1891-1934-2\/","title":{"rendered":"La escuela moderna. Revista pedag\u00f3gica hispano-amaericana (1891-1934)"},"content":{"rendered":"<p>Esta obra presenta la g\u00e9nesis y evoluci\u00f3n de una de las revistas m\u00e1s importantes para la historia de la educaci\u00f3n espa\u00f1ola e hispanoamericana: La Escuela Moderna, fundada por el pedagogo espa\u00f1ol Pedro de Alc\u00e1ntara Garc\u00eda en 1891 y que termin\u00f3 su historia en 1934, bajo la direcci\u00f3n de otro maestro ilustre, l\u00edder del magisterio primario espa\u00f1ol, el gallego Gerardo Rodr\u00edguez. La Escuela Moderna represent\u00f3 una voz importante a la hora de proponer reformas. Fue \u00f3rgano y veh\u00edculo de difusi\u00f3n de los nuevos principios, m\u00e9todos y tendencias de la Pedagog\u00eda moderna y medio de transmisi\u00f3n de ideas nuevas, de intercambio de pr\u00e1cticas y opiniones y de actualizaci\u00f3n pedag\u00f3gica del magisterio primario espa\u00f1ol. El libro incluye un CD ROM en el que se encuentra organizado el \u00edndice cronol\u00f3gico de todos los art\u00edculos, apartados y secciones aparecidos a lo largo de los cuarenta y cuatro a\u00f1os de vida de La Escuela Moderna.<\/p>\n","protected":false},"excerpt":{"rendered":"<p>Esta obra presenta la g\u00e9nesis y evoluci\u00f3n de una de las revistas m\u00e1s importantes para la historia de la educaci\u00f3n espa\u00f1ola e hispanoamericana: La Escuela Moderna, fundada por el pedagogo espa\u00f1ol Pedro de Alc\u00e1ntara Garc\u00eda en 1891 y que termin\u00f3 su historia en 1934, bajo la direcci\u00f3n de otro maestro ilustre, l\u00edder del magisterio primario espa\u00f1ol, el gallego Gerardo Rodr\u00edguez. La Escuela Moderna represent\u00f3 una voz importante a la hora de proponer reformas. Fue \u00f3rgano y veh\u00edculo de difusi\u00f3n de los nuevos principios, m\u00e9todos y tendencias de la Pedagog\u00eda moderna y medio de transmisi\u00f3n de ideas nuevas, de intercambio de pr\u00e1cticas y opiniones y de actualizaci\u00f3n pedag\u00f3gica del magisterio primario espa\u00f1ol. El libro incluye un CD ROM en el que se encuentra organizado el \u00edndice cronol\u00f3gico de todos los art\u00edculos, apartados y secciones aparecidos a lo largo de los cuarenta y cuatro a\u00f1os de vida de La Escuela Moderna.<\/p>\n","protected":false},"featured_media":57548,"comment_status":"open","ping_status":"closed","template":"","meta":{"_et_pb_use_builder":"","_et_pb_old_content":"","_et_gb_content_width":""},"product_cat":[11882,11859],"product_tag":[],"edicion":[11865],"editoriales":[14862],"tienda":[],"autor_id":[14715],"universidades_coeditoras":[],"palabras_clave":[],"listado_alfabetico":[],"acf":[],"_links":{"self":[{"href":"https:\/\/wizardly-davinci.82-223-8-23.plesk.page\/en\/wp-json\/wp\/v2\/product\/57546"}],"collection":[{"href":"https:\/\/wizardly-davinci.82-223-8-23.plesk.page\/en\/wp-json\/wp\/v2\/product"}],"about":[{"href":"https:\/\/wizardly-davinci.82-223-8-23.plesk.page\/en\/wp-json\/wp\/v2\/types\/product"}],"replies":[{"embeddable":true,"href":"https:\/\/wizardly-davinci.82-223-8-23.plesk.page\/en\/wp-json\/wp\/v2\/comments?post=57546"}],"wp:featuredmedia":[{"embeddable":true,"href":"https:\/\/wizardly-davinci.82-223-8-23.plesk.page\/en\/wp-json\/wp\/v2\/media\/57548"}],"wp:attachment":[{"href":"https:\/\/wizardly-davinci.82-223-8-23.plesk.page\/en\/wp-json\/wp\/v2\/media?parent=57546"}],"wp:term":[{"taxonomy":"product_cat","embeddable":true,"href":"https:\/\/wizardly-davinci.82-223-8-23.plesk.page\/en\/wp-json\/wp\/v2\/product_cat?post=57546"},{"taxonomy":"product_tag","embeddable":true,"href":"https:\/\/wizardly-davinci.82-223-8-23.plesk.page\/en\/wp-json\/wp\/v2\/product_tag?post=57546"},{"taxonomy":"edicion","embeddable":true,"href":"https:\/\/wizardly-davinci.82-223-8-23.plesk.page\/en\/wp-json\/wp\/v2\/edicion?post=57546"},{"taxonomy":"editoriales","embeddable":true,"href":"https:\/\/wizardly-davinci.82-223-8-23.plesk.page\/en\/wp-json\/wp\/v2\/editoriales?post=57546"},{"taxonomy":"tienda","embeddable":true,"href":"https:\/\/wizardly-davinci.82-223-8-23.plesk.page\/en\/wp-json\/wp\/v2\/tienda?post=57546"},{"taxonomy":"autor_id","embeddable":true,"href":"https:\/\/wizardly-davinci.82-223-8-23.plesk.page\/en\/wp-json\/wp\/v2\/autor_id?post=57546"},{"taxonomy":"universidades_coeditoras","embeddable":true,"href":"https:\/\/wizardly-davinci.82-223-8-23.plesk.page\/en\/wp-json\/wp\/v2\/universidades_coeditoras?post=57546"},{"taxonomy":"palabras_clave","embeddable":true,"href":"https:\/\/wizardly-davinci.82-223-8-23.plesk.page\/en\/wp-json\/wp\/v2\/palabras_clave?post=57546"},{"taxonomy":"listado_alfabetico","embeddable":true,"href":"https:\/\/wizardly-davinci.82-223-8-23.plesk.page\/en\/wp-json\/wp\/v2\/listado_alfabetico?post=57546"}],"curies":[{"name":"wp","href":"https:\/\/api.w.org\/{rel}","templated":true}]}}