{"id":57562,"date":"2000-04-09T23:01:59","date_gmt":"2000-04-09T21:01:59","guid":{"rendered":"https:\/\/octaedro.com\/libro\/convergencias-y-divergencias-en-los-sistemas-europeos-de-educacion-y-formacion-profesional\/"},"modified":"2023-02-22T13:43:10","modified_gmt":"2023-02-22T12:43:10","slug":"convergencias-y-divergencias-en-los-sistemas-europeos-de-educacion-y-formacion-profesional-2","status":"publish","type":"product","link":"https:\/\/wizardly-davinci.82-223-8-23.plesk.page\/en\/producto\/convergencias-y-divergencias-en-los-sistemas-europeos-de-educacion-y-formacion-profesional-2\/","title":{"rendered":"Convergencias y divergencias en los sistemas europeos de educaci\u00f3n y formaci\u00f3n profesional"},"content":{"rendered":"<p>Este libro, escrito desde uno de los centros emblem\u00e1ticos de la ense\u00f1anza y la investigaci\u00f3n educativa europea, el Institute of Education, de la Universidad de Londres, analiza las convergencias y divergencias de los quince estados miembros de la UE, as\u00ed como las tendencias de sus sistemas de educaci\u00f3n y formaci\u00f3n profesional. Estas tendencias comunes exigen a los Estos de la UE afrontas temas como el desarrollo de las nuevas tecnolog\u00edas, los efectos de la globalizaci\u00f3n econ\u00f3mica y la liberaci\u00f3n de los mercados de bienes, capitales y servicios, el desempleo juvenil, la reestructuraci\u00f3n de los mercados laborales y los cambios demogr\u00e1ficos y en las actitudes sociales. Todos estos factores se han conjuntado para aumentar las demandas planteadas a los sistemas de educaci\u00f3n y formaci\u00f3n profesional, al tiempo que los gobiernos, sometidos a crecientes limitaciones presupuestarias han buscado nuevas formas de mejorar la eficiencia de sus servicios y de aumentar su alcance y calidad, sin incrementar costes.<\/p>\n","protected":false},"excerpt":{"rendered":"<p>Este libro, escrito desde uno de los centros emblem\u00e1ticos de la ense\u00f1anza y la investigaci\u00f3n educativa europea, el Institute of Education, de la Universidad de Londres, analiza las convergencias y divergencias de los quince estados miembros de la UE, as\u00ed como las tendencias de sus sistemas de educaci\u00f3n y formaci\u00f3n profesional. Estas tendencias comunes exigen a los Estos de la UE afrontas temas como el desarrollo de las nuevas tecnolog\u00edas, los efectos de la globalizaci\u00f3n econ\u00f3mica y la liberaci\u00f3n de los mercados de bienes, capitales y servicios, el desempleo juvenil, la reestructuraci\u00f3n de los mercados laborales y los cambios demogr\u00e1ficos y en las actitudes sociales. Todos estos factores se han conjuntado para aumentar las demandas planteadas a los sistemas de educaci\u00f3n y formaci\u00f3n profesional, al tiempo que los gobiernos, sometidos a crecientes limitaciones presupuestarias han buscado nuevas formas de mejorar la eficiencia de sus servicios y de aumentar su alcance y calidad, sin incrementar costes.<\/p>\n","protected":false},"featured_media":57578,"comment_status":"open","ping_status":"closed","template":"","meta":{"_et_pb_use_builder":"","_et_pb_old_content":"","_et_gb_content_width":""},"product_cat":[11882,11859],"product_tag":[],"edicion":[11865],"editoriales":[14862],"tienda":[],"autor_id":[14364,14521,20699],"universidades_coeditoras":[],"palabras_clave":[],"listado_alfabetico":[],"acf":[],"_links":{"self":[{"href":"https:\/\/wizardly-davinci.82-223-8-23.plesk.page\/en\/wp-json\/wp\/v2\/product\/57562"}],"collection":[{"href":"https:\/\/wizardly-davinci.82-223-8-23.plesk.page\/en\/wp-json\/wp\/v2\/product"}],"about":[{"href":"https:\/\/wizardly-davinci.82-223-8-23.plesk.page\/en\/wp-json\/wp\/v2\/types\/product"}],"replies":[{"embeddable":true,"href":"https:\/\/wizardly-davinci.82-223-8-23.plesk.page\/en\/wp-json\/wp\/v2\/comments?post=57562"}],"wp:featuredmedia":[{"embeddable":true,"href":"https:\/\/wizardly-davinci.82-223-8-23.plesk.page\/en\/wp-json\/wp\/v2\/media\/57578"}],"wp:attachment":[{"href":"https:\/\/wizardly-davinci.82-223-8-23.plesk.page\/en\/wp-json\/wp\/v2\/media?parent=57562"}],"wp:term":[{"taxonomy":"product_cat","embeddable":true,"href":"https:\/\/wizardly-davinci.82-223-8-23.plesk.page\/en\/wp-json\/wp\/v2\/product_cat?post=57562"},{"taxonomy":"product_tag","embeddable":true,"href":"https:\/\/wizardly-davinci.82-223-8-23.plesk.page\/en\/wp-json\/wp\/v2\/product_tag?post=57562"},{"taxonomy":"edicion","embeddable":true,"href":"https:\/\/wizardly-davinci.82-223-8-23.plesk.page\/en\/wp-json\/wp\/v2\/edicion?post=57562"},{"taxonomy":"editoriales","embeddable":true,"href":"https:\/\/wizardly-davinci.82-223-8-23.plesk.page\/en\/wp-json\/wp\/v2\/editoriales?post=57562"},{"taxonomy":"tienda","embeddable":true,"href":"https:\/\/wizardly-davinci.82-223-8-23.plesk.page\/en\/wp-json\/wp\/v2\/tienda?post=57562"},{"taxonomy":"autor_id","embeddable":true,"href":"https:\/\/wizardly-davinci.82-223-8-23.plesk.page\/en\/wp-json\/wp\/v2\/autor_id?post=57562"},{"taxonomy":"universidades_coeditoras","embeddable":true,"href":"https:\/\/wizardly-davinci.82-223-8-23.plesk.page\/en\/wp-json\/wp\/v2\/universidades_coeditoras?post=57562"},{"taxonomy":"palabras_clave","embeddable":true,"href":"https:\/\/wizardly-davinci.82-223-8-23.plesk.page\/en\/wp-json\/wp\/v2\/palabras_clave?post=57562"},{"taxonomy":"listado_alfabetico","embeddable":true,"href":"https:\/\/wizardly-davinci.82-223-8-23.plesk.page\/en\/wp-json\/wp\/v2\/listado_alfabetico?post=57562"}],"curies":[{"name":"wp","href":"https:\/\/api.w.org\/{rel}","templated":true}]}}