{"id":57568,"date":"2000-04-09T23:02:02","date_gmt":"2000-04-09T21:02:02","guid":{"rendered":"https:\/\/octaedro.com\/libro\/igualdad-de-oportunidades-educativas\/"},"modified":"2023-02-22T13:43:10","modified_gmt":"2023-02-22T12:43:10","slug":"igualdad-de-oportunidades-educativas-2","status":"publish","type":"product","link":"https:\/\/wizardly-davinci.82-223-8-23.plesk.page\/en\/producto\/igualdad-de-oportunidades-educativas-2\/","title":{"rendered":"Igualdad de oportunidades educativas"},"content":{"rendered":"<p>El an\u00e1lisis de la pol\u00edtica educativa no ha sido tan explorado como otras pol\u00edticas p\u00fablicas, sociales y del Estado de bienestar. <span class=\"destacat\">Mar\u00eda Fern\u00e1ndez Mellizo-Soto<\/span> sit\u00faa el papel redistributivo de las pol\u00edticas educativas en el centro de atenci\u00f3n de sus an\u00e1lisis. En este libro, realiza una reconstrucci\u00f3n muy minuciosa y sagaz de las pol\u00edticas educativas socialistas en Francia y en Espa\u00f1a, atendiendo a las preferencias de sus respectivos gobiernos, as\u00ed como a los contextos institucionales y electorales en los que actuaron. Tras constatar las diferencias entre las experiencias y las actitudes socialistas espa\u00f1ola y francesa e cuanto al dise\u00f1o de sus pol\u00edticas educativas, la autora destaca la importancia de determinados factores de la naturaleza pol\u00edtica, tales como las preferencia, los c\u00e1lculos electorales, el di\u00e1logo y las estrategias de disminuci\u00f3n de resistencias que idean los gobernantes a la hora de poner en marcha sus reformas educativas y que determina su \u00e9xito o fracaso.<\/p>\n","protected":false},"excerpt":{"rendered":"<p>El an\u00e1lisis de la pol\u00edtica educativa no ha sido tan explorado como otras pol\u00edticas p\u00fablicas, sociales y del Estado de bienestar. <span class=\"destacat\">Mar\u00eda Fern\u00e1ndez Mellizo-Soto<\/span> sit\u00faa el papel redistributivo de las pol\u00edticas educativas en el centro de atenci\u00f3n de sus an\u00e1lisis. En este libro, realiza una reconstrucci\u00f3n muy minuciosa y sagaz de las pol\u00edticas educativas socialistas en Francia y en Espa\u00f1a, atendiendo a las preferencias de sus respectivos gobiernos, as\u00ed como a los contextos institucionales y electorales en los que actuaron. Tras constatar las diferencias entre las experiencias y las actitudes socialistas espa\u00f1ola y francesa e cuanto al dise\u00f1o de sus pol\u00edticas educativas, la autora destaca la importancia de determinados factores de la naturaleza pol\u00edtica, tales como las preferencia, los c\u00e1lculos electorales, el di\u00e1logo y las estrategias de disminuci\u00f3n de resistencias que idean los gobernantes a la hora de poner en marcha sus reformas educativas y que determina su \u00e9xito o fracaso.<\/p>\n","protected":false},"featured_media":57570,"comment_status":"open","ping_status":"closed","template":"","meta":{"_et_pb_use_builder":"","_et_pb_old_content":"","_et_gb_content_width":""},"product_cat":[11882,11859],"product_tag":[],"edicion":[11865],"editoriales":[14862],"tienda":[],"autor_id":[14229],"universidades_coeditoras":[],"palabras_clave":[],"listado_alfabetico":[],"acf":[],"_links":{"self":[{"href":"https:\/\/wizardly-davinci.82-223-8-23.plesk.page\/en\/wp-json\/wp\/v2\/product\/57568"}],"collection":[{"href":"https:\/\/wizardly-davinci.82-223-8-23.plesk.page\/en\/wp-json\/wp\/v2\/product"}],"about":[{"href":"https:\/\/wizardly-davinci.82-223-8-23.plesk.page\/en\/wp-json\/wp\/v2\/types\/product"}],"replies":[{"embeddable":true,"href":"https:\/\/wizardly-davinci.82-223-8-23.plesk.page\/en\/wp-json\/wp\/v2\/comments?post=57568"}],"wp:featuredmedia":[{"embeddable":true,"href":"https:\/\/wizardly-davinci.82-223-8-23.plesk.page\/en\/wp-json\/wp\/v2\/media\/57570"}],"wp:attachment":[{"href":"https:\/\/wizardly-davinci.82-223-8-23.plesk.page\/en\/wp-json\/wp\/v2\/media?parent=57568"}],"wp:term":[{"taxonomy":"product_cat","embeddable":true,"href":"https:\/\/wizardly-davinci.82-223-8-23.plesk.page\/en\/wp-json\/wp\/v2\/product_cat?post=57568"},{"taxonomy":"product_tag","embeddable":true,"href":"https:\/\/wizardly-davinci.82-223-8-23.plesk.page\/en\/wp-json\/wp\/v2\/product_tag?post=57568"},{"taxonomy":"edicion","embeddable":true,"href":"https:\/\/wizardly-davinci.82-223-8-23.plesk.page\/en\/wp-json\/wp\/v2\/edicion?post=57568"},{"taxonomy":"editoriales","embeddable":true,"href":"https:\/\/wizardly-davinci.82-223-8-23.plesk.page\/en\/wp-json\/wp\/v2\/editoriales?post=57568"},{"taxonomy":"tienda","embeddable":true,"href":"https:\/\/wizardly-davinci.82-223-8-23.plesk.page\/en\/wp-json\/wp\/v2\/tienda?post=57568"},{"taxonomy":"autor_id","embeddable":true,"href":"https:\/\/wizardly-davinci.82-223-8-23.plesk.page\/en\/wp-json\/wp\/v2\/autor_id?post=57568"},{"taxonomy":"universidades_coeditoras","embeddable":true,"href":"https:\/\/wizardly-davinci.82-223-8-23.plesk.page\/en\/wp-json\/wp\/v2\/universidades_coeditoras?post=57568"},{"taxonomy":"palabras_clave","embeddable":true,"href":"https:\/\/wizardly-davinci.82-223-8-23.plesk.page\/en\/wp-json\/wp\/v2\/palabras_clave?post=57568"},{"taxonomy":"listado_alfabetico","embeddable":true,"href":"https:\/\/wizardly-davinci.82-223-8-23.plesk.page\/en\/wp-json\/wp\/v2\/listado_alfabetico?post=57568"}],"curies":[{"name":"wp","href":"https:\/\/api.w.org\/{rel}","templated":true}]}}