{"id":57582,"date":"2000-04-09T23:01:59","date_gmt":"2000-04-09T21:01:59","guid":{"rendered":"https:\/\/octaedro.com\/libro\/teoria-social-y-politica-educativa\/"},"modified":"2023-02-22T13:43:15","modified_gmt":"2023-02-22T12:43:15","slug":"teoria-social-y-politica-educativa-2","status":"publish","type":"product","link":"https:\/\/wizardly-davinci.82-223-8-23.plesk.page\/en\/producto\/teoria-social-y-politica-educativa-2\/","title":{"rendered":"Teor\u00eda social y pol\u00edtica educativa"},"content":{"rendered":"<p>A partir del sistema educativo brit\u00e1nico y de las reformas del thatcherismo, el autor contextualiza los cambios introducidos en el curr\u00edculum y el conocimiento escolar, la calidad y mejora educativas, el protagonismo de padres y madres y la situaci\u00f3n de la profesi\u00f3n docente, redefinidos por las reformas neoliberales. Ante la introducci\u00f3n en el sector educativo de mecanismos similares a los del mercado (los quasi mercados), se propugnan reformas educativas para crear una sociedad m\u00e1s igualitaria, que combinen las pol\u00edticas de reconocimiento con las redistribuci\u00f3n, sit\u00faen la justicia social en el n\u00facleo de la agenda educativa y produzcan una re-ordenaci\u00f3n del profesionalismo docente que permita utilizar la experiencia profesional para vincularla con un nuevo proyecto democr\u00e1tico dentro del Estado, la sociedad civil y los derechos de los ciudadanos.<\/p>\n","protected":false},"excerpt":{"rendered":"<p>A partir del sistema educativo brit\u00e1nico y de las reformas del thatcherismo, el autor contextualiza los cambios introducidos en el curr\u00edculum y el conocimiento escolar, la calidad y mejora educativas, el protagonismo de padres y madres y la situaci\u00f3n de la profesi\u00f3n docente, redefinidos por las reformas neoliberales. Ante la introducci\u00f3n en el sector educativo de mecanismos similares a los del mercado (los quasi mercados), se propugnan reformas educativas para crear una sociedad m\u00e1s igualitaria, que combinen las pol\u00edticas de reconocimiento con las redistribuci\u00f3n, sit\u00faen la justicia social en el n\u00facleo de la agenda educativa y produzcan una re-ordenaci\u00f3n del profesionalismo docente que permita utilizar la experiencia profesional para vincularla con un nuevo proyecto democr\u00e1tico dentro del Estado, la sociedad civil y los derechos de los ciudadanos.<\/p>\n","protected":false},"featured_media":57591,"comment_status":"open","ping_status":"closed","template":"","meta":{"_et_pb_use_builder":"","_et_pb_old_content":"","_et_gb_content_width":""},"product_cat":[11882,11859],"product_tag":[],"edicion":[11865],"editoriales":[14862],"tienda":[],"autor_id":[20705],"universidades_coeditoras":[],"palabras_clave":[],"listado_alfabetico":[],"acf":[],"_links":{"self":[{"href":"https:\/\/wizardly-davinci.82-223-8-23.plesk.page\/en\/wp-json\/wp\/v2\/product\/57582"}],"collection":[{"href":"https:\/\/wizardly-davinci.82-223-8-23.plesk.page\/en\/wp-json\/wp\/v2\/product"}],"about":[{"href":"https:\/\/wizardly-davinci.82-223-8-23.plesk.page\/en\/wp-json\/wp\/v2\/types\/product"}],"replies":[{"embeddable":true,"href":"https:\/\/wizardly-davinci.82-223-8-23.plesk.page\/en\/wp-json\/wp\/v2\/comments?post=57582"}],"wp:featuredmedia":[{"embeddable":true,"href":"https:\/\/wizardly-davinci.82-223-8-23.plesk.page\/en\/wp-json\/wp\/v2\/media\/57591"}],"wp:attachment":[{"href":"https:\/\/wizardly-davinci.82-223-8-23.plesk.page\/en\/wp-json\/wp\/v2\/media?parent=57582"}],"wp:term":[{"taxonomy":"product_cat","embeddable":true,"href":"https:\/\/wizardly-davinci.82-223-8-23.plesk.page\/en\/wp-json\/wp\/v2\/product_cat?post=57582"},{"taxonomy":"product_tag","embeddable":true,"href":"https:\/\/wizardly-davinci.82-223-8-23.plesk.page\/en\/wp-json\/wp\/v2\/product_tag?post=57582"},{"taxonomy":"edicion","embeddable":true,"href":"https:\/\/wizardly-davinci.82-223-8-23.plesk.page\/en\/wp-json\/wp\/v2\/edicion?post=57582"},{"taxonomy":"editoriales","embeddable":true,"href":"https:\/\/wizardly-davinci.82-223-8-23.plesk.page\/en\/wp-json\/wp\/v2\/editoriales?post=57582"},{"taxonomy":"tienda","embeddable":true,"href":"https:\/\/wizardly-davinci.82-223-8-23.plesk.page\/en\/wp-json\/wp\/v2\/tienda?post=57582"},{"taxonomy":"autor_id","embeddable":true,"href":"https:\/\/wizardly-davinci.82-223-8-23.plesk.page\/en\/wp-json\/wp\/v2\/autor_id?post=57582"},{"taxonomy":"universidades_coeditoras","embeddable":true,"href":"https:\/\/wizardly-davinci.82-223-8-23.plesk.page\/en\/wp-json\/wp\/v2\/universidades_coeditoras?post=57582"},{"taxonomy":"palabras_clave","embeddable":true,"href":"https:\/\/wizardly-davinci.82-223-8-23.plesk.page\/en\/wp-json\/wp\/v2\/palabras_clave?post=57582"},{"taxonomy":"listado_alfabetico","embeddable":true,"href":"https:\/\/wizardly-davinci.82-223-8-23.plesk.page\/en\/wp-json\/wp\/v2\/listado_alfabetico?post=57582"}],"curies":[{"name":"wp","href":"https:\/\/api.w.org\/{rel}","templated":true}]}}