{"id":57583,"date":"2000-04-09T23:02:03","date_gmt":"2000-04-09T21:02:03","guid":{"rendered":"https:\/\/octaedro.com\/libro\/el-naufragio-de-la-universidad\/"},"modified":"2023-02-22T13:43:15","modified_gmt":"2023-02-22T12:43:15","slug":"el-naufragio-de-la-universidad-2","status":"publish","type":"product","link":"https:\/\/wizardly-davinci.82-223-8-23.plesk.page\/en\/producto\/el-naufragio-de-la-universidad-2\/","title":{"rendered":"El naufragio de la universidad"},"content":{"rendered":"<p>No hay reforma m\u00e1s urgente que la de la universidad. Peo lo que no necesita la universidad es una reforma que tambi\u00e9n parezca irremediablemente destinada al fracaso. \u00bfno es ese el efecto de la profunda fosa que se ha abierto entre el ideal sobre el que se construye la universidad su realidad actual? El ideal era el de un lugar que proporcionara una cultura desinteresada, que transmitiera un saber con valor universal. La realidad actual es la de un saber utilitario, del que s\u00f3lo se retiene su eficacia pragm\u00e1tica. Queda abolida as\u00ed la diferencia entre ciencia y t\u00e9cnica, naturaleza y sociedad, ser y deber ser. Si lo que se pretende es una verdadera reforma de la universidad, tenemos que entregarnos a una reflexi\u00f3n epistemol\u00f3gica profunda sobre la distancia abierta entre el ideal y la realidad.<\/p>\n","protected":false},"excerpt":{"rendered":"<p>No hay reforma m\u00e1s urgente que la de la universidad. Peo lo que no necesita la universidad es una reforma que tambi\u00e9n parezca irremediablemente destinada al fracaso. \u00bfno es ese el efecto de la profunda fosa que se ha abierto entre el ideal sobre el que se construye la universidad su realidad actual? El ideal era el de un lugar que proporcionara una cultura desinteresada, que transmitiera un saber con valor universal. La realidad actual es la de un saber utilitario, del que s\u00f3lo se retiene su eficacia pragm\u00e1tica. Queda abolida as\u00ed la diferencia entre ciencia y t\u00e9cnica, naturaleza y sociedad, ser y deber ser. Si lo que se pretende es una verdadera reforma de la universidad, tenemos que entregarnos a una reflexi\u00f3n epistemol\u00f3gica profunda sobre la distancia abierta entre el ideal y la realidad.<\/p>\n","protected":false},"featured_media":57584,"comment_status":"open","ping_status":"closed","template":"","meta":{"_et_pb_use_builder":"","_et_pb_old_content":"","_et_gb_content_width":""},"product_cat":[11882,11859],"product_tag":[],"edicion":[11865],"editoriales":[14862],"tienda":[],"autor_id":[14245],"universidades_coeditoras":[],"palabras_clave":[],"listado_alfabetico":[],"acf":[],"_links":{"self":[{"href":"https:\/\/wizardly-davinci.82-223-8-23.plesk.page\/en\/wp-json\/wp\/v2\/product\/57583"}],"collection":[{"href":"https:\/\/wizardly-davinci.82-223-8-23.plesk.page\/en\/wp-json\/wp\/v2\/product"}],"about":[{"href":"https:\/\/wizardly-davinci.82-223-8-23.plesk.page\/en\/wp-json\/wp\/v2\/types\/product"}],"replies":[{"embeddable":true,"href":"https:\/\/wizardly-davinci.82-223-8-23.plesk.page\/en\/wp-json\/wp\/v2\/comments?post=57583"}],"wp:featuredmedia":[{"embeddable":true,"href":"https:\/\/wizardly-davinci.82-223-8-23.plesk.page\/en\/wp-json\/wp\/v2\/media\/57584"}],"wp:attachment":[{"href":"https:\/\/wizardly-davinci.82-223-8-23.plesk.page\/en\/wp-json\/wp\/v2\/media?parent=57583"}],"wp:term":[{"taxonomy":"product_cat","embeddable":true,"href":"https:\/\/wizardly-davinci.82-223-8-23.plesk.page\/en\/wp-json\/wp\/v2\/product_cat?post=57583"},{"taxonomy":"product_tag","embeddable":true,"href":"https:\/\/wizardly-davinci.82-223-8-23.plesk.page\/en\/wp-json\/wp\/v2\/product_tag?post=57583"},{"taxonomy":"edicion","embeddable":true,"href":"https:\/\/wizardly-davinci.82-223-8-23.plesk.page\/en\/wp-json\/wp\/v2\/edicion?post=57583"},{"taxonomy":"editoriales","embeddable":true,"href":"https:\/\/wizardly-davinci.82-223-8-23.plesk.page\/en\/wp-json\/wp\/v2\/editoriales?post=57583"},{"taxonomy":"tienda","embeddable":true,"href":"https:\/\/wizardly-davinci.82-223-8-23.plesk.page\/en\/wp-json\/wp\/v2\/tienda?post=57583"},{"taxonomy":"autor_id","embeddable":true,"href":"https:\/\/wizardly-davinci.82-223-8-23.plesk.page\/en\/wp-json\/wp\/v2\/autor_id?post=57583"},{"taxonomy":"universidades_coeditoras","embeddable":true,"href":"https:\/\/wizardly-davinci.82-223-8-23.plesk.page\/en\/wp-json\/wp\/v2\/universidades_coeditoras?post=57583"},{"taxonomy":"palabras_clave","embeddable":true,"href":"https:\/\/wizardly-davinci.82-223-8-23.plesk.page\/en\/wp-json\/wp\/v2\/palabras_clave?post=57583"},{"taxonomy":"listado_alfabetico","embeddable":true,"href":"https:\/\/wizardly-davinci.82-223-8-23.plesk.page\/en\/wp-json\/wp\/v2\/listado_alfabetico?post=57583"}],"curies":[{"name":"wp","href":"https:\/\/api.w.org\/{rel}","templated":true}]}}