{"id":57585,"date":"2000-04-09T23:02:01","date_gmt":"2000-04-09T21:02:01","guid":{"rendered":"https:\/\/octaedro.com\/libro\/historia-cultural-y-educacion\/"},"modified":"2023-02-22T13:43:15","modified_gmt":"2023-02-22T12:43:15","slug":"historia-cultural-y-educacion-2","status":"publish","type":"product","link":"https:\/\/wizardly-davinci.82-223-8-23.plesk.page\/en\/producto\/historia-cultural-y-educacion-2\/","title":{"rendered":"Historia cultural y educaci\u00f3n"},"content":{"rendered":"<p>El estudio de las Ideas resurge entre historiadores e investigadores cr\u00edticos de la educaci\u00f3n. Bajo la r\u00fabrica de historia cultural, incorpora los enfoques interdisciplinares a los estudios hist\u00f3ricos y se adscribe a movimientos intelectuales m\u00e1s amplios de la teor\u00eda social y pol\u00edtica y de los estudios cr\u00edticos. Los historiadores culturales est\u00e1n llamados a establecer una conexi\u00f3n particular con teor\u00edas del conocimiento y del lenguaje, a medida que repiensan los problemas y los m\u00e9todos de los estudios hist\u00f3ricos. En este volumen participan destacados acad\u00e9micos de diferentes contextos nacionales, que trabajan en el \u00e1mbito de la historia cultural, con variados enfoques intelectuales y que constituyen lo m\u00e1s vanguardista en el campo de los estudios hist\u00f3ricos en la educaci\u00f3n.<\/p>\n","protected":false},"excerpt":{"rendered":"<p>El estudio de las Ideas resurge entre historiadores e investigadores cr\u00edticos de la educaci\u00f3n. Bajo la r\u00fabrica de historia cultural, incorpora los enfoques interdisciplinares a los estudios hist\u00f3ricos y se adscribe a movimientos intelectuales m\u00e1s amplios de la teor\u00eda social y pol\u00edtica y de los estudios cr\u00edticos. Los historiadores culturales est\u00e1n llamados a establecer una conexi\u00f3n particular con teor\u00edas del conocimiento y del lenguaje, a medida que repiensan los problemas y los m\u00e9todos de los estudios hist\u00f3ricos. En este volumen participan destacados acad\u00e9micos de diferentes contextos nacionales, que trabajan en el \u00e1mbito de la historia cultural, con variados enfoques intelectuales y que constituyen lo m\u00e1s vanguardista en el campo de los estudios hist\u00f3ricos en la educaci\u00f3n.<\/p>\n","protected":false},"featured_media":57586,"comment_status":"open","ping_status":"closed","template":"","meta":{"_et_pb_use_builder":"","_et_pb_old_content":"","_et_gb_content_width":""},"product_cat":[11882,11859],"product_tag":[],"edicion":[11865],"editoriales":[14862],"tienda":[],"autor_id":[14242,20703,15075],"universidades_coeditoras":[],"palabras_clave":[],"listado_alfabetico":[],"acf":[],"_links":{"self":[{"href":"https:\/\/wizardly-davinci.82-223-8-23.plesk.page\/en\/wp-json\/wp\/v2\/product\/57585"}],"collection":[{"href":"https:\/\/wizardly-davinci.82-223-8-23.plesk.page\/en\/wp-json\/wp\/v2\/product"}],"about":[{"href":"https:\/\/wizardly-davinci.82-223-8-23.plesk.page\/en\/wp-json\/wp\/v2\/types\/product"}],"replies":[{"embeddable":true,"href":"https:\/\/wizardly-davinci.82-223-8-23.plesk.page\/en\/wp-json\/wp\/v2\/comments?post=57585"}],"wp:featuredmedia":[{"embeddable":true,"href":"https:\/\/wizardly-davinci.82-223-8-23.plesk.page\/en\/wp-json\/wp\/v2\/media\/57586"}],"wp:attachment":[{"href":"https:\/\/wizardly-davinci.82-223-8-23.plesk.page\/en\/wp-json\/wp\/v2\/media?parent=57585"}],"wp:term":[{"taxonomy":"product_cat","embeddable":true,"href":"https:\/\/wizardly-davinci.82-223-8-23.plesk.page\/en\/wp-json\/wp\/v2\/product_cat?post=57585"},{"taxonomy":"product_tag","embeddable":true,"href":"https:\/\/wizardly-davinci.82-223-8-23.plesk.page\/en\/wp-json\/wp\/v2\/product_tag?post=57585"},{"taxonomy":"edicion","embeddable":true,"href":"https:\/\/wizardly-davinci.82-223-8-23.plesk.page\/en\/wp-json\/wp\/v2\/edicion?post=57585"},{"taxonomy":"editoriales","embeddable":true,"href":"https:\/\/wizardly-davinci.82-223-8-23.plesk.page\/en\/wp-json\/wp\/v2\/editoriales?post=57585"},{"taxonomy":"tienda","embeddable":true,"href":"https:\/\/wizardly-davinci.82-223-8-23.plesk.page\/en\/wp-json\/wp\/v2\/tienda?post=57585"},{"taxonomy":"autor_id","embeddable":true,"href":"https:\/\/wizardly-davinci.82-223-8-23.plesk.page\/en\/wp-json\/wp\/v2\/autor_id?post=57585"},{"taxonomy":"universidades_coeditoras","embeddable":true,"href":"https:\/\/wizardly-davinci.82-223-8-23.plesk.page\/en\/wp-json\/wp\/v2\/universidades_coeditoras?post=57585"},{"taxonomy":"palabras_clave","embeddable":true,"href":"https:\/\/wizardly-davinci.82-223-8-23.plesk.page\/en\/wp-json\/wp\/v2\/palabras_clave?post=57585"},{"taxonomy":"listado_alfabetico","embeddable":true,"href":"https:\/\/wizardly-davinci.82-223-8-23.plesk.page\/en\/wp-json\/wp\/v2\/listado_alfabetico?post=57585"}],"curies":[{"name":"wp","href":"https:\/\/api.w.org\/{rel}","templated":true}]}}