{"id":57592,"date":"2000-04-09T23:02:01","date_gmt":"2000-04-09T21:02:01","guid":{"rendered":"https:\/\/octaedro.com\/libro\/claves-para-entender-la-universidad\/"},"modified":"2023-02-22T13:43:15","modified_gmt":"2023-02-22T12:43:15","slug":"claves-para-entender-la-universidad-2","status":"publish","type":"product","link":"https:\/\/wizardly-davinci.82-223-8-23.plesk.page\/en\/producto\/claves-para-entender-la-universidad-2\/","title":{"rendered":"Claves para entender la universidad"},"content":{"rendered":"<p>La universidad ha perdido el rumbo. El mundo la necesita m\u00e1s que nunca, pero por razones nuevas y, para clarificar su papel tenemos que encontrar un nuevo vocabulario y un nuevo sentido de prop\u00f3sito.<br \/>\nLa universidad se enfrenta a la supercomplejidad, en la que se ven continuamente desafiados nuestros marcos de comprensi\u00f3n, acci\u00f3n y autoidentidad. En un mundo as\u00ed, la universidad tiene que asumir expl\u00edcitamente un papel doble: en primer lugar, para contribuir a integrar a sus miembros en una supercomplejidad compuesta y hacer el mundo a\u00fan m\u00e1s desafiante: en segundo lugar, para permitirnos vivir con efectividad en este mundo ca\u00f3tico. A nivel interno, tambi\u00e9n tiene que convertirse en una organizaci\u00f3n nueva que trate de realizar ese papel doble, adapt\u00e1ndose para ello al principio de la incertidumbre, contribuyendo a generarlo, ayud\u00e1ndonos a vivir con \u00e9l e incluso aprender a deleitarnos con nuestra propia incertidumbre.<\/p>\n","protected":false},"excerpt":{"rendered":"<p>La universidad ha perdido el rumbo. El mundo la necesita m\u00e1s que nunca, pero por razones nuevas y, para clarificar su papel tenemos que encontrar un nuevo vocabulario y un nuevo sentido de prop\u00f3sito.<br \/>\nLa universidad se enfrenta a la supercomplejidad, en la que se ven continuamente desafiados nuestros marcos de comprensi\u00f3n, acci\u00f3n y autoidentidad. En un mundo as\u00ed, la universidad tiene que asumir expl\u00edcitamente un papel doble: en primer lugar, para contribuir a integrar a sus miembros en una supercomplejidad compuesta y hacer el mundo a\u00fan m\u00e1s desafiante: en segundo lugar, para permitirnos vivir con efectividad en este mundo ca\u00f3tico. A nivel interno, tambi\u00e9n tiene que convertirse en una organizaci\u00f3n nueva que trate de realizar ese papel doble, adapt\u00e1ndose para ello al principio de la incertidumbre, contribuyendo a generarlo, ayud\u00e1ndonos a vivir con \u00e9l e incluso aprender a deleitarnos con nuestra propia incertidumbre.<\/p>\n","protected":false},"featured_media":57594,"comment_status":"open","ping_status":"closed","template":"","meta":{"_et_pb_use_builder":"","_et_pb_old_content":"","_et_gb_content_width":""},"product_cat":[11882,11859],"product_tag":[],"edicion":[11865],"editoriales":[14862],"tienda":[],"autor_id":[13828],"universidades_coeditoras":[],"palabras_clave":[],"listado_alfabetico":[],"acf":[],"_links":{"self":[{"href":"https:\/\/wizardly-davinci.82-223-8-23.plesk.page\/en\/wp-json\/wp\/v2\/product\/57592"}],"collection":[{"href":"https:\/\/wizardly-davinci.82-223-8-23.plesk.page\/en\/wp-json\/wp\/v2\/product"}],"about":[{"href":"https:\/\/wizardly-davinci.82-223-8-23.plesk.page\/en\/wp-json\/wp\/v2\/types\/product"}],"replies":[{"embeddable":true,"href":"https:\/\/wizardly-davinci.82-223-8-23.plesk.page\/en\/wp-json\/wp\/v2\/comments?post=57592"}],"wp:featuredmedia":[{"embeddable":true,"href":"https:\/\/wizardly-davinci.82-223-8-23.plesk.page\/en\/wp-json\/wp\/v2\/media\/57594"}],"wp:attachment":[{"href":"https:\/\/wizardly-davinci.82-223-8-23.plesk.page\/en\/wp-json\/wp\/v2\/media?parent=57592"}],"wp:term":[{"taxonomy":"product_cat","embeddable":true,"href":"https:\/\/wizardly-davinci.82-223-8-23.plesk.page\/en\/wp-json\/wp\/v2\/product_cat?post=57592"},{"taxonomy":"product_tag","embeddable":true,"href":"https:\/\/wizardly-davinci.82-223-8-23.plesk.page\/en\/wp-json\/wp\/v2\/product_tag?post=57592"},{"taxonomy":"edicion","embeddable":true,"href":"https:\/\/wizardly-davinci.82-223-8-23.plesk.page\/en\/wp-json\/wp\/v2\/edicion?post=57592"},{"taxonomy":"editoriales","embeddable":true,"href":"https:\/\/wizardly-davinci.82-223-8-23.plesk.page\/en\/wp-json\/wp\/v2\/editoriales?post=57592"},{"taxonomy":"tienda","embeddable":true,"href":"https:\/\/wizardly-davinci.82-223-8-23.plesk.page\/en\/wp-json\/wp\/v2\/tienda?post=57592"},{"taxonomy":"autor_id","embeddable":true,"href":"https:\/\/wizardly-davinci.82-223-8-23.plesk.page\/en\/wp-json\/wp\/v2\/autor_id?post=57592"},{"taxonomy":"universidades_coeditoras","embeddable":true,"href":"https:\/\/wizardly-davinci.82-223-8-23.plesk.page\/en\/wp-json\/wp\/v2\/universidades_coeditoras?post=57592"},{"taxonomy":"palabras_clave","embeddable":true,"href":"https:\/\/wizardly-davinci.82-223-8-23.plesk.page\/en\/wp-json\/wp\/v2\/palabras_clave?post=57592"},{"taxonomy":"listado_alfabetico","embeddable":true,"href":"https:\/\/wizardly-davinci.82-223-8-23.plesk.page\/en\/wp-json\/wp\/v2\/listado_alfabetico?post=57592"}],"curies":[{"name":"wp","href":"https:\/\/api.w.org\/{rel}","templated":true}]}}