{"id":57593,"date":"2000-04-09T23:01:59","date_gmt":"2000-04-09T21:01:59","guid":{"rendered":"https:\/\/octaedro.com\/libro\/el-dasafio-de-foucault\/"},"modified":"2023-02-22T13:43:15","modified_gmt":"2023-02-22T12:43:15","slug":"el-dasafio-de-foucault-2","status":"publish","type":"product","link":"https:\/\/wizardly-davinci.82-223-8-23.plesk.page\/en\/producto\/el-dasafio-de-foucault-2\/","title":{"rendered":"El dasaf\u00edo de Foucault"},"content":{"rendered":"<p>Durante los \u00faltimos a\u00f1os ha aumentado de forma notable el n\u00famero de estudios sobre el fil\u00f3sofo e historiador franc\u00e9s Michel Foucault, as\u00ed como el an\u00e1lisis de sus idea en conversaci\u00f3n con otros te\u00f3ricos sociales, como Bourdieu, Elias, Habermas, Bakthin\u2026 Existe, sin ebargo, una notable excepci\u00f3n: la carencia de trabajos sobre Foucault en el \u00e1mbito de la educaci\u00f3n, debido quiz\u00e1 a que el desaf\u00edo que plante exige un gran cambio en los discursos que se han hecho m\u00e1s hegem\u00f3nicos en las \u00faltimas d\u00e9cadas, ya sean los de tradici\u00f3n modernista, en sus diversos estilos, positivistas o no, o los emancipatorios orientados por la teor\u00eda cr\u00edtica de la escuela de Frankfurt.<\/p>\n","protected":false},"excerpt":{"rendered":"<p>Durante los \u00faltimos a\u00f1os ha aumentado de forma notable el n\u00famero de estudios sobre el fil\u00f3sofo e historiador franc\u00e9s Michel Foucault, as\u00ed como el an\u00e1lisis de sus idea en conversaci\u00f3n con otros te\u00f3ricos sociales, como Bourdieu, Elias, Habermas, Bakthin\u2026 Existe, sin ebargo, una notable excepci\u00f3n: la carencia de trabajos sobre Foucault en el \u00e1mbito de la educaci\u00f3n, debido quiz\u00e1 a que el desaf\u00edo que plante exige un gran cambio en los discursos que se han hecho m\u00e1s hegem\u00f3nicos en las \u00faltimas d\u00e9cadas, ya sean los de tradici\u00f3n modernista, en sus diversos estilos, positivistas o no, o los emancipatorios orientados por la teor\u00eda cr\u00edtica de la escuela de Frankfurt.<\/p>\n","protected":false},"featured_media":57595,"comment_status":"open","ping_status":"closed","template":"","meta":{"_et_pb_use_builder":"","_et_pb_old_content":"","_et_gb_content_width":""},"product_cat":[11882,11859],"product_tag":[],"edicion":[11865],"editoriales":[14862],"tienda":[],"autor_id":[14063,15075],"universidades_coeditoras":[],"palabras_clave":[],"listado_alfabetico":[],"acf":[],"_links":{"self":[{"href":"https:\/\/wizardly-davinci.82-223-8-23.plesk.page\/en\/wp-json\/wp\/v2\/product\/57593"}],"collection":[{"href":"https:\/\/wizardly-davinci.82-223-8-23.plesk.page\/en\/wp-json\/wp\/v2\/product"}],"about":[{"href":"https:\/\/wizardly-davinci.82-223-8-23.plesk.page\/en\/wp-json\/wp\/v2\/types\/product"}],"replies":[{"embeddable":true,"href":"https:\/\/wizardly-davinci.82-223-8-23.plesk.page\/en\/wp-json\/wp\/v2\/comments?post=57593"}],"wp:featuredmedia":[{"embeddable":true,"href":"https:\/\/wizardly-davinci.82-223-8-23.plesk.page\/en\/wp-json\/wp\/v2\/media\/57595"}],"wp:attachment":[{"href":"https:\/\/wizardly-davinci.82-223-8-23.plesk.page\/en\/wp-json\/wp\/v2\/media?parent=57593"}],"wp:term":[{"taxonomy":"product_cat","embeddable":true,"href":"https:\/\/wizardly-davinci.82-223-8-23.plesk.page\/en\/wp-json\/wp\/v2\/product_cat?post=57593"},{"taxonomy":"product_tag","embeddable":true,"href":"https:\/\/wizardly-davinci.82-223-8-23.plesk.page\/en\/wp-json\/wp\/v2\/product_tag?post=57593"},{"taxonomy":"edicion","embeddable":true,"href":"https:\/\/wizardly-davinci.82-223-8-23.plesk.page\/en\/wp-json\/wp\/v2\/edicion?post=57593"},{"taxonomy":"editoriales","embeddable":true,"href":"https:\/\/wizardly-davinci.82-223-8-23.plesk.page\/en\/wp-json\/wp\/v2\/editoriales?post=57593"},{"taxonomy":"tienda","embeddable":true,"href":"https:\/\/wizardly-davinci.82-223-8-23.plesk.page\/en\/wp-json\/wp\/v2\/tienda?post=57593"},{"taxonomy":"autor_id","embeddable":true,"href":"https:\/\/wizardly-davinci.82-223-8-23.plesk.page\/en\/wp-json\/wp\/v2\/autor_id?post=57593"},{"taxonomy":"universidades_coeditoras","embeddable":true,"href":"https:\/\/wizardly-davinci.82-223-8-23.plesk.page\/en\/wp-json\/wp\/v2\/universidades_coeditoras?post=57593"},{"taxonomy":"palabras_clave","embeddable":true,"href":"https:\/\/wizardly-davinci.82-223-8-23.plesk.page\/en\/wp-json\/wp\/v2\/palabras_clave?post=57593"},{"taxonomy":"listado_alfabetico","embeddable":true,"href":"https:\/\/wizardly-davinci.82-223-8-23.plesk.page\/en\/wp-json\/wp\/v2\/listado_alfabetico?post=57593"}],"curies":[{"name":"wp","href":"https:\/\/api.w.org\/{rel}","templated":true}]}}