{"id":57866,"date":"2022-07-08T10:24:52","date_gmt":"2022-07-08T08:24:52","guid":{"rendered":"https:\/\/octaedro.com\/libro\/la-ciencia-en-el-arte-science-in-art\/"},"modified":"2023-03-08T12:25:44","modified_gmt":"2023-03-08T11:25:44","slug":"la-ciencia-en-el-arte-science-in-art-2","status":"publish","type":"product","link":"https:\/\/wizardly-davinci.82-223-8-23.plesk.page\/en\/producto\/la-ciencia-en-el-arte-science-in-art-2\/","title":{"rendered":"La ciencia en el arte \u2013 Science in Art"},"content":{"rendered":"","protected":false},"excerpt":{"rendered":"<p>A partir de los avances investigadores internacionales m\u00e1s recientes en el \u00e1mbito cient\u00edfico de la educaci\u00f3n patrimonial y de la educaci\u00f3n democr\u00e1tica para una ciudadan\u00eda activa, este volumen biling\u00fce castellano-ingl\u00e9s busca ofrecer modelos te\u00f3rico-pr\u00e1cticos aplicables para un desarrollo transdisciplinar, integrado y sostenible de la educaci\u00f3n STEAM (STEM [ciencia, tecnolog\u00eda, ingenier\u00eda y matem\u00e1ticas] + A [arte]) en todas las etapas educativas preuniversitarias. Lo hace tomando como referente una de las expresiones culturales m\u00e1s relevantes del patrimonio de la humanidad: la Catedral de Burgos (VIII Centenario \u2013 Burgos 2021).<\/p>\n<p>Esta obra tiene como objetivos principales la reflexi\u00f3n epistemol\u00f3gica y el an\u00e1lisis de las potencialidades y retos de una Ense\u00f1anza Integrada Transdisciplinar en Did\u00e1cticas Espec\u00edficas, as\u00ed como la contribuci\u00f3n de esta a la comprensi\u00f3n, intervenci\u00f3n y resoluci\u00f3n de problemas sociales contempor\u00e1neos, y a los Objetivos de Desarrollo Sostenible de la Agenda 2030, teniendo en el horizonte una educaci\u00f3n vinculada al ejercicio de un ciudadan\u00eda activa a partir del compromiso y la responsabilidad social y patrimonial.<\/p>\n<p>Based on the most recent international research advances in the scientific field of heritage education and democratic education for active citizenship, this bilingual Spanish-English volume seeks to offer applicable theoretical and practical models for a transdisciplinary, integrated and sustainable development of STEAM education (STEM [science, technology, engineering and mathematics] + A [art]) in all pre-university educational stages. It does so by taking as a reference one of the most relevant cultural expressions of human heritage: the Burgos Cathedral (VIII Centenary &#8211; Burgos 2021).<\/p>\n<p>The main objectives of this monograph are the epistemological reflection and analysis of the potentialities and challenges of an Integrated Transdisciplinary Education in Specific Didactics, as well as its contribution to the understanding, intervention and resolution of contemporary social problems, and to the Sus-tainable Development Goals (2030 Agenda) from active citizenship, commitment, and social and patrimonial responsibility.<\/p>\n","protected":false},"featured_media":57753,"comment_status":"open","ping_status":"closed","template":"","meta":{"_et_pb_use_builder":"","_et_pb_old_content":"","_et_gb_content_width":""},"product_cat":[11899,11859,11912],"product_tag":[11892],"edicion":[12199,11865],"editoriales":[11867],"tienda":[],"autor_id":[20748,20746,20744],"universidades_coeditoras":[],"palabras_clave":[],"listado_alfabetico":[],"acf":[],"_links":{"self":[{"href":"https:\/\/wizardly-davinci.82-223-8-23.plesk.page\/en\/wp-json\/wp\/v2\/product\/57866"}],"collection":[{"href":"https:\/\/wizardly-davinci.82-223-8-23.plesk.page\/en\/wp-json\/wp\/v2\/product"}],"about":[{"href":"https:\/\/wizardly-davinci.82-223-8-23.plesk.page\/en\/wp-json\/wp\/v2\/types\/product"}],"replies":[{"embeddable":true,"href":"https:\/\/wizardly-davinci.82-223-8-23.plesk.page\/en\/wp-json\/wp\/v2\/comments?post=57866"}],"wp:featuredmedia":[{"embeddable":true,"href":"https:\/\/wizardly-davinci.82-223-8-23.plesk.page\/en\/wp-json\/wp\/v2\/media\/57753"}],"wp:attachment":[{"href":"https:\/\/wizardly-davinci.82-223-8-23.plesk.page\/en\/wp-json\/wp\/v2\/media?parent=57866"}],"wp:term":[{"taxonomy":"product_cat","embeddable":true,"href":"https:\/\/wizardly-davinci.82-223-8-23.plesk.page\/en\/wp-json\/wp\/v2\/product_cat?post=57866"},{"taxonomy":"product_tag","embeddable":true,"href":"https:\/\/wizardly-davinci.82-223-8-23.plesk.page\/en\/wp-json\/wp\/v2\/product_tag?post=57866"},{"taxonomy":"edicion","embeddable":true,"href":"https:\/\/wizardly-davinci.82-223-8-23.plesk.page\/en\/wp-json\/wp\/v2\/edicion?post=57866"},{"taxonomy":"editoriales","embeddable":true,"href":"https:\/\/wizardly-davinci.82-223-8-23.plesk.page\/en\/wp-json\/wp\/v2\/editoriales?post=57866"},{"taxonomy":"tienda","embeddable":true,"href":"https:\/\/wizardly-davinci.82-223-8-23.plesk.page\/en\/wp-json\/wp\/v2\/tienda?post=57866"},{"taxonomy":"autor_id","embeddable":true,"href":"https:\/\/wizardly-davinci.82-223-8-23.plesk.page\/en\/wp-json\/wp\/v2\/autor_id?post=57866"},{"taxonomy":"universidades_coeditoras","embeddable":true,"href":"https:\/\/wizardly-davinci.82-223-8-23.plesk.page\/en\/wp-json\/wp\/v2\/universidades_coeditoras?post=57866"},{"taxonomy":"palabras_clave","embeddable":true,"href":"https:\/\/wizardly-davinci.82-223-8-23.plesk.page\/en\/wp-json\/wp\/v2\/palabras_clave?post=57866"},{"taxonomy":"listado_alfabetico","embeddable":true,"href":"https:\/\/wizardly-davinci.82-223-8-23.plesk.page\/en\/wp-json\/wp\/v2\/listado_alfabetico?post=57866"}],"curies":[{"name":"wp","href":"https:\/\/api.w.org\/{rel}","templated":true}]}}