{"id":57873,"date":"2000-04-09T23:01:58","date_gmt":"2000-04-09T21:01:58","guid":{"rendered":"https:\/\/octaedro.com\/libro\/la-educacion-intercultural-en-europa\/"},"modified":"2023-02-22T13:43:20","modified_gmt":"2023-02-22T12:43:20","slug":"la-educacion-intercultural-en-europa-2","status":"publish","type":"product","link":"https:\/\/wizardly-davinci.82-223-8-23.plesk.page\/en\/producto\/la-educacion-intercultural-en-europa-2\/","title":{"rendered":"La educaci\u00f3n intercultural en Europa"},"content":{"rendered":"<p>La pedagog\u00eda intercultural, que parte de referentes te\u00f3ricos y metodol\u00f3gicos diversos, se sit\u00faa preferentemente en el plano metodol\u00f3gico de compresi\u00f3n y b\u00fasqueda de las condiciones posibles de intercambio e interacci\u00f3n y en la reflexi\u00f3n profunda de los contenidos culturales que se transmiten a trav\u00e9s del curriculum. Las distintas aproximaciones que se ofrecen en este libro contribuyen decisivamente a despejar el cauce te\u00f3rico por donde debe discurrirla reelaboraci\u00f3n curricular desde una perspectiva radicalmente intercultural.<\/p>\n","protected":false},"excerpt":{"rendered":"<p>La pedagog\u00eda intercultural, que parte de referentes te\u00f3ricos y metodol\u00f3gicos diversos, se sit\u00faa preferentemente en el plano metodol\u00f3gico de compresi\u00f3n y b\u00fasqueda de las condiciones posibles de intercambio e interacci\u00f3n y en la reflexi\u00f3n profunda de los contenidos culturales que se transmiten a trav\u00e9s del curriculum. Las distintas aproximaciones que se ofrecen en este libro contribuyen decisivamente a despejar el cauce te\u00f3rico por donde debe discurrirla reelaboraci\u00f3n curricular desde una perspectiva radicalmente intercultural.<\/p>\n","protected":false},"featured_media":57874,"comment_status":"open","ping_status":"closed","template":"","meta":{"_et_pb_use_builder":"","_et_pb_old_content":"","_et_gb_content_width":""},"product_cat":[11882,11859],"product_tag":[],"edicion":[11865],"editoriales":[14862],"tienda":[],"autor_id":[14075,14104,20757],"universidades_coeditoras":[],"palabras_clave":[],"listado_alfabetico":[],"acf":[],"_links":{"self":[{"href":"https:\/\/wizardly-davinci.82-223-8-23.plesk.page\/en\/wp-json\/wp\/v2\/product\/57873"}],"collection":[{"href":"https:\/\/wizardly-davinci.82-223-8-23.plesk.page\/en\/wp-json\/wp\/v2\/product"}],"about":[{"href":"https:\/\/wizardly-davinci.82-223-8-23.plesk.page\/en\/wp-json\/wp\/v2\/types\/product"}],"replies":[{"embeddable":true,"href":"https:\/\/wizardly-davinci.82-223-8-23.plesk.page\/en\/wp-json\/wp\/v2\/comments?post=57873"}],"wp:featuredmedia":[{"embeddable":true,"href":"https:\/\/wizardly-davinci.82-223-8-23.plesk.page\/en\/wp-json\/wp\/v2\/media\/57874"}],"wp:attachment":[{"href":"https:\/\/wizardly-davinci.82-223-8-23.plesk.page\/en\/wp-json\/wp\/v2\/media?parent=57873"}],"wp:term":[{"taxonomy":"product_cat","embeddable":true,"href":"https:\/\/wizardly-davinci.82-223-8-23.plesk.page\/en\/wp-json\/wp\/v2\/product_cat?post=57873"},{"taxonomy":"product_tag","embeddable":true,"href":"https:\/\/wizardly-davinci.82-223-8-23.plesk.page\/en\/wp-json\/wp\/v2\/product_tag?post=57873"},{"taxonomy":"edicion","embeddable":true,"href":"https:\/\/wizardly-davinci.82-223-8-23.plesk.page\/en\/wp-json\/wp\/v2\/edicion?post=57873"},{"taxonomy":"editoriales","embeddable":true,"href":"https:\/\/wizardly-davinci.82-223-8-23.plesk.page\/en\/wp-json\/wp\/v2\/editoriales?post=57873"},{"taxonomy":"tienda","embeddable":true,"href":"https:\/\/wizardly-davinci.82-223-8-23.plesk.page\/en\/wp-json\/wp\/v2\/tienda?post=57873"},{"taxonomy":"autor_id","embeddable":true,"href":"https:\/\/wizardly-davinci.82-223-8-23.plesk.page\/en\/wp-json\/wp\/v2\/autor_id?post=57873"},{"taxonomy":"universidades_coeditoras","embeddable":true,"href":"https:\/\/wizardly-davinci.82-223-8-23.plesk.page\/en\/wp-json\/wp\/v2\/universidades_coeditoras?post=57873"},{"taxonomy":"palabras_clave","embeddable":true,"href":"https:\/\/wizardly-davinci.82-223-8-23.plesk.page\/en\/wp-json\/wp\/v2\/palabras_clave?post=57873"},{"taxonomy":"listado_alfabetico","embeddable":true,"href":"https:\/\/wizardly-davinci.82-223-8-23.plesk.page\/en\/wp-json\/wp\/v2\/listado_alfabetico?post=57873"}],"curies":[{"name":"wp","href":"https:\/\/api.w.org\/{rel}","templated":true}]}}