{"id":57880,"date":"2000-04-09T23:01:58","date_gmt":"2000-04-09T21:01:58","guid":{"rendered":"https:\/\/octaedro.com\/libro\/la-nueva-produccion-del-conocimiento\/"},"modified":"2023-02-22T13:43:20","modified_gmt":"2023-02-22T12:43:20","slug":"la-nueva-produccion-del-conocimiento-2","status":"publish","type":"product","link":"https:\/\/wizardly-davinci.82-223-8-23.plesk.page\/en\/producto\/la-nueva-produccion-del-conocimiento-2\/","title":{"rendered":"La nueva producci\u00f3n del conocimiento"},"content":{"rendered":"<p>Las sociedades contempor\u00e1neas est\u00e1n asistiendo a cambios fundamentales en la forma de producir el conocimiento cient\u00edfico, social y cultural. El nuevo modo de producci\u00f3n de conocimiento est\u00e1 sustituyendo o reformando las instituciones, disciplinas, pr\u00e1cticas y pol\u00edticas establecidas. Los autores de este trabajo identifican una serie de caracter\u00edstica asociadas con este nuevo modo e ilustran las conexiones existentes entre esos rasgos y el papel cambiante del conocimiento en las relaciones sociales. Se perfilan las dimensiones cambiantes del conocimiento cient\u00edfico social y de las humanidades y se examinan las relaciones entre la producci\u00f3n del conocimiento y su diseminaci\u00f3n a trav\u00e9s de la educaci\u00f3n. La obra sit\u00faa la pol\u00edtica y el conocimiento cient\u00edficos en su m\u00e1s amplio contexto dentro de las sociedades contempor\u00e1neas.<\/p>\n","protected":false},"excerpt":{"rendered":"<p>Las sociedades contempor\u00e1neas est\u00e1n asistiendo a cambios fundamentales en la forma de producir el conocimiento cient\u00edfico, social y cultural. El nuevo modo de producci\u00f3n de conocimiento est\u00e1 sustituyendo o reformando las instituciones, disciplinas, pr\u00e1cticas y pol\u00edticas establecidas. Los autores de este trabajo identifican una serie de caracter\u00edstica asociadas con este nuevo modo e ilustran las conexiones existentes entre esos rasgos y el papel cambiante del conocimiento en las relaciones sociales. Se perfilan las dimensiones cambiantes del conocimiento cient\u00edfico social y de las humanidades y se examinan las relaciones entre la producci\u00f3n del conocimiento y su diseminaci\u00f3n a trav\u00e9s de la educaci\u00f3n. La obra sit\u00faa la pol\u00edtica y el conocimiento cient\u00edficos en su m\u00e1s amplio contexto dentro de las sociedades contempor\u00e1neas.<\/p>\n","protected":false},"featured_media":57881,"comment_status":"open","ping_status":"closed","template":"","meta":{"_et_pb_use_builder":"","_et_pb_old_content":"","_et_gb_content_width":""},"product_cat":[11882,11859],"product_tag":[],"edicion":[11865],"editoriales":[14862],"tienda":[],"autor_id":[14297,14552,20777,20778,20779,20780],"universidades_coeditoras":[],"palabras_clave":[],"listado_alfabetico":[],"acf":[],"_links":{"self":[{"href":"https:\/\/wizardly-davinci.82-223-8-23.plesk.page\/en\/wp-json\/wp\/v2\/product\/57880"}],"collection":[{"href":"https:\/\/wizardly-davinci.82-223-8-23.plesk.page\/en\/wp-json\/wp\/v2\/product"}],"about":[{"href":"https:\/\/wizardly-davinci.82-223-8-23.plesk.page\/en\/wp-json\/wp\/v2\/types\/product"}],"replies":[{"embeddable":true,"href":"https:\/\/wizardly-davinci.82-223-8-23.plesk.page\/en\/wp-json\/wp\/v2\/comments?post=57880"}],"wp:featuredmedia":[{"embeddable":true,"href":"https:\/\/wizardly-davinci.82-223-8-23.plesk.page\/en\/wp-json\/wp\/v2\/media\/57881"}],"wp:attachment":[{"href":"https:\/\/wizardly-davinci.82-223-8-23.plesk.page\/en\/wp-json\/wp\/v2\/media?parent=57880"}],"wp:term":[{"taxonomy":"product_cat","embeddable":true,"href":"https:\/\/wizardly-davinci.82-223-8-23.plesk.page\/en\/wp-json\/wp\/v2\/product_cat?post=57880"},{"taxonomy":"product_tag","embeddable":true,"href":"https:\/\/wizardly-davinci.82-223-8-23.plesk.page\/en\/wp-json\/wp\/v2\/product_tag?post=57880"},{"taxonomy":"edicion","embeddable":true,"href":"https:\/\/wizardly-davinci.82-223-8-23.plesk.page\/en\/wp-json\/wp\/v2\/edicion?post=57880"},{"taxonomy":"editoriales","embeddable":true,"href":"https:\/\/wizardly-davinci.82-223-8-23.plesk.page\/en\/wp-json\/wp\/v2\/editoriales?post=57880"},{"taxonomy":"tienda","embeddable":true,"href":"https:\/\/wizardly-davinci.82-223-8-23.plesk.page\/en\/wp-json\/wp\/v2\/tienda?post=57880"},{"taxonomy":"autor_id","embeddable":true,"href":"https:\/\/wizardly-davinci.82-223-8-23.plesk.page\/en\/wp-json\/wp\/v2\/autor_id?post=57880"},{"taxonomy":"universidades_coeditoras","embeddable":true,"href":"https:\/\/wizardly-davinci.82-223-8-23.plesk.page\/en\/wp-json\/wp\/v2\/universidades_coeditoras?post=57880"},{"taxonomy":"palabras_clave","embeddable":true,"href":"https:\/\/wizardly-davinci.82-223-8-23.plesk.page\/en\/wp-json\/wp\/v2\/palabras_clave?post=57880"},{"taxonomy":"listado_alfabetico","embeddable":true,"href":"https:\/\/wizardly-davinci.82-223-8-23.plesk.page\/en\/wp-json\/wp\/v2\/listado_alfabetico?post=57880"}],"curies":[{"name":"wp","href":"https:\/\/api.w.org\/{rel}","templated":true}]}}