{"id":57882,"date":"2000-04-09T23:01:58","date_gmt":"2000-04-09T21:01:58","guid":{"rendered":"https:\/\/octaedro.com\/libro\/la-universidad-europea-y-americana-desde-1800\/"},"modified":"2023-02-22T13:43:20","modified_gmt":"2023-02-22T12:43:20","slug":"la-universidad-europea-y-americana-desde-1800-2","status":"publish","type":"product","link":"https:\/\/wizardly-davinci.82-223-8-23.plesk.page\/en\/producto\/la-universidad-europea-y-americana-desde-1800-2\/","title":{"rendered":"La Universidad europea y americana desde 1800"},"content":{"rendered":"<p>Las universidades han sido hist\u00f3ricamente vulnerables al enfrentarse con los desaf\u00edos planteados tanto por las democracias industriales din\u00e1micas, como por los Estados totalitarios modernos. En la actualidad, las universidades se encuentran en el centro de atenci\u00f3n de la sociedad y tienen que equilibrar un gran n\u00famero de exigencias y presiones contradictorias. \u00bfPueden hacerlo con la estructura y el ethos de una instituci\u00f3n hist\u00f3rica llamada universidad, o se hallan ahora esas instituciones pasadas de moda y forman parte, simplemente, de un sistema de educaci\u00f3n superior gestionado burocr\u00e1ticamente? Los ensayos de este libro analizan las formas empleadas por las universidades para afrontar la complejidad desde 1800, al mismo tiempo que tratan de conservar su idea b\u00e1sica. Se dedica una atenci\u00f3n especial al papel jugado por el Estado y las profesiones liberales en la definici\u00f3n de las misiones de la universidad, as\u00ed como a los esfuerzos de \u00e9sta por alcanzar individualidad a la vista de las crecientes presiones pluralistas y burocr\u00e1ticas.<\/p>\n","protected":false},"excerpt":{"rendered":"<p>Las universidades han sido hist\u00f3ricamente vulnerables al enfrentarse con los desaf\u00edos planteados tanto por las democracias industriales din\u00e1micas, como por los Estados totalitarios modernos. En la actualidad, las universidades se encuentran en el centro de atenci\u00f3n de la sociedad y tienen que equilibrar un gran n\u00famero de exigencias y presiones contradictorias. \u00bfPueden hacerlo con la estructura y el ethos de una instituci\u00f3n hist\u00f3rica llamada universidad, o se hallan ahora esas instituciones pasadas de moda y forman parte, simplemente, de un sistema de educaci\u00f3n superior gestionado burocr\u00e1ticamente? Los ensayos de este libro analizan las formas empleadas por las universidades para afrontar la complejidad desde 1800, al mismo tiempo que tratan de conservar su idea b\u00e1sica. Se dedica una atenci\u00f3n especial al papel jugado por el Estado y las profesiones liberales en la definici\u00f3n de las misiones de la universidad, as\u00ed como a los esfuerzos de \u00e9sta por alcanzar individualidad a la vista de las crecientes presiones pluralistas y burocr\u00e1ticas.<\/p>\n","protected":false},"featured_media":57883,"comment_status":"open","ping_status":"closed","template":"","meta":{"_et_pb_use_builder":"","_et_pb_old_content":"","_et_gb_content_width":""},"product_cat":[11882,11859],"product_tag":[11860],"edicion":[11865],"editoriales":[14862],"tienda":[],"autor_id":[20783,20784],"universidades_coeditoras":[],"palabras_clave":[],"listado_alfabetico":[],"acf":[],"_links":{"self":[{"href":"https:\/\/wizardly-davinci.82-223-8-23.plesk.page\/en\/wp-json\/wp\/v2\/product\/57882"}],"collection":[{"href":"https:\/\/wizardly-davinci.82-223-8-23.plesk.page\/en\/wp-json\/wp\/v2\/product"}],"about":[{"href":"https:\/\/wizardly-davinci.82-223-8-23.plesk.page\/en\/wp-json\/wp\/v2\/types\/product"}],"replies":[{"embeddable":true,"href":"https:\/\/wizardly-davinci.82-223-8-23.plesk.page\/en\/wp-json\/wp\/v2\/comments?post=57882"}],"wp:featuredmedia":[{"embeddable":true,"href":"https:\/\/wizardly-davinci.82-223-8-23.plesk.page\/en\/wp-json\/wp\/v2\/media\/57883"}],"wp:attachment":[{"href":"https:\/\/wizardly-davinci.82-223-8-23.plesk.page\/en\/wp-json\/wp\/v2\/media?parent=57882"}],"wp:term":[{"taxonomy":"product_cat","embeddable":true,"href":"https:\/\/wizardly-davinci.82-223-8-23.plesk.page\/en\/wp-json\/wp\/v2\/product_cat?post=57882"},{"taxonomy":"product_tag","embeddable":true,"href":"https:\/\/wizardly-davinci.82-223-8-23.plesk.page\/en\/wp-json\/wp\/v2\/product_tag?post=57882"},{"taxonomy":"edicion","embeddable":true,"href":"https:\/\/wizardly-davinci.82-223-8-23.plesk.page\/en\/wp-json\/wp\/v2\/edicion?post=57882"},{"taxonomy":"editoriales","embeddable":true,"href":"https:\/\/wizardly-davinci.82-223-8-23.plesk.page\/en\/wp-json\/wp\/v2\/editoriales?post=57882"},{"taxonomy":"tienda","embeddable":true,"href":"https:\/\/wizardly-davinci.82-223-8-23.plesk.page\/en\/wp-json\/wp\/v2\/tienda?post=57882"},{"taxonomy":"autor_id","embeddable":true,"href":"https:\/\/wizardly-davinci.82-223-8-23.plesk.page\/en\/wp-json\/wp\/v2\/autor_id?post=57882"},{"taxonomy":"universidades_coeditoras","embeddable":true,"href":"https:\/\/wizardly-davinci.82-223-8-23.plesk.page\/en\/wp-json\/wp\/v2\/universidades_coeditoras?post=57882"},{"taxonomy":"palabras_clave","embeddable":true,"href":"https:\/\/wizardly-davinci.82-223-8-23.plesk.page\/en\/wp-json\/wp\/v2\/palabras_clave?post=57882"},{"taxonomy":"listado_alfabetico","embeddable":true,"href":"https:\/\/wizardly-davinci.82-223-8-23.plesk.page\/en\/wp-json\/wp\/v2\/listado_alfabetico?post=57882"}],"curies":[{"name":"wp","href":"https:\/\/api.w.org\/{rel}","templated":true}]}}