{"id":57884,"date":"2019-04-10T01:01:50","date_gmt":"2019-04-09T23:01:50","guid":{"rendered":"https:\/\/octaedro.com\/libro\/numeros-y-operaciones-ii\/"},"modified":"2023-02-22T13:43:20","modified_gmt":"2023-02-22T12:43:20","slug":"numeros-y-operaciones-ii-2","status":"publish","type":"product","link":"https:\/\/wizardly-davinci.82-223-8-23.plesk.page\/en\/producto\/numeros-y-operaciones-ii-2\/","title":{"rendered":"N\u00fameros y operaciones II"},"content":{"rendered":"","protected":false},"excerpt":{"rendered":"<p>La colecci\u00f3n Los dossiers de Maria Ant\u00f2nia Canals recoge una muestra de los materiales que la autora ha ido elaborando a lo largo de su dilatada trayectoria, conjuntamente con el gabinete GAMAR de la Universitat de Girona. Una colecci\u00f3n imprescindible para poner al alcance de todo el profesorado una oferta innovadora y evidenciar la importancia del material en el aprendizaje de las matem\u00e1ticas en Educaci\u00f3n Infantil, Educaci\u00f3n Primaria y ESO.<\/p>\n<p>Los materiales de la colecci\u00f3n no pretenden dar respuesta a ning\u00fan curr\u00edculum, ni oficial ni personal. Se han escogido unos temas clave, y se ha intentado profundizar en ellos desde la mirada matem\u00e1tica y desde la voluntad de adecuarlos a los ni\u00f1os y las ni\u00f1as.<\/p>\n<p>Cada t\u00edtulo ofrece un tema organizado en tres o m\u00e1s bloques. Cada bloque incluye unas orientaciones did\u00e1cticas, propuestas de actividades y, en algunos t\u00edtulos, un anexo con modelos de plantillas fotocopiables.<\/p>\n","protected":false},"featured_media":57885,"comment_status":"open","ping_status":"closed","template":"","meta":{"_et_pb_use_builder":"","_et_pb_old_content":"","_et_gb_content_width":""},"product_cat":[11858,11859,11877],"product_tag":[11860],"edicion":[11865],"editoriales":[11867,12203],"tienda":[],"autor_id":[12429],"universidades_coeditoras":[],"palabras_clave":[],"listado_alfabetico":[],"acf":[],"_links":{"self":[{"href":"https:\/\/wizardly-davinci.82-223-8-23.plesk.page\/en\/wp-json\/wp\/v2\/product\/57884"}],"collection":[{"href":"https:\/\/wizardly-davinci.82-223-8-23.plesk.page\/en\/wp-json\/wp\/v2\/product"}],"about":[{"href":"https:\/\/wizardly-davinci.82-223-8-23.plesk.page\/en\/wp-json\/wp\/v2\/types\/product"}],"replies":[{"embeddable":true,"href":"https:\/\/wizardly-davinci.82-223-8-23.plesk.page\/en\/wp-json\/wp\/v2\/comments?post=57884"}],"wp:featuredmedia":[{"embeddable":true,"href":"https:\/\/wizardly-davinci.82-223-8-23.plesk.page\/en\/wp-json\/wp\/v2\/media\/57885"}],"wp:attachment":[{"href":"https:\/\/wizardly-davinci.82-223-8-23.plesk.page\/en\/wp-json\/wp\/v2\/media?parent=57884"}],"wp:term":[{"taxonomy":"product_cat","embeddable":true,"href":"https:\/\/wizardly-davinci.82-223-8-23.plesk.page\/en\/wp-json\/wp\/v2\/product_cat?post=57884"},{"taxonomy":"product_tag","embeddable":true,"href":"https:\/\/wizardly-davinci.82-223-8-23.plesk.page\/en\/wp-json\/wp\/v2\/product_tag?post=57884"},{"taxonomy":"edicion","embeddable":true,"href":"https:\/\/wizardly-davinci.82-223-8-23.plesk.page\/en\/wp-json\/wp\/v2\/edicion?post=57884"},{"taxonomy":"editoriales","embeddable":true,"href":"https:\/\/wizardly-davinci.82-223-8-23.plesk.page\/en\/wp-json\/wp\/v2\/editoriales?post=57884"},{"taxonomy":"tienda","embeddable":true,"href":"https:\/\/wizardly-davinci.82-223-8-23.plesk.page\/en\/wp-json\/wp\/v2\/tienda?post=57884"},{"taxonomy":"autor_id","embeddable":true,"href":"https:\/\/wizardly-davinci.82-223-8-23.plesk.page\/en\/wp-json\/wp\/v2\/autor_id?post=57884"},{"taxonomy":"universidades_coeditoras","embeddable":true,"href":"https:\/\/wizardly-davinci.82-223-8-23.plesk.page\/en\/wp-json\/wp\/v2\/universidades_coeditoras?post=57884"},{"taxonomy":"palabras_clave","embeddable":true,"href":"https:\/\/wizardly-davinci.82-223-8-23.plesk.page\/en\/wp-json\/wp\/v2\/palabras_clave?post=57884"},{"taxonomy":"listado_alfabetico","embeddable":true,"href":"https:\/\/wizardly-davinci.82-223-8-23.plesk.page\/en\/wp-json\/wp\/v2\/listado_alfabetico?post=57884"}],"curies":[{"name":"wp","href":"https:\/\/api.w.org\/{rel}","templated":true}]}}