{"id":57890,"date":"2019-04-09T23:01:48","date_gmt":"2019-04-09T21:01:48","guid":{"rendered":"https:\/\/octaedro.com\/libro\/transformaciones-geometricas\/"},"modified":"2023-02-22T13:43:20","modified_gmt":"2023-02-22T12:43:20","slug":"transformaciones-geometricas-2","status":"publish","type":"product","link":"https:\/\/wizardly-davinci.82-223-8-23.plesk.page\/en\/producto\/transformaciones-geometricas-2\/","title":{"rendered":"Transformaciones geom\u00e9tricas"},"content":{"rendered":"<p>En este dossier nos dedicaremos a pensar en las transformaciones, que son como las operaciones de la geometr\u00eda. Entendemos por transformaciones los cambios de forma, de posici\u00f3n o de ambas cosas aplicados a las figuras de una, dos o tres dimensiones. Debemos tener en cuenta que no estamos hablando de cambios f\u00edsicos, sino de cambios que son una manipulaci\u00f3n de los elementos geom\u00e9tricos en el \u00e1mbito de las ideas, tal como corresponde al objeto de la matem\u00e1tica, que siempre es abstracto. Estos cambios muchas veces est\u00e1n producidos por movimientos, pero no siempre es as\u00ed necesariamente: un espejo tambi\u00e9n puede hacer que una cosa cambie de lugar aunque s\u00f3lo sea virtualmente.<br \/>\nAs\u00ed pues, sucede con cualquier operaci\u00f3n, una transformaci\u00f3n geom\u00e9trica hace pasar de un elemento, que es la figura inicial, a otro, que es la figura final, siguiendo unas normas previamente establecidas, que son las que definen cada tipo de transformaci\u00f3n.<\/p>\n","protected":false},"excerpt":{"rendered":"<p>En este dossier nos dedicaremos a pensar en las transformaciones, que son como las operaciones de la geometr\u00eda. Entendemos por transformaciones los cambios de forma, de posici\u00f3n o de ambas cosas aplicados a las figuras de una, dos o tres dimensiones. Debemos tener en cuenta que no estamos hablando de cambios f\u00edsicos, sino de cambios que son una manipulaci\u00f3n de los elementos geom\u00e9tricos en el \u00e1mbito de las ideas, tal como corresponde al objeto de la matem\u00e1tica, que siempre es abstracto. Estos cambios muchas veces est\u00e1n producidos por movimientos, pero no siempre es as\u00ed necesariamente: un espejo tambi\u00e9n puede hacer que una cosa cambie de lugar aunque s\u00f3lo sea virtualmente.<br \/>\nAs\u00ed pues, sucede con cualquier operaci\u00f3n, una transformaci\u00f3n geom\u00e9trica hace pasar de un elemento, que es la figura inicial, a otro, que es la figura final, siguiendo unas normas previamente establecidas, que son las que definen cada tipo de transformaci\u00f3n.<\/p>\n","protected":false},"featured_media":52859,"comment_status":"open","ping_status":"closed","template":"","meta":{"_et_pb_use_builder":"","_et_pb_old_content":"","_et_gb_content_width":""},"product_cat":[11858,11859,11877],"product_tag":[11860],"edicion":[11865],"editoriales":[11867,12203],"tienda":[],"autor_id":[12429],"universidades_coeditoras":[],"palabras_clave":[],"listado_alfabetico":[],"acf":[],"_links":{"self":[{"href":"https:\/\/wizardly-davinci.82-223-8-23.plesk.page\/en\/wp-json\/wp\/v2\/product\/57890"}],"collection":[{"href":"https:\/\/wizardly-davinci.82-223-8-23.plesk.page\/en\/wp-json\/wp\/v2\/product"}],"about":[{"href":"https:\/\/wizardly-davinci.82-223-8-23.plesk.page\/en\/wp-json\/wp\/v2\/types\/product"}],"replies":[{"embeddable":true,"href":"https:\/\/wizardly-davinci.82-223-8-23.plesk.page\/en\/wp-json\/wp\/v2\/comments?post=57890"}],"wp:featuredmedia":[{"embeddable":true,"href":"https:\/\/wizardly-davinci.82-223-8-23.plesk.page\/en\/wp-json\/wp\/v2\/media\/52859"}],"wp:attachment":[{"href":"https:\/\/wizardly-davinci.82-223-8-23.plesk.page\/en\/wp-json\/wp\/v2\/media?parent=57890"}],"wp:term":[{"taxonomy":"product_cat","embeddable":true,"href":"https:\/\/wizardly-davinci.82-223-8-23.plesk.page\/en\/wp-json\/wp\/v2\/product_cat?post=57890"},{"taxonomy":"product_tag","embeddable":true,"href":"https:\/\/wizardly-davinci.82-223-8-23.plesk.page\/en\/wp-json\/wp\/v2\/product_tag?post=57890"},{"taxonomy":"edicion","embeddable":true,"href":"https:\/\/wizardly-davinci.82-223-8-23.plesk.page\/en\/wp-json\/wp\/v2\/edicion?post=57890"},{"taxonomy":"editoriales","embeddable":true,"href":"https:\/\/wizardly-davinci.82-223-8-23.plesk.page\/en\/wp-json\/wp\/v2\/editoriales?post=57890"},{"taxonomy":"tienda","embeddable":true,"href":"https:\/\/wizardly-davinci.82-223-8-23.plesk.page\/en\/wp-json\/wp\/v2\/tienda?post=57890"},{"taxonomy":"autor_id","embeddable":true,"href":"https:\/\/wizardly-davinci.82-223-8-23.plesk.page\/en\/wp-json\/wp\/v2\/autor_id?post=57890"},{"taxonomy":"universidades_coeditoras","embeddable":true,"href":"https:\/\/wizardly-davinci.82-223-8-23.plesk.page\/en\/wp-json\/wp\/v2\/universidades_coeditoras?post=57890"},{"taxonomy":"palabras_clave","embeddable":true,"href":"https:\/\/wizardly-davinci.82-223-8-23.plesk.page\/en\/wp-json\/wp\/v2\/palabras_clave?post=57890"},{"taxonomy":"listado_alfabetico","embeddable":true,"href":"https:\/\/wizardly-davinci.82-223-8-23.plesk.page\/en\/wp-json\/wp\/v2\/listado_alfabetico?post=57890"}],"curies":[{"name":"wp","href":"https:\/\/api.w.org\/{rel}","templated":true}]}}