{"id":57924,"date":"2019-04-09T23:01:47","date_gmt":"2019-04-09T21:01:47","guid":{"rendered":"https:\/\/octaedro.com\/libro\/fracciones\/"},"modified":"2023-02-22T13:43:30","modified_gmt":"2023-02-22T12:43:30","slug":"fracciones-2","status":"publish","type":"product","link":"https:\/\/wizardly-davinci.82-223-8-23.plesk.page\/en\/producto\/fracciones-2\/","title":{"rendered":"Fracciones"},"content":{"rendered":"<p>La noci\u00f3n de n\u00famero fraccionario es una de las m\u00e1s dif\u00edciles que se trabajan en primaria, y requiere una atenci\u00f3n especial para no caer en errores impl\u00edcitos que aparecen cuando los alumnos comparan espont\u00e1neamente las fracciones con los n\u00fameros enteros, que son los que han trabajado hasta ahora; si no se los decimos, ellos no tiene elementos para darse cuenta de los n\u00fameros fraccionarios tienen una naturaleza y unas propiedades muy diferentes de los enteros. Cada n\u00famero entero se escribe de una manera, pero cada n\u00famero racional se puede escribir de muchas maneras, con fracciones equivalentes que tiene su mismo valor (son infinitas).<br \/>\nAsimismo, un n\u00famero fraccionario nunca tiene otro que sea \u201cel que le sigue\u201d, puesto que entre dos fracciones, por cercanas que parezcan, siempre podremos encontrar otra, es decir, entre dos siempre hay infinitas.<br \/>\nEstas caracter\u00edsticas de las fracciones les crean serias dificultades a los ni\u00f1os y ni\u00f1as, sobre todo en el ciclo medio de primaria, cuando se acostumbra a empezar el aprendizaje de las fracciones. Y si nosotros no tuvi\u00e9semos bastante en cuenta este hecho, o si lo minimiz\u00e1semos con el pretexto de facilitarla compresi\u00f3n de lo que se est\u00e1 trabajando, podr\u00edamos propiciar la creaci\u00f3n de unos importantes errores impl\u00edcitos en nuestros alumnos, que posteriormente constar\u00eda bastante corregir.<br \/>\nAconsejamos introducir estos n\u00fameros en el ciclo medio de primaria y continuar trabaj\u00e1ndolos durante toda la etapa.<br \/>\nEl dominio del c\u00e1lculo con fracciones tendr\u00e1 una poderosa influencia en la comprensi\u00f3n de las operaciones algebraicas en secundaria, aunque es probable que tambi\u00e9n en dicha etapa muchos chicos y chicas tengan que seguir insistiendo a fin de lograr una buena comprensi\u00f3n de las fracciones.<\/p>\n","protected":false},"excerpt":{"rendered":"<p>La noci\u00f3n de n\u00famero fraccionario es una de las m\u00e1s dif\u00edciles que se trabajan en primaria, y requiere una atenci\u00f3n especial para no caer en errores impl\u00edcitos que aparecen cuando los alumnos comparan espont\u00e1neamente las fracciones con los n\u00fameros enteros, que son los que han trabajado hasta ahora; si no se los decimos, ellos no tiene elementos para darse cuenta de los n\u00fameros fraccionarios tienen una naturaleza y unas propiedades muy diferentes de los enteros. Cada n\u00famero entero se escribe de una manera, pero cada n\u00famero racional se puede escribir de muchas maneras, con fracciones equivalentes que tiene su mismo valor (son infinitas).<br \/>\nAsimismo, un n\u00famero fraccionario nunca tiene otro que sea \u201cel que le sigue\u201d, puesto que entre dos fracciones, por cercanas que parezcan, siempre podremos encontrar otra, es decir, entre dos siempre hay infinitas.<br \/>\nEstas caracter\u00edsticas de las fracciones les crean serias dificultades a los ni\u00f1os y ni\u00f1as, sobre todo en el ciclo medio de primaria, cuando se acostumbra a empezar el aprendizaje de las fracciones. Y si nosotros no tuvi\u00e9semos bastante en cuenta este hecho, o si lo minimiz\u00e1semos con el pretexto de facilitarla compresi\u00f3n de lo que se est\u00e1 trabajando, podr\u00edamos propiciar la creaci\u00f3n de unos importantes errores impl\u00edcitos en nuestros alumnos, que posteriormente constar\u00eda bastante corregir.<br \/>\nAconsejamos introducir estos n\u00fameros en el ciclo medio de primaria y continuar trabaj\u00e1ndolos durante toda la etapa.<br \/>\nEl dominio del c\u00e1lculo con fracciones tendr\u00e1 una poderosa influencia en la comprensi\u00f3n de las operaciones algebraicas en secundaria, aunque es probable que tambi\u00e9n en dicha etapa muchos chicos y chicas tengan que seguir insistiendo a fin de lograr una buena comprensi\u00f3n de las fracciones.<\/p>\n","protected":false},"featured_media":52862,"comment_status":"open","ping_status":"closed","template":"","meta":{"_et_pb_use_builder":"","_et_pb_old_content":"","_et_gb_content_width":""},"product_cat":[11858,11859,11877],"product_tag":[11860],"edicion":[11865],"editoriales":[11867,12203],"tienda":[],"autor_id":[12429],"universidades_coeditoras":[],"palabras_clave":[],"listado_alfabetico":[],"acf":[],"_links":{"self":[{"href":"https:\/\/wizardly-davinci.82-223-8-23.plesk.page\/en\/wp-json\/wp\/v2\/product\/57924"}],"collection":[{"href":"https:\/\/wizardly-davinci.82-223-8-23.plesk.page\/en\/wp-json\/wp\/v2\/product"}],"about":[{"href":"https:\/\/wizardly-davinci.82-223-8-23.plesk.page\/en\/wp-json\/wp\/v2\/types\/product"}],"replies":[{"embeddable":true,"href":"https:\/\/wizardly-davinci.82-223-8-23.plesk.page\/en\/wp-json\/wp\/v2\/comments?post=57924"}],"wp:featuredmedia":[{"embeddable":true,"href":"https:\/\/wizardly-davinci.82-223-8-23.plesk.page\/en\/wp-json\/wp\/v2\/media\/52862"}],"wp:attachment":[{"href":"https:\/\/wizardly-davinci.82-223-8-23.plesk.page\/en\/wp-json\/wp\/v2\/media?parent=57924"}],"wp:term":[{"taxonomy":"product_cat","embeddable":true,"href":"https:\/\/wizardly-davinci.82-223-8-23.plesk.page\/en\/wp-json\/wp\/v2\/product_cat?post=57924"},{"taxonomy":"product_tag","embeddable":true,"href":"https:\/\/wizardly-davinci.82-223-8-23.plesk.page\/en\/wp-json\/wp\/v2\/product_tag?post=57924"},{"taxonomy":"edicion","embeddable":true,"href":"https:\/\/wizardly-davinci.82-223-8-23.plesk.page\/en\/wp-json\/wp\/v2\/edicion?post=57924"},{"taxonomy":"editoriales","embeddable":true,"href":"https:\/\/wizardly-davinci.82-223-8-23.plesk.page\/en\/wp-json\/wp\/v2\/editoriales?post=57924"},{"taxonomy":"tienda","embeddable":true,"href":"https:\/\/wizardly-davinci.82-223-8-23.plesk.page\/en\/wp-json\/wp\/v2\/tienda?post=57924"},{"taxonomy":"autor_id","embeddable":true,"href":"https:\/\/wizardly-davinci.82-223-8-23.plesk.page\/en\/wp-json\/wp\/v2\/autor_id?post=57924"},{"taxonomy":"universidades_coeditoras","embeddable":true,"href":"https:\/\/wizardly-davinci.82-223-8-23.plesk.page\/en\/wp-json\/wp\/v2\/universidades_coeditoras?post=57924"},{"taxonomy":"palabras_clave","embeddable":true,"href":"https:\/\/wizardly-davinci.82-223-8-23.plesk.page\/en\/wp-json\/wp\/v2\/palabras_clave?post=57924"},{"taxonomy":"listado_alfabetico","embeddable":true,"href":"https:\/\/wizardly-davinci.82-223-8-23.plesk.page\/en\/wp-json\/wp\/v2\/listado_alfabetico?post=57924"}],"curies":[{"name":"wp","href":"https:\/\/api.w.org\/{rel}","templated":true}]}}