{"id":58184,"date":"2022-04-26T16:19:09","date_gmt":"2022-04-26T16:19:09","guid":{"rendered":"https:\/\/octaedro.com\/libro\/los-retos-educativos-de-la-ensenanza-del-siglo-xxi\/"},"modified":"2023-02-22T13:44:13","modified_gmt":"2023-02-22T12:44:13","slug":"los-retos-educativos-de-la-ensenanza-del-siglo-xxi-2","status":"publish","type":"product","link":"https:\/\/wizardly-davinci.82-223-8-23.plesk.page\/en\/producto\/los-retos-educativos-de-la-ensenanza-del-siglo-xxi-2\/","title":{"rendered":"Los retos educativos de la ense\u00f1anza del siglo XXI"},"content":{"rendered":"","protected":false},"excerpt":{"rendered":"<p>Las necesidades de la educaci\u00f3n cambian y evolucionan r\u00e1pidamente, por lo que resulta fundamental investigar y realizar acciones innovadoras que den respuestas m\u00e1s ajustadas a las exigencias de la sociedad actual y a las necesidades particulares de la diversidad del alumnado. De esta forma se contribuye a la calidad educativa, garantizando la equidad y el desarrollo efectivo de las competencias de todo el alumnado, sin excepci\u00f3n, presente en las aulas del siglo XXI. El proceso de inclusi\u00f3n educativa es un reto para los docentes de hoy d\u00eda, que hace que las estrategias educativas tradicionales tengan necesariamente que ser sustituidas por otras metodolog\u00edas innovadoras, que otorguen al alumnado el papel protagonista de su propio aprendizaje, de forma activa, participativa y personalizada. Este supone el \u00fanico camino posible para conseguir un aprendizaje significativo, af\u00edn e inclusivo. Y para ello, los docentes deben redefinir su papel en la educaci\u00f3n, pasando a ser planificadores y gu\u00edas del aprendizaje. Adem\u00e1s de conocer, escoger pertinentemente y aplicar los nuevos m\u00e9todos de ense\u00f1anza, que permiten hacer frente a los desaf\u00edos existentes en las aulas actuales.<\/p>\n","protected":false},"featured_media":58143,"comment_status":"open","ping_status":"closed","template":"","meta":{"_et_pb_use_builder":"","_et_pb_old_content":"","_et_gb_content_width":""},"product_cat":[11899,11913],"product_tag":[11890],"edicion":[12178],"editoriales":[11867],"tienda":[],"autor_id":[19319,20857,14420,15055],"universidades_coeditoras":[14901],"palabras_clave":[],"listado_alfabetico":[],"acf":[],"_links":{"self":[{"href":"https:\/\/wizardly-davinci.82-223-8-23.plesk.page\/en\/wp-json\/wp\/v2\/product\/58184"}],"collection":[{"href":"https:\/\/wizardly-davinci.82-223-8-23.plesk.page\/en\/wp-json\/wp\/v2\/product"}],"about":[{"href":"https:\/\/wizardly-davinci.82-223-8-23.plesk.page\/en\/wp-json\/wp\/v2\/types\/product"}],"replies":[{"embeddable":true,"href":"https:\/\/wizardly-davinci.82-223-8-23.plesk.page\/en\/wp-json\/wp\/v2\/comments?post=58184"}],"wp:featuredmedia":[{"embeddable":true,"href":"https:\/\/wizardly-davinci.82-223-8-23.plesk.page\/en\/wp-json\/wp\/v2\/media\/58143"}],"wp:attachment":[{"href":"https:\/\/wizardly-davinci.82-223-8-23.plesk.page\/en\/wp-json\/wp\/v2\/media?parent=58184"}],"wp:term":[{"taxonomy":"product_cat","embeddable":true,"href":"https:\/\/wizardly-davinci.82-223-8-23.plesk.page\/en\/wp-json\/wp\/v2\/product_cat?post=58184"},{"taxonomy":"product_tag","embeddable":true,"href":"https:\/\/wizardly-davinci.82-223-8-23.plesk.page\/en\/wp-json\/wp\/v2\/product_tag?post=58184"},{"taxonomy":"edicion","embeddable":true,"href":"https:\/\/wizardly-davinci.82-223-8-23.plesk.page\/en\/wp-json\/wp\/v2\/edicion?post=58184"},{"taxonomy":"editoriales","embeddable":true,"href":"https:\/\/wizardly-davinci.82-223-8-23.plesk.page\/en\/wp-json\/wp\/v2\/editoriales?post=58184"},{"taxonomy":"tienda","embeddable":true,"href":"https:\/\/wizardly-davinci.82-223-8-23.plesk.page\/en\/wp-json\/wp\/v2\/tienda?post=58184"},{"taxonomy":"autor_id","embeddable":true,"href":"https:\/\/wizardly-davinci.82-223-8-23.plesk.page\/en\/wp-json\/wp\/v2\/autor_id?post=58184"},{"taxonomy":"universidades_coeditoras","embeddable":true,"href":"https:\/\/wizardly-davinci.82-223-8-23.plesk.page\/en\/wp-json\/wp\/v2\/universidades_coeditoras?post=58184"},{"taxonomy":"palabras_clave","embeddable":true,"href":"https:\/\/wizardly-davinci.82-223-8-23.plesk.page\/en\/wp-json\/wp\/v2\/palabras_clave?post=58184"},{"taxonomy":"listado_alfabetico","embeddable":true,"href":"https:\/\/wizardly-davinci.82-223-8-23.plesk.page\/en\/wp-json\/wp\/v2\/listado_alfabetico?post=58184"}],"curies":[{"name":"wp","href":"https:\/\/api.w.org\/{rel}","templated":true}]}}