{"id":58185,"date":"2022-04-26T15:56:44","date_gmt":"2022-04-26T15:56:44","guid":{"rendered":"https:\/\/octaedro.com\/libro\/desafios-en-la-investigacion-e-innovacion-para-las-practicas-en-educacion\/"},"modified":"2023-02-22T13:44:13","modified_gmt":"2023-02-22T12:44:13","slug":"desafios-en-la-investigacion-e-innovacion-para-las-practicas-en-educacion","status":"publish","type":"product","link":"https:\/\/wizardly-davinci.82-223-8-23.plesk.page\/en\/producto\/desafios-en-la-investigacion-e-innovacion-para-las-practicas-en-educacion\/","title":{"rendered":"Desaf\u00edos en la investigaci\u00f3n e innovaci\u00f3n para las pr\u00e1cticas en educaci\u00f3n"},"content":{"rendered":"","protected":false},"excerpt":{"rendered":"<p>En educaci\u00f3n existen desaf\u00edos, objetivos y necesidades para realizar acciones investigadoras e innovadoras ajustando los procesos educativos a las realidades sociales, a las necesidades individuales y a la inclusi\u00f3n de nuevos grupos sociales.<\/p>\n<p>En los cap\u00edtulos de esta obra se refleja la expansi\u00f3n de las metodolog\u00edas activas de ense\u00f1anza y la necesidad de que los miembros de la comunidad educativa se mantengan actualizados. Se se\u00f1ala c\u00f3mo la inclusi\u00f3n educativa es un proceso en evoluci\u00f3n, social y normativa, que precisa enfoques avanzados y rigurosos que disminuyan la vulnerabilidad a la que se enfrentan algunos grupos poblacionales (especialmente, mujeres e inmigrantes). Destacan temas sobre el abandono universitario, enfocado a la pol\u00edtica educativa y las reformas en la Educaci\u00f3n Superior, el liderazgo educativo y propuestas metodol\u00f3gicas que promocionan las competencias clave, el desarrollo de la inteligencia emocional, la mejora de la convivencia escolar y la promoci\u00f3n de la salud mental infantil.<\/p>\n<p>Este libro puede aportar innovadoras propuestas y novedosas aplicaciones pr\u00e1cticas en las metodolog\u00edas activas tanto en la educaci\u00f3n formal como en las poblaciones con riesgos de exclusi\u00f3n.<\/p>\n","protected":false},"featured_media":58128,"comment_status":"open","ping_status":"closed","template":"","meta":{"_et_pb_use_builder":"","_et_pb_old_content":"","_et_gb_content_width":""},"product_cat":[11899,11913],"product_tag":[11890],"edicion":[12178],"editoriales":[11867],"tienda":[],"autor_id":[15072,13992,19319,15054],"universidades_coeditoras":[14901],"palabras_clave":[],"listado_alfabetico":[],"acf":[],"_links":{"self":[{"href":"https:\/\/wizardly-davinci.82-223-8-23.plesk.page\/en\/wp-json\/wp\/v2\/product\/58185"}],"collection":[{"href":"https:\/\/wizardly-davinci.82-223-8-23.plesk.page\/en\/wp-json\/wp\/v2\/product"}],"about":[{"href":"https:\/\/wizardly-davinci.82-223-8-23.plesk.page\/en\/wp-json\/wp\/v2\/types\/product"}],"replies":[{"embeddable":true,"href":"https:\/\/wizardly-davinci.82-223-8-23.plesk.page\/en\/wp-json\/wp\/v2\/comments?post=58185"}],"wp:featuredmedia":[{"embeddable":true,"href":"https:\/\/wizardly-davinci.82-223-8-23.plesk.page\/en\/wp-json\/wp\/v2\/media\/58128"}],"wp:attachment":[{"href":"https:\/\/wizardly-davinci.82-223-8-23.plesk.page\/en\/wp-json\/wp\/v2\/media?parent=58185"}],"wp:term":[{"taxonomy":"product_cat","embeddable":true,"href":"https:\/\/wizardly-davinci.82-223-8-23.plesk.page\/en\/wp-json\/wp\/v2\/product_cat?post=58185"},{"taxonomy":"product_tag","embeddable":true,"href":"https:\/\/wizardly-davinci.82-223-8-23.plesk.page\/en\/wp-json\/wp\/v2\/product_tag?post=58185"},{"taxonomy":"edicion","embeddable":true,"href":"https:\/\/wizardly-davinci.82-223-8-23.plesk.page\/en\/wp-json\/wp\/v2\/edicion?post=58185"},{"taxonomy":"editoriales","embeddable":true,"href":"https:\/\/wizardly-davinci.82-223-8-23.plesk.page\/en\/wp-json\/wp\/v2\/editoriales?post=58185"},{"taxonomy":"tienda","embeddable":true,"href":"https:\/\/wizardly-davinci.82-223-8-23.plesk.page\/en\/wp-json\/wp\/v2\/tienda?post=58185"},{"taxonomy":"autor_id","embeddable":true,"href":"https:\/\/wizardly-davinci.82-223-8-23.plesk.page\/en\/wp-json\/wp\/v2\/autor_id?post=58185"},{"taxonomy":"universidades_coeditoras","embeddable":true,"href":"https:\/\/wizardly-davinci.82-223-8-23.plesk.page\/en\/wp-json\/wp\/v2\/universidades_coeditoras?post=58185"},{"taxonomy":"palabras_clave","embeddable":true,"href":"https:\/\/wizardly-davinci.82-223-8-23.plesk.page\/en\/wp-json\/wp\/v2\/palabras_clave?post=58185"},{"taxonomy":"listado_alfabetico","embeddable":true,"href":"https:\/\/wizardly-davinci.82-223-8-23.plesk.page\/en\/wp-json\/wp\/v2\/listado_alfabetico?post=58185"}],"curies":[{"name":"wp","href":"https:\/\/api.w.org\/{rel}","templated":true}]}}