{"id":58197,"date":"2019-04-09T23:00:28","date_gmt":"2019-04-09T21:00:28","guid":{"rendered":"https:\/\/octaedro.com\/libro\/perdido\/"},"modified":"2023-02-22T13:44:18","modified_gmt":"2023-02-22T12:44:18","slug":"perdido-2","status":"publish","type":"product","link":"https:\/\/wizardly-davinci.82-223-8-23.plesk.page\/en\/producto\/perdido-2\/","title":{"rendered":"Perdido"},"content":{"rendered":"<p><em>Perdido<\/em> cuenta el d\u00eda en que Gabriel se perdi\u00f3 durante un paseo por un centro comercial. Carla lo encuentra muerto de miedo en una esquina de un pasillo y le dice que ella es una buena persona y que est\u00e1 dispuesta a ayudarlo. Pero \u00bfc\u00f3mo puede Gabriel estar seguro de que eso es verdad? \u00bfPuede confiar en Carla? A trav\u00e9s de un di\u00e1logo inteligente entre los dos personajes, el libro muestra a los ni\u00f1os algunos consejos \u00fatiles en situaciones como esta.<\/p>\n","protected":false},"excerpt":{"rendered":"<p><em>Perdido<\/em> cuenta el d\u00eda en que Gabriel se perdi\u00f3 durante un paseo por un centro comercial. Carla lo encuentra muerto de miedo en una esquina de un pasillo y le dice que ella es una buena persona y que est\u00e1 dispuesta a ayudarlo. Pero \u00bfc\u00f3mo puede Gabriel estar seguro de que eso es verdad? \u00bfPuede confiar en Carla? A trav\u00e9s de un di\u00e1logo inteligente entre los dos personajes, el libro muestra a los ni\u00f1os algunos consejos \u00fatiles en situaciones como esta.<\/p>\n","protected":false},"featured_media":58198,"comment_status":"open","ping_status":"closed","template":"","meta":{"_et_pb_use_builder":"","_et_pb_old_content":"","_et_gb_content_width":""},"product_cat":[11901,11858,11859,11879],"product_tag":[11860],"edicion":[11865],"editoriales":[11866],"tienda":[],"autor_id":[14008,20864],"universidades_coeditoras":[],"palabras_clave":[],"listado_alfabetico":[],"acf":[],"_links":{"self":[{"href":"https:\/\/wizardly-davinci.82-223-8-23.plesk.page\/en\/wp-json\/wp\/v2\/product\/58197"}],"collection":[{"href":"https:\/\/wizardly-davinci.82-223-8-23.plesk.page\/en\/wp-json\/wp\/v2\/product"}],"about":[{"href":"https:\/\/wizardly-davinci.82-223-8-23.plesk.page\/en\/wp-json\/wp\/v2\/types\/product"}],"replies":[{"embeddable":true,"href":"https:\/\/wizardly-davinci.82-223-8-23.plesk.page\/en\/wp-json\/wp\/v2\/comments?post=58197"}],"wp:featuredmedia":[{"embeddable":true,"href":"https:\/\/wizardly-davinci.82-223-8-23.plesk.page\/en\/wp-json\/wp\/v2\/media\/58198"}],"wp:attachment":[{"href":"https:\/\/wizardly-davinci.82-223-8-23.plesk.page\/en\/wp-json\/wp\/v2\/media?parent=58197"}],"wp:term":[{"taxonomy":"product_cat","embeddable":true,"href":"https:\/\/wizardly-davinci.82-223-8-23.plesk.page\/en\/wp-json\/wp\/v2\/product_cat?post=58197"},{"taxonomy":"product_tag","embeddable":true,"href":"https:\/\/wizardly-davinci.82-223-8-23.plesk.page\/en\/wp-json\/wp\/v2\/product_tag?post=58197"},{"taxonomy":"edicion","embeddable":true,"href":"https:\/\/wizardly-davinci.82-223-8-23.plesk.page\/en\/wp-json\/wp\/v2\/edicion?post=58197"},{"taxonomy":"editoriales","embeddable":true,"href":"https:\/\/wizardly-davinci.82-223-8-23.plesk.page\/en\/wp-json\/wp\/v2\/editoriales?post=58197"},{"taxonomy":"tienda","embeddable":true,"href":"https:\/\/wizardly-davinci.82-223-8-23.plesk.page\/en\/wp-json\/wp\/v2\/tienda?post=58197"},{"taxonomy":"autor_id","embeddable":true,"href":"https:\/\/wizardly-davinci.82-223-8-23.plesk.page\/en\/wp-json\/wp\/v2\/autor_id?post=58197"},{"taxonomy":"universidades_coeditoras","embeddable":true,"href":"https:\/\/wizardly-davinci.82-223-8-23.plesk.page\/en\/wp-json\/wp\/v2\/universidades_coeditoras?post=58197"},{"taxonomy":"palabras_clave","embeddable":true,"href":"https:\/\/wizardly-davinci.82-223-8-23.plesk.page\/en\/wp-json\/wp\/v2\/palabras_clave?post=58197"},{"taxonomy":"listado_alfabetico","embeddable":true,"href":"https:\/\/wizardly-davinci.82-223-8-23.plesk.page\/en\/wp-json\/wp\/v2\/listado_alfabetico?post=58197"}],"curies":[{"name":"wp","href":"https:\/\/api.w.org\/{rel}","templated":true}]}}