{"id":58202,"date":"2019-04-09T23:00:28","date_gmt":"2019-04-09T21:00:28","guid":{"rendered":"https:\/\/octaedro.com\/libro\/el-dinero\/"},"modified":"2023-02-22T13:44:18","modified_gmt":"2023-02-22T12:44:18","slug":"el-dinero-2","status":"publish","type":"product","link":"https:\/\/wizardly-davinci.82-223-8-23.plesk.page\/en\/producto\/el-dinero-2\/","title":{"rendered":"El dinero"},"content":{"rendered":"<p>\u00bfQu\u00e9 es el dinero?<br \/>\n\u00bfCu\u00e1l es su origen?<br \/>\n\u00bfPor qu\u00e9 existe?<br \/>\nEn este libro encontramos informaciones y curiosidades sobre un tema que despierta gran inter\u00e9s en los m\u00e1s peque\u00f1os.<br \/>\nSe explican t\u00e9rminos como salario, impuesto, presupuesto y \u00a1muchas cosas m\u00e1s!<\/p>\n","protected":false},"excerpt":{"rendered":"<p>\u00bfQu\u00e9 es el dinero?<br \/>\n\u00bfCu\u00e1l es su origen?<br \/>\n\u00bfPor qu\u00e9 existe?<br \/>\nEn este libro encontramos informaciones y curiosidades sobre un tema que despierta gran inter\u00e9s en los m\u00e1s peque\u00f1os.<br \/>\nSe explican t\u00e9rminos como salario, impuesto, presupuesto y \u00a1muchas cosas m\u00e1s!<\/p>\n","protected":false},"featured_media":58203,"comment_status":"open","ping_status":"closed","template":"","meta":{"_et_pb_use_builder":"","_et_pb_old_content":"","_et_gb_content_width":""},"product_cat":[11901,11858,11859,11879],"product_tag":[11860],"edicion":[11865],"editoriales":[11866],"tienda":[],"autor_id":[14561,20867],"universidades_coeditoras":[],"palabras_clave":[],"listado_alfabetico":[],"acf":[],"_links":{"self":[{"href":"https:\/\/wizardly-davinci.82-223-8-23.plesk.page\/en\/wp-json\/wp\/v2\/product\/58202"}],"collection":[{"href":"https:\/\/wizardly-davinci.82-223-8-23.plesk.page\/en\/wp-json\/wp\/v2\/product"}],"about":[{"href":"https:\/\/wizardly-davinci.82-223-8-23.plesk.page\/en\/wp-json\/wp\/v2\/types\/product"}],"replies":[{"embeddable":true,"href":"https:\/\/wizardly-davinci.82-223-8-23.plesk.page\/en\/wp-json\/wp\/v2\/comments?post=58202"}],"wp:featuredmedia":[{"embeddable":true,"href":"https:\/\/wizardly-davinci.82-223-8-23.plesk.page\/en\/wp-json\/wp\/v2\/media\/58203"}],"wp:attachment":[{"href":"https:\/\/wizardly-davinci.82-223-8-23.plesk.page\/en\/wp-json\/wp\/v2\/media?parent=58202"}],"wp:term":[{"taxonomy":"product_cat","embeddable":true,"href":"https:\/\/wizardly-davinci.82-223-8-23.plesk.page\/en\/wp-json\/wp\/v2\/product_cat?post=58202"},{"taxonomy":"product_tag","embeddable":true,"href":"https:\/\/wizardly-davinci.82-223-8-23.plesk.page\/en\/wp-json\/wp\/v2\/product_tag?post=58202"},{"taxonomy":"edicion","embeddable":true,"href":"https:\/\/wizardly-davinci.82-223-8-23.plesk.page\/en\/wp-json\/wp\/v2\/edicion?post=58202"},{"taxonomy":"editoriales","embeddable":true,"href":"https:\/\/wizardly-davinci.82-223-8-23.plesk.page\/en\/wp-json\/wp\/v2\/editoriales?post=58202"},{"taxonomy":"tienda","embeddable":true,"href":"https:\/\/wizardly-davinci.82-223-8-23.plesk.page\/en\/wp-json\/wp\/v2\/tienda?post=58202"},{"taxonomy":"autor_id","embeddable":true,"href":"https:\/\/wizardly-davinci.82-223-8-23.plesk.page\/en\/wp-json\/wp\/v2\/autor_id?post=58202"},{"taxonomy":"universidades_coeditoras","embeddable":true,"href":"https:\/\/wizardly-davinci.82-223-8-23.plesk.page\/en\/wp-json\/wp\/v2\/universidades_coeditoras?post=58202"},{"taxonomy":"palabras_clave","embeddable":true,"href":"https:\/\/wizardly-davinci.82-223-8-23.plesk.page\/en\/wp-json\/wp\/v2\/palabras_clave?post=58202"},{"taxonomy":"listado_alfabetico","embeddable":true,"href":"https:\/\/wizardly-davinci.82-223-8-23.plesk.page\/en\/wp-json\/wp\/v2\/listado_alfabetico?post=58202"}],"curies":[{"name":"wp","href":"https:\/\/api.w.org\/{rel}","templated":true}]}}