{"id":58238,"date":"2016-12-01T23:00:22","date_gmt":"2016-12-01T22:00:22","guid":{"rendered":"https:\/\/octaedro.com\/libro\/tiempo-de-derrotas\/"},"modified":"2023-02-22T13:44:28","modified_gmt":"2023-02-22T12:44:28","slug":"tiempo-de-derrotas-2","status":"publish","type":"product","link":"https:\/\/wizardly-davinci.82-223-8-23.plesk.page\/en\/producto\/tiempo-de-derrotas-2\/","title":{"rendered":"Tiempo de derrotas"},"content":{"rendered":"<p>La muerte de un \u00abviejo conocido de la infancia\u00bb, que no amigo, hace revivir en el protagonista, del que desconocemos el nombre, todo un mundo de recuerdos infantiles y sentimientos, entre los que el miedo, el silencio y el desamparo se manifiestan con toda su crudeza. Pero este es solamente el hilo conductor que enlaza las historias de un amplio coro de personajes, mediante las cuales el autor nos seduce describiendo con certeras pinceladas la \u00e9poca que les ha tocado vivir. Los \u00faltimos coletazos de la posguerra en una zona rural cualquiera de nuestro marco geogr\u00e1fico son el escenario en el que se desarrollan los retazos de una historia infantil que nos adentra en un entramado de hechos, vivencias y evocaciones en el cual aparecen temas de car\u00e1cter universal como el bulling, la corrupci\u00f3n, el miedo, la pobreza, el servilismo\u2026 La importancia de esta novela, tanto o m\u00e1s que el propio argumento, reside en el peculiar estilo con que el autor va desgranando los diversos elementos, que nos introduce de manera po\u00e9tica y espectacular en un mundo en el que el miedo campa a sus anchas. Brillant\u00edsimas descripciones cargadas de poes\u00eda y de sugerencias intangibles llevan al lector a un mundo de derrotas surcadas por el miedo y el desamparo, hasta dejarle sin aliento. Es una novela que no se agota con una sola lectura; la relectura de los hermosos p\u00e1rrafos que encontramos continuamente permite que nos deleitemos con cada una de sus p\u00e1ginas hasta llegar al desenlace final.<\/p>\n","protected":false},"excerpt":{"rendered":"<p>La muerte de un \u00abviejo conocido de la infancia\u00bb, que no amigo, hace revivir en el protagonista, del que desconocemos el nombre, todo un mundo de recuerdos infantiles y sentimientos, entre los que el miedo, el silencio y el desamparo se manifiestan con toda su crudeza. Pero este es solamente el hilo conductor que enlaza las historias de un amplio coro de personajes, mediante las cuales el autor nos seduce describiendo con certeras pinceladas la \u00e9poca que les ha tocado vivir. Los \u00faltimos coletazos de la posguerra en una zona rural cualquiera de nuestro marco geogr\u00e1fico son el escenario en el que se desarrollan los retazos de una historia infantil que nos adentra en un entramado de hechos, vivencias y evocaciones en el cual aparecen temas de car\u00e1cter universal como el bulling, la corrupci\u00f3n, el miedo, la pobreza, el servilismo\u2026 La importancia de esta novela, tanto o m\u00e1s que el propio argumento, reside en el peculiar estilo con que el autor va desgranando los diversos elementos, que nos introduce de manera po\u00e9tica y espectacular en un mundo en el que el miedo campa a sus anchas. Brillant\u00edsimas descripciones cargadas de poes\u00eda y de sugerencias intangibles llevan al lector a un mundo de derrotas surcadas por el miedo y el desamparo, hasta dejarle sin aliento. Es una novela que no se agota con una sola lectura; la relectura de los hermosos p\u00e1rrafos que encontramos continuamente permite que nos deleitemos con cada una de sus p\u00e1ginas hasta llegar al desenlace final.<\/p>\n","protected":false},"featured_media":58256,"comment_status":"open","ping_status":"closed","template":"","meta":{"_et_pb_use_builder":"","_et_pb_old_content":"","_et_gb_content_width":""},"product_cat":[11901,11858,11859],"product_tag":[11860],"edicion":[11865],"editoriales":[11866,11867],"tienda":[],"autor_id":[20872],"universidades_coeditoras":[],"palabras_clave":[],"listado_alfabetico":[],"acf":[],"_links":{"self":[{"href":"https:\/\/wizardly-davinci.82-223-8-23.plesk.page\/en\/wp-json\/wp\/v2\/product\/58238"}],"collection":[{"href":"https:\/\/wizardly-davinci.82-223-8-23.plesk.page\/en\/wp-json\/wp\/v2\/product"}],"about":[{"href":"https:\/\/wizardly-davinci.82-223-8-23.plesk.page\/en\/wp-json\/wp\/v2\/types\/product"}],"replies":[{"embeddable":true,"href":"https:\/\/wizardly-davinci.82-223-8-23.plesk.page\/en\/wp-json\/wp\/v2\/comments?post=58238"}],"wp:featuredmedia":[{"embeddable":true,"href":"https:\/\/wizardly-davinci.82-223-8-23.plesk.page\/en\/wp-json\/wp\/v2\/media\/58256"}],"wp:attachment":[{"href":"https:\/\/wizardly-davinci.82-223-8-23.plesk.page\/en\/wp-json\/wp\/v2\/media?parent=58238"}],"wp:term":[{"taxonomy":"product_cat","embeddable":true,"href":"https:\/\/wizardly-davinci.82-223-8-23.plesk.page\/en\/wp-json\/wp\/v2\/product_cat?post=58238"},{"taxonomy":"product_tag","embeddable":true,"href":"https:\/\/wizardly-davinci.82-223-8-23.plesk.page\/en\/wp-json\/wp\/v2\/product_tag?post=58238"},{"taxonomy":"edicion","embeddable":true,"href":"https:\/\/wizardly-davinci.82-223-8-23.plesk.page\/en\/wp-json\/wp\/v2\/edicion?post=58238"},{"taxonomy":"editoriales","embeddable":true,"href":"https:\/\/wizardly-davinci.82-223-8-23.plesk.page\/en\/wp-json\/wp\/v2\/editoriales?post=58238"},{"taxonomy":"tienda","embeddable":true,"href":"https:\/\/wizardly-davinci.82-223-8-23.plesk.page\/en\/wp-json\/wp\/v2\/tienda?post=58238"},{"taxonomy":"autor_id","embeddable":true,"href":"https:\/\/wizardly-davinci.82-223-8-23.plesk.page\/en\/wp-json\/wp\/v2\/autor_id?post=58238"},{"taxonomy":"universidades_coeditoras","embeddable":true,"href":"https:\/\/wizardly-davinci.82-223-8-23.plesk.page\/en\/wp-json\/wp\/v2\/universidades_coeditoras?post=58238"},{"taxonomy":"palabras_clave","embeddable":true,"href":"https:\/\/wizardly-davinci.82-223-8-23.plesk.page\/en\/wp-json\/wp\/v2\/palabras_clave?post=58238"},{"taxonomy":"listado_alfabetico","embeddable":true,"href":"https:\/\/wizardly-davinci.82-223-8-23.plesk.page\/en\/wp-json\/wp\/v2\/listado_alfabetico?post=58238"}],"curies":[{"name":"wp","href":"https:\/\/api.w.org\/{rel}","templated":true}]}}