{"id":58280,"date":"2019-04-09T23:00:22","date_gmt":"2019-04-09T21:00:22","guid":{"rendered":"https:\/\/octaedro.com\/libro\/la-confesion\/"},"modified":"2023-02-22T13:44:34","modified_gmt":"2023-02-22T12:44:34","slug":"la-confesion-2","status":"publish","type":"product","link":"https:\/\/wizardly-davinci.82-223-8-23.plesk.page\/en\/producto\/la-confesion-2\/","title":{"rendered":"La confesi\u00f3n"},"content":{"rendered":"<p><em>La confesi\u00f3n<\/em> es un libro que, en forma de novela hist\u00f3rica, nos muestra los aspectos m\u00e1s contradictorios de la Edad Media. Cuando el mundo occidental se derrumbaba con la ca\u00edda del Temple, un personaje de ficci\u00f3n, nacido en tierras catalanas, se convierte en protagonista de una historia sobrecogedora: desde su lecho de muerte inicia la narraci\u00f3n de su azarosa vida, en forma de confesi\u00f3n a un amigo musulm\u00e1n de Granada, siguiendo un orden cronol\u00f3gico de los acontecimientos.<br \/>\nA medida que va explicando su relato, se van sucediendo uno tras otro los momentos m\u00e1s desgarradores a trav\u00e9s de una serie de vivencias. Y es cuando el lector toma conciencia de la fuerza de los sentimientos, de la dureza de las traiciones, de la crudeza de los miedos y desamparos y de la precariedad de la vida humana, cuando nuestro protagonista, m\u00e9dico de profesi\u00f3n, tiene que luchar con su ciencia para salvar a numerosas personas de enfermedades o heridas en combate, poniendo en riesgo, en muchos casos, su propia seguridad.<br \/>\nEste personaje, que narra su historia en primera persona, es, adem\u00e1s, caballero templario, y su ingreso y desarrollo en la Orden del Temple es explicado con todo lujo de detalles, desde su iniciaci\u00f3n como postulante hasta la confirmaci\u00f3n como caballero, en la encomienda de la Ciudad Condal. Por ello, gracias a su condici\u00f3n de m\u00e9dico y de caballero templario, conoce a innumerables personajes coet\u00e1neos a \u00e9l, que formaron parte de un mundo convulso, donde la fuerza de los valores contrasta con las debilidades de la miseria humana. Pero, por encima de todo, late la fuerza de la lealtad, el respeto y el afecto entre las personas, y se superan las barreras de las culturas, las religiones y los pensamientos filos\u00f3ficos de la \u00e9poca.<br \/>\nEn <em>La confesi\u00f3n<\/em>, el lector tiene que estar preparado para culminar una serie de dif\u00edciles pruebas, a las que se ver\u00e1 sometido en el libro, para alcanzar un final sorprendente.<\/p>\n","protected":false},"excerpt":{"rendered":"<p><em>La confesi\u00f3n<\/em> es un libro que, en forma de novela hist\u00f3rica, nos muestra los aspectos m\u00e1s contradictorios de la Edad Media. Cuando el mundo occidental se derrumbaba con la ca\u00edda del Temple, un personaje de ficci\u00f3n, nacido en tierras catalanas, se convierte en protagonista de una historia sobrecogedora: desde su lecho de muerte inicia la narraci\u00f3n de su azarosa vida, en forma de confesi\u00f3n a un amigo musulm\u00e1n de Granada, siguiendo un orden cronol\u00f3gico de los acontecimientos.<br \/>\nA medida que va explicando su relato, se van sucediendo uno tras otro los momentos m\u00e1s desgarradores a trav\u00e9s de una serie de vivencias. Y es cuando el lector toma conciencia de la fuerza de los sentimientos, de la dureza de las traiciones, de la crudeza de los miedos y desamparos y de la precariedad de la vida humana, cuando nuestro protagonista, m\u00e9dico de profesi\u00f3n, tiene que luchar con su ciencia para salvar a numerosas personas de enfermedades o heridas en combate, poniendo en riesgo, en muchos casos, su propia seguridad.<br \/>\nEste personaje, que narra su historia en primera persona, es, adem\u00e1s, caballero templario, y su ingreso y desarrollo en la Orden del Temple es explicado con todo lujo de detalles, desde su iniciaci\u00f3n como postulante hasta la confirmaci\u00f3n como caballero, en la encomienda de la Ciudad Condal. Por ello, gracias a su condici\u00f3n de m\u00e9dico y de caballero templario, conoce a innumerables personajes coet\u00e1neos a \u00e9l, que formaron parte de un mundo convulso, donde la fuerza de los valores contrasta con las debilidades de la miseria humana. Pero, por encima de todo, late la fuerza de la lealtad, el respeto y el afecto entre las personas, y se superan las barreras de las culturas, las religiones y los pensamientos filos\u00f3ficos de la \u00e9poca.<br \/>\nEn <em>La confesi\u00f3n<\/em>, el lector tiene que estar preparado para culminar una serie de dif\u00edciles pruebas, a las que se ver\u00e1 sometido en el libro, para alcanzar un final sorprendente.<\/p>\n","protected":false},"featured_media":58293,"comment_status":"open","ping_status":"closed","template":"","meta":{"_et_pb_use_builder":"","_et_pb_old_content":"","_et_gb_content_width":""},"product_cat":[11899,11901,11858,11859,11912],"product_tag":[11892],"edicion":[12199,11865],"editoriales":[11866,11867],"tienda":[],"autor_id":[20876],"universidades_coeditoras":[],"palabras_clave":[],"listado_alfabetico":[],"acf":[],"_links":{"self":[{"href":"https:\/\/wizardly-davinci.82-223-8-23.plesk.page\/en\/wp-json\/wp\/v2\/product\/58280"}],"collection":[{"href":"https:\/\/wizardly-davinci.82-223-8-23.plesk.page\/en\/wp-json\/wp\/v2\/product"}],"about":[{"href":"https:\/\/wizardly-davinci.82-223-8-23.plesk.page\/en\/wp-json\/wp\/v2\/types\/product"}],"replies":[{"embeddable":true,"href":"https:\/\/wizardly-davinci.82-223-8-23.plesk.page\/en\/wp-json\/wp\/v2\/comments?post=58280"}],"wp:featuredmedia":[{"embeddable":true,"href":"https:\/\/wizardly-davinci.82-223-8-23.plesk.page\/en\/wp-json\/wp\/v2\/media\/58293"}],"wp:attachment":[{"href":"https:\/\/wizardly-davinci.82-223-8-23.plesk.page\/en\/wp-json\/wp\/v2\/media?parent=58280"}],"wp:term":[{"taxonomy":"product_cat","embeddable":true,"href":"https:\/\/wizardly-davinci.82-223-8-23.plesk.page\/en\/wp-json\/wp\/v2\/product_cat?post=58280"},{"taxonomy":"product_tag","embeddable":true,"href":"https:\/\/wizardly-davinci.82-223-8-23.plesk.page\/en\/wp-json\/wp\/v2\/product_tag?post=58280"},{"taxonomy":"edicion","embeddable":true,"href":"https:\/\/wizardly-davinci.82-223-8-23.plesk.page\/en\/wp-json\/wp\/v2\/edicion?post=58280"},{"taxonomy":"editoriales","embeddable":true,"href":"https:\/\/wizardly-davinci.82-223-8-23.plesk.page\/en\/wp-json\/wp\/v2\/editoriales?post=58280"},{"taxonomy":"tienda","embeddable":true,"href":"https:\/\/wizardly-davinci.82-223-8-23.plesk.page\/en\/wp-json\/wp\/v2\/tienda?post=58280"},{"taxonomy":"autor_id","embeddable":true,"href":"https:\/\/wizardly-davinci.82-223-8-23.plesk.page\/en\/wp-json\/wp\/v2\/autor_id?post=58280"},{"taxonomy":"universidades_coeditoras","embeddable":true,"href":"https:\/\/wizardly-davinci.82-223-8-23.plesk.page\/en\/wp-json\/wp\/v2\/universidades_coeditoras?post=58280"},{"taxonomy":"palabras_clave","embeddable":true,"href":"https:\/\/wizardly-davinci.82-223-8-23.plesk.page\/en\/wp-json\/wp\/v2\/palabras_clave?post=58280"},{"taxonomy":"listado_alfabetico","embeddable":true,"href":"https:\/\/wizardly-davinci.82-223-8-23.plesk.page\/en\/wp-json\/wp\/v2\/listado_alfabetico?post=58280"}],"curies":[{"name":"wp","href":"https:\/\/api.w.org\/{rel}","templated":true}]}}