{"id":58284,"date":"2019-04-09T23:00:23","date_gmt":"2019-04-09T21:00:23","guid":{"rendered":"https:\/\/octaedro.com\/libro\/un-payo-entre-los-flamencos\/"},"modified":"2023-02-22T13:44:38","modified_gmt":"2023-02-22T12:44:38","slug":"un-payo-entre-los-flamencos","status":"publish","type":"product","link":"https:\/\/wizardly-davinci.82-223-8-23.plesk.page\/en\/producto\/un-payo-entre-los-flamencos\/","title":{"rendered":"Un payo entre los flamencos"},"content":{"rendered":"<p>Las presentes memorias castizas de <strong>Humberto J. Wilkes<\/strong> transportan a la Espa\u00f1a de antes, durante y despu\u00e9s de la Transici\u00f3n. Desde el punto de vista de un holand\u00e9s errante, pero muy convencido de su vocaci\u00f3n, el autor pone negro sobre blanco en algunas estampas que cualquier aficionado al flamenco de todas las \u00e9pocas so\u00f1ar\u00eda con haber vivido.<\/p>\n<p>Recorrido por un arte universal en un momento cr\u00edtico de su existencia. Ruptura frente a purismo, j\u00f3venes frente a veteranos consagrados. Ni\u00f1o Ricardo, Paco de Luc\u00eda, Morente, Manolo Sanl\u00facar, Carmen Linares, Juan y Pepe Habichuela\u2026, todos aparecen y a todos se les radiograf\u00eda como nunca antes se hab\u00eda hecho. Desde el conocimiento que da la verdadera convivencia. M\u00e1s all\u00e1 del misterio que rodea al flamenco. El sonido de Espa\u00f1a.<\/p>\n","protected":false},"excerpt":{"rendered":"<p>Las presentes memorias castizas de <strong>Humberto J. Wilkes<\/strong> transportan a la Espa\u00f1a de antes, durante y despu\u00e9s de la Transici\u00f3n. Desde el punto de vista de un holand\u00e9s errante, pero muy convencido de su vocaci\u00f3n, el autor pone negro sobre blanco en algunas estampas que cualquier aficionado al flamenco de todas las \u00e9pocas so\u00f1ar\u00eda con haber vivido.<\/p>\n<p>Recorrido por un arte universal en un momento cr\u00edtico de su existencia. Ruptura frente a purismo, j\u00f3venes frente a veteranos consagrados. Ni\u00f1o Ricardo, Paco de Luc\u00eda, Morente, Manolo Sanl\u00facar, Carmen Linares, Juan y Pepe Habichuela\u2026, todos aparecen y a todos se les radiograf\u00eda como nunca antes se hab\u00eda hecho. Desde el conocimiento que da la verdadera convivencia. M\u00e1s all\u00e1 del misterio que rodea al flamenco. El sonido de Espa\u00f1a.<\/p>\n","protected":false},"featured_media":58287,"comment_status":"open","ping_status":"closed","template":"","meta":{"_et_pb_use_builder":"","_et_pb_old_content":"","_et_gb_content_width":""},"product_cat":[11901,11858,11859],"product_tag":[11860],"edicion":[11865],"editoriales":[11866,11867],"tienda":[],"autor_id":[20875],"universidades_coeditoras":[],"palabras_clave":[],"listado_alfabetico":[],"acf":[],"_links":{"self":[{"href":"https:\/\/wizardly-davinci.82-223-8-23.plesk.page\/en\/wp-json\/wp\/v2\/product\/58284"}],"collection":[{"href":"https:\/\/wizardly-davinci.82-223-8-23.plesk.page\/en\/wp-json\/wp\/v2\/product"}],"about":[{"href":"https:\/\/wizardly-davinci.82-223-8-23.plesk.page\/en\/wp-json\/wp\/v2\/types\/product"}],"replies":[{"embeddable":true,"href":"https:\/\/wizardly-davinci.82-223-8-23.plesk.page\/en\/wp-json\/wp\/v2\/comments?post=58284"}],"wp:featuredmedia":[{"embeddable":true,"href":"https:\/\/wizardly-davinci.82-223-8-23.plesk.page\/en\/wp-json\/wp\/v2\/media\/58287"}],"wp:attachment":[{"href":"https:\/\/wizardly-davinci.82-223-8-23.plesk.page\/en\/wp-json\/wp\/v2\/media?parent=58284"}],"wp:term":[{"taxonomy":"product_cat","embeddable":true,"href":"https:\/\/wizardly-davinci.82-223-8-23.plesk.page\/en\/wp-json\/wp\/v2\/product_cat?post=58284"},{"taxonomy":"product_tag","embeddable":true,"href":"https:\/\/wizardly-davinci.82-223-8-23.plesk.page\/en\/wp-json\/wp\/v2\/product_tag?post=58284"},{"taxonomy":"edicion","embeddable":true,"href":"https:\/\/wizardly-davinci.82-223-8-23.plesk.page\/en\/wp-json\/wp\/v2\/edicion?post=58284"},{"taxonomy":"editoriales","embeddable":true,"href":"https:\/\/wizardly-davinci.82-223-8-23.plesk.page\/en\/wp-json\/wp\/v2\/editoriales?post=58284"},{"taxonomy":"tienda","embeddable":true,"href":"https:\/\/wizardly-davinci.82-223-8-23.plesk.page\/en\/wp-json\/wp\/v2\/tienda?post=58284"},{"taxonomy":"autor_id","embeddable":true,"href":"https:\/\/wizardly-davinci.82-223-8-23.plesk.page\/en\/wp-json\/wp\/v2\/autor_id?post=58284"},{"taxonomy":"universidades_coeditoras","embeddable":true,"href":"https:\/\/wizardly-davinci.82-223-8-23.plesk.page\/en\/wp-json\/wp\/v2\/universidades_coeditoras?post=58284"},{"taxonomy":"palabras_clave","embeddable":true,"href":"https:\/\/wizardly-davinci.82-223-8-23.plesk.page\/en\/wp-json\/wp\/v2\/palabras_clave?post=58284"},{"taxonomy":"listado_alfabetico","embeddable":true,"href":"https:\/\/wizardly-davinci.82-223-8-23.plesk.page\/en\/wp-json\/wp\/v2\/listado_alfabetico?post=58284"}],"curies":[{"name":"wp","href":"https:\/\/api.w.org\/{rel}","templated":true}]}}