{"id":58307,"date":"2019-04-09T23:00:22","date_gmt":"2019-04-09T21:00:22","guid":{"rendered":"https:\/\/octaedro.com\/libro\/miradas-y-voces-de-maestros-jubilados\/"},"modified":"2023-02-22T13:44:39","modified_gmt":"2023-02-22T12:44:39","slug":"miradas-y-voces-de-maestros-jubilados","status":"publish","type":"product","link":"https:\/\/wizardly-davinci.82-223-8-23.plesk.page\/en\/producto\/miradas-y-voces-de-maestros-jubilados\/","title":{"rendered":"Miradas y voces de maestros jubilados"},"content":{"rendered":"<p>La experiencia se atesora y no debe quedar olvidada en una gaveta. M\u00e1xime cuando esta experiencia es personal y profesional, como es el caso de un grupo de maestros y maestras de la provincia de C\u00e1diz, que tienen a bien compartir con el lector sus narrativas de vida, simulando miradas y voces que en nuestro patrimonio sensitivo adoptan formas de un pasado que recuperamos para darlo a comprender. Un libro relevante que no quiere \u00abmorir\u00bb en el olvido, pues sus protagonistas son personas de la educaci\u00f3n que, con mayor o menor grado de consciencia, impulsaron la renovaci\u00f3n educativa de aquellos a\u00f1os del tardofranquismo o la transici\u00f3n democr\u00e1tica. Un texto de autor\u00eda compartida, escrito por profesorado de la Facultad de Educaci\u00f3n de la Universidad de C\u00e1diz, que se suma a un proyecto hilvanado en las acciones avaladas de la Universidad gaditana (Proyecto de Innovaci\u00f3n y Mejora Docente), con el prop\u00f3sito de compartir y dar a comprender esa parte de la historia (de vida) que les pertenece y que generosamente nos brindan. Una manera de aprender de los maestros y maestras del pasado, de modo que las nuevas generaciones de profesionales tambi\u00e9n atesoren el cariz de implicaci\u00f3n e ilusi\u00f3n personal que estas narraciones nos ofrecen.<\/p>\n","protected":false},"excerpt":{"rendered":"<p>La experiencia se atesora y no debe quedar olvidada en una gaveta. M\u00e1xime cuando esta experiencia es personal y profesional, como es el caso de un grupo de maestros y maestras de la provincia de C\u00e1diz, que tienen a bien compartir con el lector sus narrativas de vida, simulando miradas y voces que en nuestro patrimonio sensitivo adoptan formas de un pasado que recuperamos para darlo a comprender. Un libro relevante que no quiere \u00abmorir\u00bb en el olvido, pues sus protagonistas son personas de la educaci\u00f3n que, con mayor o menor grado de consciencia, impulsaron la renovaci\u00f3n educativa de aquellos a\u00f1os del tardofranquismo o la transici\u00f3n democr\u00e1tica. Un texto de autor\u00eda compartida, escrito por profesorado de la Facultad de Educaci\u00f3n de la Universidad de C\u00e1diz, que se suma a un proyecto hilvanado en las acciones avaladas de la Universidad gaditana (Proyecto de Innovaci\u00f3n y Mejora Docente), con el prop\u00f3sito de compartir y dar a comprender esa parte de la historia (de vida) que les pertenece y que generosamente nos brindan. Una manera de aprender de los maestros y maestras del pasado, de modo que las nuevas generaciones de profesionales tambi\u00e9n atesoren el cariz de implicaci\u00f3n e ilusi\u00f3n personal que estas narraciones nos ofrecen.<\/p>\n","protected":false},"featured_media":58317,"comment_status":"open","ping_status":"closed","template":"","meta":{"_et_pb_use_builder":"","_et_pb_old_content":"","_et_gb_content_width":""},"product_cat":[11899,11901,11858,11859,11912],"product_tag":[11892],"edicion":[12199,11865],"editoriales":[11866,11867],"tienda":[],"autor_id":[13798],"universidades_coeditoras":[],"palabras_clave":[],"listado_alfabetico":[],"acf":[],"_links":{"self":[{"href":"https:\/\/wizardly-davinci.82-223-8-23.plesk.page\/en\/wp-json\/wp\/v2\/product\/58307"}],"collection":[{"href":"https:\/\/wizardly-davinci.82-223-8-23.plesk.page\/en\/wp-json\/wp\/v2\/product"}],"about":[{"href":"https:\/\/wizardly-davinci.82-223-8-23.plesk.page\/en\/wp-json\/wp\/v2\/types\/product"}],"replies":[{"embeddable":true,"href":"https:\/\/wizardly-davinci.82-223-8-23.plesk.page\/en\/wp-json\/wp\/v2\/comments?post=58307"}],"wp:featuredmedia":[{"embeddable":true,"href":"https:\/\/wizardly-davinci.82-223-8-23.plesk.page\/en\/wp-json\/wp\/v2\/media\/58317"}],"wp:attachment":[{"href":"https:\/\/wizardly-davinci.82-223-8-23.plesk.page\/en\/wp-json\/wp\/v2\/media?parent=58307"}],"wp:term":[{"taxonomy":"product_cat","embeddable":true,"href":"https:\/\/wizardly-davinci.82-223-8-23.plesk.page\/en\/wp-json\/wp\/v2\/product_cat?post=58307"},{"taxonomy":"product_tag","embeddable":true,"href":"https:\/\/wizardly-davinci.82-223-8-23.plesk.page\/en\/wp-json\/wp\/v2\/product_tag?post=58307"},{"taxonomy":"edicion","embeddable":true,"href":"https:\/\/wizardly-davinci.82-223-8-23.plesk.page\/en\/wp-json\/wp\/v2\/edicion?post=58307"},{"taxonomy":"editoriales","embeddable":true,"href":"https:\/\/wizardly-davinci.82-223-8-23.plesk.page\/en\/wp-json\/wp\/v2\/editoriales?post=58307"},{"taxonomy":"tienda","embeddable":true,"href":"https:\/\/wizardly-davinci.82-223-8-23.plesk.page\/en\/wp-json\/wp\/v2\/tienda?post=58307"},{"taxonomy":"autor_id","embeddable":true,"href":"https:\/\/wizardly-davinci.82-223-8-23.plesk.page\/en\/wp-json\/wp\/v2\/autor_id?post=58307"},{"taxonomy":"universidades_coeditoras","embeddable":true,"href":"https:\/\/wizardly-davinci.82-223-8-23.plesk.page\/en\/wp-json\/wp\/v2\/universidades_coeditoras?post=58307"},{"taxonomy":"palabras_clave","embeddable":true,"href":"https:\/\/wizardly-davinci.82-223-8-23.plesk.page\/en\/wp-json\/wp\/v2\/palabras_clave?post=58307"},{"taxonomy":"listado_alfabetico","embeddable":true,"href":"https:\/\/wizardly-davinci.82-223-8-23.plesk.page\/en\/wp-json\/wp\/v2\/listado_alfabetico?post=58307"}],"curies":[{"name":"wp","href":"https:\/\/api.w.org\/{rel}","templated":true}]}}