{"id":58309,"date":"2019-04-09T23:00:23","date_gmt":"2019-04-09T21:00:23","guid":{"rendered":"https:\/\/octaedro.com\/libro\/otras-maneras-de-amar\/"},"modified":"2023-02-22T13:44:43","modified_gmt":"2023-02-22T12:44:43","slug":"otras-maneras-de-amar-2","status":"publish","type":"product","link":"https:\/\/wizardly-davinci.82-223-8-23.plesk.page\/en\/producto\/otras-maneras-de-amar-2\/","title":{"rendered":"Otras maneras de amar"},"content":{"rendered":"<p>A partir del an\u00e1lisis de g\u00e9nero de las historias de amor ideales y reales de un grupo de adolescentes y j\u00f3venes de instituto, este libro desgrana la construcci\u00f3n patriarcal latente en las relaciones de dominio-sumisi\u00f3n y en la ideolog\u00eda amorosa rom\u00e1ntica. Esta realidad es constatable tanto en las mencionadas historias como en m\u00faltiples narraciones literarias y f\u00edlmicas, en la publicidad, en la moda, en las canciones y en las redes sociales, cuyos mensajes tantas veces conducen a historias de violencia y maltrato.<\/p>\n<p>La obra tambi\u00e9n analiza otras construcciones amorosas a lo largo de la historia, en distintas culturas y en las producciones actuales de diversas ramas del arte y la creatividad, que est\u00e1n elaborando fundamentalmente las mujeres y en las cuales cuentan sus temores, sus diferentes maneras de amar, sus deseos y su concepci\u00f3n del erotismo.<\/p>\n<p>En torno al mito de Psique y Eros, en clave no patriarcal, el libro propone los trabajos ps\u00edquicos necesarios que toda persona ha de llevar a cabo para construirse otras maneras de amar y otro erotismo donde se armonice cuerpo, emoci\u00f3n y mente, y en las que el buentrato y la igualdad alcancen un verdadero protagonismo.<\/p>\n<p>Finalmente, a trav\u00e9s de su colaboraci\u00f3n en experiencias teatrales con adolescentes y j\u00f3venes, la autora expone ejemplos did\u00e1cticos que pasan por el cuerpo y las emociones, a partir de la propia experiencia del alumnado, y desarrolla un programa de ejercicios coeducativos para reflexionar y reconstruir otros amores posibles, y otro erotismo m\u00e1s igualitario y satisfactorio, desde el goce libre y consentido.<\/p>\n","protected":false},"excerpt":{"rendered":"<p>A partir del an\u00e1lisis de g\u00e9nero de las historias de amor ideales y reales de un grupo de adolescentes y j\u00f3venes de instituto, este libro desgrana la construcci\u00f3n patriarcal latente en las relaciones de dominio-sumisi\u00f3n y en la ideolog\u00eda amorosa rom\u00e1ntica. Esta realidad es constatable tanto en las mencionadas historias como en m\u00faltiples narraciones literarias y f\u00edlmicas, en la publicidad, en la moda, en las canciones y en las redes sociales, cuyos mensajes tantas veces conducen a historias de violencia y maltrato.<\/p>\n<p>La obra tambi\u00e9n analiza otras construcciones amorosas a lo largo de la historia, en distintas culturas y en las producciones actuales de diversas ramas del arte y la creatividad, que est\u00e1n elaborando fundamentalmente las mujeres y en las cuales cuentan sus temores, sus diferentes maneras de amar, sus deseos y su concepci\u00f3n del erotismo.<\/p>\n<p>En torno al mito de Psique y Eros, en clave no patriarcal, el libro propone los trabajos ps\u00edquicos necesarios que toda persona ha de llevar a cabo para construirse otras maneras de amar y otro erotismo donde se armonice cuerpo, emoci\u00f3n y mente, y en las que el buentrato y la igualdad alcancen un verdadero protagonismo.<\/p>\n<p>Finalmente, a trav\u00e9s de su colaboraci\u00f3n en experiencias teatrales con adolescentes y j\u00f3venes, la autora expone ejemplos did\u00e1cticos que pasan por el cuerpo y las emociones, a partir de la propia experiencia del alumnado, y desarrolla un programa de ejercicios coeducativos para reflexionar y reconstruir otros amores posibles, y otro erotismo m\u00e1s igualitario y satisfactorio, desde el goce libre y consentido.<\/p>\n","protected":false},"featured_media":58311,"comment_status":"open","ping_status":"closed","template":"","meta":{"_et_pb_use_builder":"","_et_pb_old_content":"","_et_gb_content_width":""},"product_cat":[11901,11858,11859],"product_tag":[11860],"edicion":[11865],"editoriales":[11866,11867],"tienda":[],"autor_id":[13793],"universidades_coeditoras":[],"palabras_clave":[],"listado_alfabetico":[],"acf":[],"_links":{"self":[{"href":"https:\/\/wizardly-davinci.82-223-8-23.plesk.page\/en\/wp-json\/wp\/v2\/product\/58309"}],"collection":[{"href":"https:\/\/wizardly-davinci.82-223-8-23.plesk.page\/en\/wp-json\/wp\/v2\/product"}],"about":[{"href":"https:\/\/wizardly-davinci.82-223-8-23.plesk.page\/en\/wp-json\/wp\/v2\/types\/product"}],"replies":[{"embeddable":true,"href":"https:\/\/wizardly-davinci.82-223-8-23.plesk.page\/en\/wp-json\/wp\/v2\/comments?post=58309"}],"wp:featuredmedia":[{"embeddable":true,"href":"https:\/\/wizardly-davinci.82-223-8-23.plesk.page\/en\/wp-json\/wp\/v2\/media\/58311"}],"wp:attachment":[{"href":"https:\/\/wizardly-davinci.82-223-8-23.plesk.page\/en\/wp-json\/wp\/v2\/media?parent=58309"}],"wp:term":[{"taxonomy":"product_cat","embeddable":true,"href":"https:\/\/wizardly-davinci.82-223-8-23.plesk.page\/en\/wp-json\/wp\/v2\/product_cat?post=58309"},{"taxonomy":"product_tag","embeddable":true,"href":"https:\/\/wizardly-davinci.82-223-8-23.plesk.page\/en\/wp-json\/wp\/v2\/product_tag?post=58309"},{"taxonomy":"edicion","embeddable":true,"href":"https:\/\/wizardly-davinci.82-223-8-23.plesk.page\/en\/wp-json\/wp\/v2\/edicion?post=58309"},{"taxonomy":"editoriales","embeddable":true,"href":"https:\/\/wizardly-davinci.82-223-8-23.plesk.page\/en\/wp-json\/wp\/v2\/editoriales?post=58309"},{"taxonomy":"tienda","embeddable":true,"href":"https:\/\/wizardly-davinci.82-223-8-23.plesk.page\/en\/wp-json\/wp\/v2\/tienda?post=58309"},{"taxonomy":"autor_id","embeddable":true,"href":"https:\/\/wizardly-davinci.82-223-8-23.plesk.page\/en\/wp-json\/wp\/v2\/autor_id?post=58309"},{"taxonomy":"universidades_coeditoras","embeddable":true,"href":"https:\/\/wizardly-davinci.82-223-8-23.plesk.page\/en\/wp-json\/wp\/v2\/universidades_coeditoras?post=58309"},{"taxonomy":"palabras_clave","embeddable":true,"href":"https:\/\/wizardly-davinci.82-223-8-23.plesk.page\/en\/wp-json\/wp\/v2\/palabras_clave?post=58309"},{"taxonomy":"listado_alfabetico","embeddable":true,"href":"https:\/\/wizardly-davinci.82-223-8-23.plesk.page\/en\/wp-json\/wp\/v2\/listado_alfabetico?post=58309"}],"curies":[{"name":"wp","href":"https:\/\/api.w.org\/{rel}","templated":true}]}}