{"id":58324,"date":"2019-10-20T23:00:23","date_gmt":"2019-10-20T21:00:23","guid":{"rendered":"https:\/\/octaedro.com\/libro\/mi-primer-diccionario-de-economia-y-finanzas\/"},"modified":"2023-02-22T13:44:44","modified_gmt":"2023-02-22T12:44:44","slug":"mi-primer-diccionario-de-economia-y-finanzas-2","status":"publish","type":"product","link":"https:\/\/wizardly-davinci.82-223-8-23.plesk.page\/en\/producto\/mi-primer-diccionario-de-economia-y-finanzas-2\/","title":{"rendered":"Mi primer diccionario de Econom\u00eda y Finanzas"},"content":{"rendered":"<p><strong><em>Mi primer diccionario de Econom\u00eda y finanzas<\/em><\/strong> es una obra colectiva dirigida principalmente a un p\u00fablico juvenil para mejorar su cultura econ\u00f3mica y financiera.<\/p>\n<p>Los efectos de la globalizaci\u00f3n, las nuevas tecnolog\u00edas, las redes sociales y, por supuesto, la presencia de la Econom\u00eda en pr\u00e1cticamente todos los medios de comunicaci\u00f3n en los \u00faltimos tiempos, hacen muy necesario disponer de estas caracter\u00edsticas, cuyo contenido ameno y con cerca de 200 t\u00e9rminos facilitar\u00e1 la comprensi\u00f3n de los conceptos econ\u00f3micos y financieros que habitualmente se utilizan en la vida cotidiana.<\/p>\n<p>Esta obra ha sido desarrollada por los siguientes profesores de Econom\u00eda de diferentes Institutos de Educaci\u00f3n Secundaria pertenecientes a la Asociaci\u00f3n de Docentes de Econom\u00eda de Secundaria de Castilla-La Mancha (ADES-CLM):<\/p>\n<p>Molina Lozano, Juan Pedro<br \/>\nOliver Bernab\u00e9, Teresa<br \/>\nPalomares Mayordomo, M\u00aa del Carmen<br \/>\nPardo Mart\u00ednez, Carlos<br \/>\nRodr\u00edguez Rojo, Cristina<br \/>\nRomero Jim\u00e9nez, Mariano<br \/>\nRuiz Mart\u00ednez, \u00c1ngela<br \/>\nS\u00e1nchez Huedo, Guillermo<br \/>\nSierra S\u00e1nchez, Alejandro<br \/>\nSoler Valls, Isabel<br \/>\nZamora Atienza, Pepi<br \/>\nAparicio Maiz, F\u00e9lix<br \/>\nBuend\u00eda Navarro, M\u00aa del Mar<br \/>\nFern\u00e1ndez Mart\u00edn, M\u00aa Teresa<br \/>\nG\u00f3mez Agust\u00edn, Jos\u00e9 Luis<br \/>\nJim\u00e9nez Cantos, Juan Trinidad<br \/>\nL\u00f3pez Aroca, Alicia<br \/>\nMart\u00ednez L\u00f3pez, Victoriana<br \/>\nMart\u00ednez Paino, Bego\u00f1a<\/p>\n","protected":false},"excerpt":{"rendered":"<p><strong><em>Mi primer diccionario de Econom\u00eda y finanzas<\/em><\/strong> es una obra colectiva dirigida principalmente a un p\u00fablico juvenil para mejorar su cultura econ\u00f3mica y financiera.<\/p>\n<p>Los efectos de la globalizaci\u00f3n, las nuevas tecnolog\u00edas, las redes sociales y, por supuesto, la presencia de la Econom\u00eda en pr\u00e1cticamente todos los medios de comunicaci\u00f3n en los \u00faltimos tiempos, hacen muy necesario disponer de estas caracter\u00edsticas, cuyo contenido ameno y con cerca de 200 t\u00e9rminos facilitar\u00e1 la comprensi\u00f3n de los conceptos econ\u00f3micos y financieros que habitualmente se utilizan en la vida cotidiana.<\/p>\n<p>Esta obra ha sido desarrollada por los siguientes profesores de Econom\u00eda de diferentes Institutos de Educaci\u00f3n Secundaria pertenecientes a la Asociaci\u00f3n de Docentes de Econom\u00eda de Secundaria de Castilla-La Mancha (ADES-CLM):<\/p>\n<p>Molina Lozano, Juan Pedro<br \/>\nOliver Bernab\u00e9, Teresa<br \/>\nPalomares Mayordomo, M\u00aa del Carmen<br \/>\nPardo Mart\u00ednez, Carlos<br \/>\nRodr\u00edguez Rojo, Cristina<br \/>\nRomero Jim\u00e9nez, Mariano<br \/>\nRuiz Mart\u00ednez, \u00c1ngela<br \/>\nS\u00e1nchez Huedo, Guillermo<br \/>\nSierra S\u00e1nchez, Alejandro<br \/>\nSoler Valls, Isabel<br \/>\nZamora Atienza, Pepi<br \/>\nAparicio Maiz, F\u00e9lix<br \/>\nBuend\u00eda Navarro, M\u00aa del Mar<br \/>\nFern\u00e1ndez Mart\u00edn, M\u00aa Teresa<br \/>\nG\u00f3mez Agust\u00edn, Jos\u00e9 Luis<br \/>\nJim\u00e9nez Cantos, Juan Trinidad<br \/>\nL\u00f3pez Aroca, Alicia<br \/>\nMart\u00ednez L\u00f3pez, Victoriana<br \/>\nMart\u00ednez Paino, Bego\u00f1a<\/p>\n","protected":false},"featured_media":51987,"comment_status":"open","ping_status":"closed","template":"","meta":{"_et_pb_use_builder":"","_et_pb_old_content":"","_et_gb_content_width":""},"product_cat":[11901,11858,11859],"product_tag":[11860],"edicion":[11865],"editoriales":[11866,11867],"tienda":[],"autor_id":[14684],"universidades_coeditoras":[],"palabras_clave":[],"listado_alfabetico":[],"acf":[],"_links":{"self":[{"href":"https:\/\/wizardly-davinci.82-223-8-23.plesk.page\/en\/wp-json\/wp\/v2\/product\/58324"}],"collection":[{"href":"https:\/\/wizardly-davinci.82-223-8-23.plesk.page\/en\/wp-json\/wp\/v2\/product"}],"about":[{"href":"https:\/\/wizardly-davinci.82-223-8-23.plesk.page\/en\/wp-json\/wp\/v2\/types\/product"}],"replies":[{"embeddable":true,"href":"https:\/\/wizardly-davinci.82-223-8-23.plesk.page\/en\/wp-json\/wp\/v2\/comments?post=58324"}],"wp:featuredmedia":[{"embeddable":true,"href":"https:\/\/wizardly-davinci.82-223-8-23.plesk.page\/en\/wp-json\/wp\/v2\/media\/51987"}],"wp:attachment":[{"href":"https:\/\/wizardly-davinci.82-223-8-23.plesk.page\/en\/wp-json\/wp\/v2\/media?parent=58324"}],"wp:term":[{"taxonomy":"product_cat","embeddable":true,"href":"https:\/\/wizardly-davinci.82-223-8-23.plesk.page\/en\/wp-json\/wp\/v2\/product_cat?post=58324"},{"taxonomy":"product_tag","embeddable":true,"href":"https:\/\/wizardly-davinci.82-223-8-23.plesk.page\/en\/wp-json\/wp\/v2\/product_tag?post=58324"},{"taxonomy":"edicion","embeddable":true,"href":"https:\/\/wizardly-davinci.82-223-8-23.plesk.page\/en\/wp-json\/wp\/v2\/edicion?post=58324"},{"taxonomy":"editoriales","embeddable":true,"href":"https:\/\/wizardly-davinci.82-223-8-23.plesk.page\/en\/wp-json\/wp\/v2\/editoriales?post=58324"},{"taxonomy":"tienda","embeddable":true,"href":"https:\/\/wizardly-davinci.82-223-8-23.plesk.page\/en\/wp-json\/wp\/v2\/tienda?post=58324"},{"taxonomy":"autor_id","embeddable":true,"href":"https:\/\/wizardly-davinci.82-223-8-23.plesk.page\/en\/wp-json\/wp\/v2\/autor_id?post=58324"},{"taxonomy":"universidades_coeditoras","embeddable":true,"href":"https:\/\/wizardly-davinci.82-223-8-23.plesk.page\/en\/wp-json\/wp\/v2\/universidades_coeditoras?post=58324"},{"taxonomy":"palabras_clave","embeddable":true,"href":"https:\/\/wizardly-davinci.82-223-8-23.plesk.page\/en\/wp-json\/wp\/v2\/palabras_clave?post=58324"},{"taxonomy":"listado_alfabetico","embeddable":true,"href":"https:\/\/wizardly-davinci.82-223-8-23.plesk.page\/en\/wp-json\/wp\/v2\/listado_alfabetico?post=58324"}],"curies":[{"name":"wp","href":"https:\/\/api.w.org\/{rel}","templated":true}]}}