{"id":58325,"date":"2021-06-12T23:00:20","date_gmt":"2021-06-12T21:00:20","guid":{"rendered":"https:\/\/octaedro.com\/libro\/educacion-handicap-e-inclusion\/"},"modified":"2023-02-22T13:44:44","modified_gmt":"2023-02-22T12:44:44","slug":"educacion-handicap-e-inclusion","status":"publish","type":"product","link":"https:\/\/wizardly-davinci.82-223-8-23.plesk.page\/en\/producto\/educacion-handicap-e-inclusion\/","title":{"rendered":"Educaci\u00f3n, handicap e inclusi\u00f3n"},"content":{"rendered":"<p>Este libro es una narraci\u00f3n reflexionada sobre la experiencia de Rafael Calder\u00f3n Almendros \u2014primer espa\u00f1ol con s\u00edndrome de Down que obtiene el grado profesional de M\u00fasica\u2014 y su familia en la confrontaci\u00f3n con la instituci\u00f3n escolar en la que terminaba la Educaci\u00f3n Secundaria Obligatoria. Despu\u00e9s de una prolongada vida escolar de Rafael en el centro, la instituci\u00f3n pierde el sentido de la educaci\u00f3n que ofrece y niega derechos al alumno vali\u00e9ndose de estrategias segregadoras soterradas que, respaldadas por la legitimidad de la instituci\u00f3n y sus profesionales, son dif\u00edcilmente combatibles. A pesar de ello, la familia \u2014embarcada en un proceso de investigaci\u00f3n-acci\u00f3n con la colaboraci\u00f3n de otros profesionales de la educaci\u00f3n\u2014 emprende una lucha pedag\u00f3gica que apuesta por el reconocimiento de los aprendizajes del alumno. Aqu\u00ed reside la fuerza de la investigaci\u00f3n: los an\u00e1lisis cr\u00edticos nacen de las vivencias de uno de los grupos m\u00e1s oprimidos (las personas con h\u00e1ndicap) y se trata de una realidad rigurosamente registrada.<br \/>\nDesde una perspectiva inclusiva, comprometida y radical, el texto presenta un importante potencial contrahegem\u00f3nico, ya que los hechos posteriores han avalado la perspectiva inclusiva de la familia: Rafael aprob\u00f3 la ESO, el Bachillerato y los diez cursos de los grados elemental y profesional de M\u00fasica. Obtuvo por ello la Medalla de Oro al M\u00e9rito en la Educaci\u00f3n de Andaluc\u00eda. Admitido en la prestigiosa Academia de Estudios Orquestales Barenboim-Said y esponsorizado por la marca internacional de instrumentos musicales Yamaha y estudiante del grado superior de M\u00fasica, Rafael ya no tiene que demostrar nada.<br \/>\nEs hoy un argumento vivo que cuestiona muchas de las habituales pr\u00e1cticas escolares y nos impulsa a repensar el compromiso de los educadores en la estimulaci\u00f3n de la participaci\u00f3n de toda la comunidad escolar, en el fomento de la autonom\u00eda del alumnado y en el reconocimiento de los dem\u00e1s en sus derechos humanos y sociales.<\/p>\n","protected":false},"excerpt":{"rendered":"<p>Este libro es una narraci\u00f3n reflexionada sobre la experiencia de Rafael Calder\u00f3n Almendros \u2014primer espa\u00f1ol con s\u00edndrome de Down que obtiene el grado profesional de M\u00fasica\u2014 y su familia en la confrontaci\u00f3n con la instituci\u00f3n escolar en la que terminaba la Educaci\u00f3n Secundaria Obligatoria. Despu\u00e9s de una prolongada vida escolar de Rafael en el centro, la instituci\u00f3n pierde el sentido de la educaci\u00f3n que ofrece y niega derechos al alumno vali\u00e9ndose de estrategias segregadoras soterradas que, respaldadas por la legitimidad de la instituci\u00f3n y sus profesionales, son dif\u00edcilmente combatibles. A pesar de ello, la familia \u2014embarcada en un proceso de investigaci\u00f3n-acci\u00f3n con la colaboraci\u00f3n de otros profesionales de la educaci\u00f3n\u2014 emprende una lucha pedag\u00f3gica que apuesta por el reconocimiento de los aprendizajes del alumno. Aqu\u00ed reside la fuerza de la investigaci\u00f3n: los an\u00e1lisis cr\u00edticos nacen de las vivencias de uno de los grupos m\u00e1s oprimidos (las personas con h\u00e1ndicap) y se trata de una realidad rigurosamente registrada.<br \/>\nDesde una perspectiva inclusiva, comprometida y radical, el texto presenta un importante potencial contrahegem\u00f3nico, ya que los hechos posteriores han avalado la perspectiva inclusiva de la familia: Rafael aprob\u00f3 la ESO, el Bachillerato y los diez cursos de los grados elemental y profesional de M\u00fasica. Obtuvo por ello la Medalla de Oro al M\u00e9rito en la Educaci\u00f3n de Andaluc\u00eda. Admitido en la prestigiosa Academia de Estudios Orquestales Barenboim-Said y esponsorizado por la marca internacional de instrumentos musicales Yamaha y estudiante del grado superior de M\u00fasica, Rafael ya no tiene que demostrar nada.<br \/>\nEs hoy un argumento vivo que cuestiona muchas de las habituales pr\u00e1cticas escolares y nos impulsa a repensar el compromiso de los educadores en la estimulaci\u00f3n de la participaci\u00f3n de toda la comunidad escolar, en el fomento de la autonom\u00eda del alumnado y en el reconocimiento de los dem\u00e1s en sus derechos humanos y sociales.<\/p>\n","protected":false},"featured_media":45906,"comment_status":"open","ping_status":"closed","template":"","meta":{"_et_pb_use_builder":"","_et_pb_old_content":"","_et_gb_content_width":""},"product_cat":[11899,11901,11858,11859,11912],"product_tag":[11892],"edicion":[12199,11865],"editoriales":[11866,11867],"tienda":[],"autor_id":[13884,14411],"universidades_coeditoras":[],"palabras_clave":[],"listado_alfabetico":[],"acf":[],"_links":{"self":[{"href":"https:\/\/wizardly-davinci.82-223-8-23.plesk.page\/en\/wp-json\/wp\/v2\/product\/58325"}],"collection":[{"href":"https:\/\/wizardly-davinci.82-223-8-23.plesk.page\/en\/wp-json\/wp\/v2\/product"}],"about":[{"href":"https:\/\/wizardly-davinci.82-223-8-23.plesk.page\/en\/wp-json\/wp\/v2\/types\/product"}],"replies":[{"embeddable":true,"href":"https:\/\/wizardly-davinci.82-223-8-23.plesk.page\/en\/wp-json\/wp\/v2\/comments?post=58325"}],"wp:featuredmedia":[{"embeddable":true,"href":"https:\/\/wizardly-davinci.82-223-8-23.plesk.page\/en\/wp-json\/wp\/v2\/media\/45906"}],"wp:attachment":[{"href":"https:\/\/wizardly-davinci.82-223-8-23.plesk.page\/en\/wp-json\/wp\/v2\/media?parent=58325"}],"wp:term":[{"taxonomy":"product_cat","embeddable":true,"href":"https:\/\/wizardly-davinci.82-223-8-23.plesk.page\/en\/wp-json\/wp\/v2\/product_cat?post=58325"},{"taxonomy":"product_tag","embeddable":true,"href":"https:\/\/wizardly-davinci.82-223-8-23.plesk.page\/en\/wp-json\/wp\/v2\/product_tag?post=58325"},{"taxonomy":"edicion","embeddable":true,"href":"https:\/\/wizardly-davinci.82-223-8-23.plesk.page\/en\/wp-json\/wp\/v2\/edicion?post=58325"},{"taxonomy":"editoriales","embeddable":true,"href":"https:\/\/wizardly-davinci.82-223-8-23.plesk.page\/en\/wp-json\/wp\/v2\/editoriales?post=58325"},{"taxonomy":"tienda","embeddable":true,"href":"https:\/\/wizardly-davinci.82-223-8-23.plesk.page\/en\/wp-json\/wp\/v2\/tienda?post=58325"},{"taxonomy":"autor_id","embeddable":true,"href":"https:\/\/wizardly-davinci.82-223-8-23.plesk.page\/en\/wp-json\/wp\/v2\/autor_id?post=58325"},{"taxonomy":"universidades_coeditoras","embeddable":true,"href":"https:\/\/wizardly-davinci.82-223-8-23.plesk.page\/en\/wp-json\/wp\/v2\/universidades_coeditoras?post=58325"},{"taxonomy":"palabras_clave","embeddable":true,"href":"https:\/\/wizardly-davinci.82-223-8-23.plesk.page\/en\/wp-json\/wp\/v2\/palabras_clave?post=58325"},{"taxonomy":"listado_alfabetico","embeddable":true,"href":"https:\/\/wizardly-davinci.82-223-8-23.plesk.page\/en\/wp-json\/wp\/v2\/listado_alfabetico?post=58325"}],"curies":[{"name":"wp","href":"https:\/\/api.w.org\/{rel}","templated":true}]}}