{"id":58328,"date":"2019-07-30T23:00:22","date_gmt":"2019-07-30T21:00:22","guid":{"rendered":"https:\/\/octaedro.com\/libro\/sin-suerte-pero-guerrero-hasta-la-muerte\/"},"modified":"2023-02-22T13:44:44","modified_gmt":"2023-02-22T12:44:44","slug":"sin-suerte-pero-guerrero-hasta-la-muerte-2","status":"publish","type":"product","link":"https:\/\/wizardly-davinci.82-223-8-23.plesk.page\/en\/producto\/sin-suerte-pero-guerrero-hasta-la-muerte-2\/","title":{"rendered":"Sin suerte, pero guerrero hasta la muerte"},"content":{"rendered":"<p>\u00ab\u00bfYo qu\u00e9 gano con esto?\u00bb Esas fueron las palabras del chico cuando le dije que quer\u00eda escuchar su historia educativa, pero la promesa de conversar sobre su vida result\u00f3 m\u00e1s que suficiente. La medida de aislamiento en la celda del reformatorio le volv\u00eda loco, en realidad, llevaba a\u00f1os aislado. Un educador me cont\u00f3 que habr\u00eda necesitado un maestro que lo escuchara\u2026 As\u00ed empez\u00f3 a contarme sus avatares: \u00abYo he vivido demasiado para la edad que tengo. Tengo 17 a\u00f1os y me llamo Jos\u00e9\u00bb.<br \/>\nDurante las siguientes semanas, Jos\u00e9 Medina me habl\u00f3 de su padre, de c\u00f3mo aprendi\u00f3 a leer en la c\u00e1rcel y de su relaci\u00f3n con el alcohol. Me cont\u00f3 que su madre casi siempre hab\u00eda limpiado en casas de se\u00f1oras, que su barrio no era de se\u00f1oritos, que le expulsaron del colegio por las junteras que ten\u00eda y por la fama, que acaba pesando demasiado. Me habl\u00f3 de maestros sin rostro, de asignaturas sin sentido, de vidas en la calle, de robos y drogas\u2026 Me regal\u00f3 algunas lecciones de sinceridad, de buen coraz\u00f3n, de valent\u00eda, resistencia y sue\u00f1os.<br \/>\nEstas p\u00e1ginas recuperan aquellas sobrecogedoras narraciones. No cuenta con sesudas elaboraciones te\u00f3ricas, sino con la valiosa experiencia de un chico real que desmonta con sus vivencias algunas ilusiones y falacias que imperan en la sociedad. El protagonista se abre en canal para que otros podamos entender que la escuela fabrica el fracaso escolar, y que ha de cambiar para construir justicia social y liberar a las personas de sus situaciones de opresi\u00f3n y exclusi\u00f3n. El formato biogr\u00e1fico del texto, el lenguaje cotidiano que utiliza, y la trepidante y compleja vida del protagonista hacen que esta obra sea de inter\u00e9s para cualquier persona interesada por la infancia, y de gran utilidad para estudiantes e investigadores de cualquiera de las ramas educativas, la sociolog\u00eda y la psicolog\u00eda. Unas p\u00e1ginas que no dejan indiferentes y nos invitan a luchar por las personas.<\/p>\n","protected":false},"excerpt":{"rendered":"<p>\u00ab\u00bfYo qu\u00e9 gano con esto?\u00bb Esas fueron las palabras del chico cuando le dije que quer\u00eda escuchar su historia educativa, pero la promesa de conversar sobre su vida result\u00f3 m\u00e1s que suficiente. La medida de aislamiento en la celda del reformatorio le volv\u00eda loco, en realidad, llevaba a\u00f1os aislado. Un educador me cont\u00f3 que habr\u00eda necesitado un maestro que lo escuchara\u2026 As\u00ed empez\u00f3 a contarme sus avatares: \u00abYo he vivido demasiado para la edad que tengo. Tengo 17 a\u00f1os y me llamo Jos\u00e9\u00bb.<br \/>\nDurante las siguientes semanas, Jos\u00e9 Medina me habl\u00f3 de su padre, de c\u00f3mo aprendi\u00f3 a leer en la c\u00e1rcel y de su relaci\u00f3n con el alcohol. Me cont\u00f3 que su madre casi siempre hab\u00eda limpiado en casas de se\u00f1oras, que su barrio no era de se\u00f1oritos, que le expulsaron del colegio por las junteras que ten\u00eda y por la fama, que acaba pesando demasiado. Me habl\u00f3 de maestros sin rostro, de asignaturas sin sentido, de vidas en la calle, de robos y drogas\u2026 Me regal\u00f3 algunas lecciones de sinceridad, de buen coraz\u00f3n, de valent\u00eda, resistencia y sue\u00f1os.<br \/>\nEstas p\u00e1ginas recuperan aquellas sobrecogedoras narraciones. No cuenta con sesudas elaboraciones te\u00f3ricas, sino con la valiosa experiencia de un chico real que desmonta con sus vivencias algunas ilusiones y falacias que imperan en la sociedad. El protagonista se abre en canal para que otros podamos entender que la escuela fabrica el fracaso escolar, y que ha de cambiar para construir justicia social y liberar a las personas de sus situaciones de opresi\u00f3n y exclusi\u00f3n. El formato biogr\u00e1fico del texto, el lenguaje cotidiano que utiliza, y la trepidante y compleja vida del protagonista hacen que esta obra sea de inter\u00e9s para cualquier persona interesada por la infancia, y de gran utilidad para estudiantes e investigadores de cualquiera de las ramas educativas, la sociolog\u00eda y la psicolog\u00eda. Unas p\u00e1ginas que no dejan indiferentes y nos invitan a luchar por las personas.<\/p>\n","protected":false},"featured_media":45576,"comment_status":"open","ping_status":"closed","template":"","meta":{"_et_pb_use_builder":"","_et_pb_old_content":"","_et_gb_content_width":""},"product_cat":[11899,11901,11858,11859,11912],"product_tag":[11892],"edicion":[12199,11865],"editoriales":[11866,11867],"tienda":[],"autor_id":[13884],"universidades_coeditoras":[],"palabras_clave":[],"listado_alfabetico":[],"acf":[],"_links":{"self":[{"href":"https:\/\/wizardly-davinci.82-223-8-23.plesk.page\/en\/wp-json\/wp\/v2\/product\/58328"}],"collection":[{"href":"https:\/\/wizardly-davinci.82-223-8-23.plesk.page\/en\/wp-json\/wp\/v2\/product"}],"about":[{"href":"https:\/\/wizardly-davinci.82-223-8-23.plesk.page\/en\/wp-json\/wp\/v2\/types\/product"}],"replies":[{"embeddable":true,"href":"https:\/\/wizardly-davinci.82-223-8-23.plesk.page\/en\/wp-json\/wp\/v2\/comments?post=58328"}],"wp:featuredmedia":[{"embeddable":true,"href":"https:\/\/wizardly-davinci.82-223-8-23.plesk.page\/en\/wp-json\/wp\/v2\/media\/45576"}],"wp:attachment":[{"href":"https:\/\/wizardly-davinci.82-223-8-23.plesk.page\/en\/wp-json\/wp\/v2\/media?parent=58328"}],"wp:term":[{"taxonomy":"product_cat","embeddable":true,"href":"https:\/\/wizardly-davinci.82-223-8-23.plesk.page\/en\/wp-json\/wp\/v2\/product_cat?post=58328"},{"taxonomy":"product_tag","embeddable":true,"href":"https:\/\/wizardly-davinci.82-223-8-23.plesk.page\/en\/wp-json\/wp\/v2\/product_tag?post=58328"},{"taxonomy":"edicion","embeddable":true,"href":"https:\/\/wizardly-davinci.82-223-8-23.plesk.page\/en\/wp-json\/wp\/v2\/edicion?post=58328"},{"taxonomy":"editoriales","embeddable":true,"href":"https:\/\/wizardly-davinci.82-223-8-23.plesk.page\/en\/wp-json\/wp\/v2\/editoriales?post=58328"},{"taxonomy":"tienda","embeddable":true,"href":"https:\/\/wizardly-davinci.82-223-8-23.plesk.page\/en\/wp-json\/wp\/v2\/tienda?post=58328"},{"taxonomy":"autor_id","embeddable":true,"href":"https:\/\/wizardly-davinci.82-223-8-23.plesk.page\/en\/wp-json\/wp\/v2\/autor_id?post=58328"},{"taxonomy":"universidades_coeditoras","embeddable":true,"href":"https:\/\/wizardly-davinci.82-223-8-23.plesk.page\/en\/wp-json\/wp\/v2\/universidades_coeditoras?post=58328"},{"taxonomy":"palabras_clave","embeddable":true,"href":"https:\/\/wizardly-davinci.82-223-8-23.plesk.page\/en\/wp-json\/wp\/v2\/palabras_clave?post=58328"},{"taxonomy":"listado_alfabetico","embeddable":true,"href":"https:\/\/wizardly-davinci.82-223-8-23.plesk.page\/en\/wp-json\/wp\/v2\/listado_alfabetico?post=58328"}],"curies":[{"name":"wp","href":"https:\/\/api.w.org\/{rel}","templated":true}]}}