{"id":58406,"date":"2022-05-23T16:55:32","date_gmt":"2022-05-23T14:55:32","guid":{"rendered":"https:\/\/octaedro.com\/libro\/formacion-del-profesorado-para-atender-urgencias-y-emergencias-en-el-entorno-educativo\/"},"modified":"2023-03-08T12:27:23","modified_gmt":"2023-03-08T11:27:23","slug":"formacion-del-profesorado-para-atender-urgencias-y-emergencias-en-el-entorno-educativo-2","status":"publish","type":"product","link":"https:\/\/wizardly-davinci.82-223-8-23.plesk.page\/en\/producto\/formacion-del-profesorado-para-atender-urgencias-y-emergencias-en-el-entorno-educativo-2\/","title":{"rendered":"Formaci\u00f3n del profesorado para atender urgencias y emergencias en el entorno educativo"},"content":{"rendered":"","protected":false},"excerpt":{"rendered":"<p>Cada vez es mayor el n\u00famero de horas que el alumnado pasa en la escuela, hecho que convierte a los maestros y maestras en personas indispensables para asegurar su bienestar f\u00edsico, mental y social. La atenci\u00f3n ante un accidente o una urgencia sanitaria, si es r\u00e1pida, puede disminuir y resolver con \u00e9xito sus consecuencias; ello es posible si se conoce qu\u00e9 puede ocurrir ante determinados episodios y c\u00f3mo actuar.<\/p>\n<p>Esta obra persigue dotar al docente de las capacidades y competencias m\u00ednimas para que pueda dar respuesta a situaciones que comprometan, en menor o mayor medida, la vida y seguridad de sus estudiantes, y actuar correctamente en caso de accidentes o urgencias sanitarias en la escuela.<\/p>\n<p>Se ha cuidado especialmente el lenguaje did\u00e1ctico empleado, sin menosprecio del contenido t\u00e9cnico, y se han utilizado, adem\u00e1s, m\u00faltiples ilustraciones, de entre las que destacamos los \u00abalgoritmos\u00bb, a fin de una mejor comprensi\u00f3n tanto de los s\u00edntomas como de la actuaci\u00f3n adecuada en cada caso.<\/p>\n<p>Esta obra ha sido realizada por un equipo multidisciplinar de profesionales sanitarios y educativos, con la intenci\u00f3n de ofrecer formaci\u00f3n espec\u00edfica y complementaria al maestro\/a que d\u00eda a d\u00eda convive con un alumnado diverso al que debe atender de la mejor manera posible, lo cual pasa por una buena formaci\u00f3n al respecto.<\/p>\n","protected":false},"featured_media":58351,"comment_status":"open","ping_status":"closed","template":"","meta":{"_et_pb_use_builder":"","_et_pb_old_content":"","_et_gb_content_width":""},"product_cat":[11899,11859,11912],"product_tag":[11892],"edicion":[12199,11865],"editoriales":[11867],"tienda":[],"autor_id":[20930,20926,20928],"universidades_coeditoras":[],"palabras_clave":[],"listado_alfabetico":[],"acf":[],"_links":{"self":[{"href":"https:\/\/wizardly-davinci.82-223-8-23.plesk.page\/en\/wp-json\/wp\/v2\/product\/58406"}],"collection":[{"href":"https:\/\/wizardly-davinci.82-223-8-23.plesk.page\/en\/wp-json\/wp\/v2\/product"}],"about":[{"href":"https:\/\/wizardly-davinci.82-223-8-23.plesk.page\/en\/wp-json\/wp\/v2\/types\/product"}],"replies":[{"embeddable":true,"href":"https:\/\/wizardly-davinci.82-223-8-23.plesk.page\/en\/wp-json\/wp\/v2\/comments?post=58406"}],"wp:featuredmedia":[{"embeddable":true,"href":"https:\/\/wizardly-davinci.82-223-8-23.plesk.page\/en\/wp-json\/wp\/v2\/media\/58351"}],"wp:attachment":[{"href":"https:\/\/wizardly-davinci.82-223-8-23.plesk.page\/en\/wp-json\/wp\/v2\/media?parent=58406"}],"wp:term":[{"taxonomy":"product_cat","embeddable":true,"href":"https:\/\/wizardly-davinci.82-223-8-23.plesk.page\/en\/wp-json\/wp\/v2\/product_cat?post=58406"},{"taxonomy":"product_tag","embeddable":true,"href":"https:\/\/wizardly-davinci.82-223-8-23.plesk.page\/en\/wp-json\/wp\/v2\/product_tag?post=58406"},{"taxonomy":"edicion","embeddable":true,"href":"https:\/\/wizardly-davinci.82-223-8-23.plesk.page\/en\/wp-json\/wp\/v2\/edicion?post=58406"},{"taxonomy":"editoriales","embeddable":true,"href":"https:\/\/wizardly-davinci.82-223-8-23.plesk.page\/en\/wp-json\/wp\/v2\/editoriales?post=58406"},{"taxonomy":"tienda","embeddable":true,"href":"https:\/\/wizardly-davinci.82-223-8-23.plesk.page\/en\/wp-json\/wp\/v2\/tienda?post=58406"},{"taxonomy":"autor_id","embeddable":true,"href":"https:\/\/wizardly-davinci.82-223-8-23.plesk.page\/en\/wp-json\/wp\/v2\/autor_id?post=58406"},{"taxonomy":"universidades_coeditoras","embeddable":true,"href":"https:\/\/wizardly-davinci.82-223-8-23.plesk.page\/en\/wp-json\/wp\/v2\/universidades_coeditoras?post=58406"},{"taxonomy":"palabras_clave","embeddable":true,"href":"https:\/\/wizardly-davinci.82-223-8-23.plesk.page\/en\/wp-json\/wp\/v2\/palabras_clave?post=58406"},{"taxonomy":"listado_alfabetico","embeddable":true,"href":"https:\/\/wizardly-davinci.82-223-8-23.plesk.page\/en\/wp-json\/wp\/v2\/listado_alfabetico?post=58406"}],"curies":[{"name":"wp","href":"https:\/\/api.w.org\/{rel}","templated":true}]}}