{"id":58408,"date":"2022-07-08T10:25:20","date_gmt":"2022-07-08T08:25:20","guid":{"rendered":"https:\/\/octaedro.com\/libro\/educar-en-la-diversidad-investigacion-y-activismo-en-las-aulas\/"},"modified":"2023-03-08T12:27:23","modified_gmt":"2023-03-08T11:27:23","slug":"educar-en-la-diversidad-investigacion-y-activismo-en-las-aulas-2","status":"publish","type":"product","link":"https:\/\/wizardly-davinci.82-223-8-23.plesk.page\/en\/producto\/educar-en-la-diversidad-investigacion-y-activismo-en-las-aulas-2\/","title":{"rendered":"Educar en la diversidad: investigaci\u00f3n y activismo en las aulas"},"content":{"rendered":"","protected":false},"excerpt":{"rendered":"<p>La diversidad sigue siendo la asignatura pendiente de nuestros sistemas educativos, a pesar de los avances realizados: as\u00ed nos lo recuerdan los datos sobre acoso a personas LGTB+ en los centros escolares o los intentos de determinados grupos pol\u00edticos de acabar con las leyes LGTB+ auton\u00f3micas que han proporcionado, sin duda, un aut\u00e9ntico bal\u00f3n de ox\u00edgeno a ni\u00f1xs de toda condici\u00f3n, para quienes la asistencia a la escuela era un aut\u00e9ntico infierno, adem\u00e1s de impulsar la educaci\u00f3n en diversidad para el conjunto de las criaturas. Parece que todav\u00eda queda mucho camino por recorrer hasta que la diversidad se establezca como contenido en todos los niveles educativos y, especialmente, en la formaci\u00f3n docente.<\/p>\n<p>El presente volumen recoge parte de los trabajos del Grupo EDi (Educaci\u00f3 i Diversitat LGTBIQ+), que naci\u00f3 en la Universitat de Val\u00e8ncia en 2017, de la mano de un grupo heterog\u00e9neo de docentes que compart\u00edamos la inquietud por la indispensable educaci\u00f3n en la diversidad en todos los niveles educativos y la preocupaci\u00f3n por las cifras de acoso, agresiones e incluso suicidios de escolares.<\/p>\n<p>Desde nuestras respectivas disciplinas, nos propusimos trabajar juntxs en esta direcci\u00f3n, no solo para promover la valoraci\u00f3n positiva de las diversidades en las aulas y lograr que la diversidad se incluya como parte de la formaci\u00f3n, sino tambi\u00e9n para construir nuevos paradigmas educativos m\u00e1s justos e igualitarios, siempre con el objetivo de crear espacios educativos respetuosos, libres de violencia y que sean, en definitiva, una oportunidad para cuidarnos unxs a otrxs y crecer en todos los sentidos.<\/p>\n","protected":false},"featured_media":58335,"comment_status":"open","ping_status":"closed","template":"","meta":{"_et_pb_use_builder":"","_et_pb_old_content":"","_et_gb_content_width":""},"product_cat":[11899,11859,11912],"product_tag":[11892],"edicion":[12199,11865],"editoriales":[11867],"tienda":[],"autor_id":[20932,20934],"universidades_coeditoras":[],"palabras_clave":[],"listado_alfabetico":[],"acf":[],"_links":{"self":[{"href":"https:\/\/wizardly-davinci.82-223-8-23.plesk.page\/en\/wp-json\/wp\/v2\/product\/58408"}],"collection":[{"href":"https:\/\/wizardly-davinci.82-223-8-23.plesk.page\/en\/wp-json\/wp\/v2\/product"}],"about":[{"href":"https:\/\/wizardly-davinci.82-223-8-23.plesk.page\/en\/wp-json\/wp\/v2\/types\/product"}],"replies":[{"embeddable":true,"href":"https:\/\/wizardly-davinci.82-223-8-23.plesk.page\/en\/wp-json\/wp\/v2\/comments?post=58408"}],"wp:featuredmedia":[{"embeddable":true,"href":"https:\/\/wizardly-davinci.82-223-8-23.plesk.page\/en\/wp-json\/wp\/v2\/media\/58335"}],"wp:attachment":[{"href":"https:\/\/wizardly-davinci.82-223-8-23.plesk.page\/en\/wp-json\/wp\/v2\/media?parent=58408"}],"wp:term":[{"taxonomy":"product_cat","embeddable":true,"href":"https:\/\/wizardly-davinci.82-223-8-23.plesk.page\/en\/wp-json\/wp\/v2\/product_cat?post=58408"},{"taxonomy":"product_tag","embeddable":true,"href":"https:\/\/wizardly-davinci.82-223-8-23.plesk.page\/en\/wp-json\/wp\/v2\/product_tag?post=58408"},{"taxonomy":"edicion","embeddable":true,"href":"https:\/\/wizardly-davinci.82-223-8-23.plesk.page\/en\/wp-json\/wp\/v2\/edicion?post=58408"},{"taxonomy":"editoriales","embeddable":true,"href":"https:\/\/wizardly-davinci.82-223-8-23.plesk.page\/en\/wp-json\/wp\/v2\/editoriales?post=58408"},{"taxonomy":"tienda","embeddable":true,"href":"https:\/\/wizardly-davinci.82-223-8-23.plesk.page\/en\/wp-json\/wp\/v2\/tienda?post=58408"},{"taxonomy":"autor_id","embeddable":true,"href":"https:\/\/wizardly-davinci.82-223-8-23.plesk.page\/en\/wp-json\/wp\/v2\/autor_id?post=58408"},{"taxonomy":"universidades_coeditoras","embeddable":true,"href":"https:\/\/wizardly-davinci.82-223-8-23.plesk.page\/en\/wp-json\/wp\/v2\/universidades_coeditoras?post=58408"},{"taxonomy":"palabras_clave","embeddable":true,"href":"https:\/\/wizardly-davinci.82-223-8-23.plesk.page\/en\/wp-json\/wp\/v2\/palabras_clave?post=58408"},{"taxonomy":"listado_alfabetico","embeddable":true,"href":"https:\/\/wizardly-davinci.82-223-8-23.plesk.page\/en\/wp-json\/wp\/v2\/listado_alfabetico?post=58408"}],"curies":[{"name":"wp","href":"https:\/\/api.w.org\/{rel}","templated":true}]}}