{"id":58412,"date":"2010-10-01T23:00:19","date_gmt":"2010-10-01T21:00:19","guid":{"rendered":"https:\/\/octaedro.com\/libro\/los-senderos-de-ariadna\/"},"modified":"2023-02-22T13:44:49","modified_gmt":"2023-02-22T12:44:49","slug":"los-senderos-de-ariadna-2","status":"publish","type":"product","link":"https:\/\/wizardly-davinci.82-223-8-23.plesk.page\/en\/producto\/los-senderos-de-ariadna-2\/","title":{"rendered":"Los senderos de Ariadna"},"content":{"rendered":"<p>Este libro resume la labor de una profesora que ha dedicado la mayor parte de su vida profesional a la educaci\u00f3n con adolescentes y refleja su apuesta por <strong>prevenir la violencia mediante la escucha de los conflictos desde la coeducaci\u00f3n emocional.<\/strong><br \/>\nInteresada por transformar las relaciones, las personas y el mundo, Charo Altable no cree que las leyes, los programas educativos y los proyectos, por buenos que sean y por s\u00ed solos, puedan hacerlo si como profesoras y profesores no escuchamos nuestras necesidades, malestares, bienestares y conflictos y los de las alumnas y alumnos, reconociendo que en el aula y en el mundo existen mujeres y hombres con distintos deseos, puntos de partida y proyectos, atravesados por emociones y conflictos que hay que hablar y escuchar para poder transformar nuestro mundo interior y exterior.<br \/>\nSe muestran aqu\u00ed dos caras de la realidad: una violenta y otra amorosa. En la primera parte se describe la influencia que tiene el cuerpo del patriarcado y sus efectos sexistas en los cuerpos y en las emociones de las chicas y los chicos adolescentes dentro y fuera del aula. A continuaci\u00f3n se habla de c\u00f3mo tratar los conflictos con amor, del arte de la escucha, de la labor de mediaci\u00f3n del profesorado y del significado de una educaci\u00f3n para la vida que nos ayude a poner conciencia, claridad y cordura en las relaciones. En un cap\u00edtulo aparte, <strong>Pr\u00e1cticas que ayudan a cambiar las relaciones<\/strong> (consultable y descargable en esta p\u00e1gina en <em>Material complementario<\/em>) se expone una serie de ejercicios para llevar a la pr\u00e1ctica estas reflexiones.<br \/>\nSe trata de una obra que nos invita a desarrollar la empat\u00eda, la buena comunicaci\u00f3n y el buen trato en nuestras relaciones, especialmente en las del profesorado con sus alumnas y alumnos, y resultar\u00e1 de especial inter\u00e9s en tutor\u00edas de secundaria y talleres con j\u00f3venes.<\/p>\n","protected":false},"excerpt":{"rendered":"<p>Este libro resume la labor de una profesora que ha dedicado la mayor parte de su vida profesional a la educaci\u00f3n con adolescentes y refleja su apuesta por <strong>prevenir la violencia mediante la escucha de los conflictos desde la coeducaci\u00f3n emocional.<\/strong><br \/>\nInteresada por transformar las relaciones, las personas y el mundo, Charo Altable no cree que las leyes, los programas educativos y los proyectos, por buenos que sean y por s\u00ed solos, puedan hacerlo si como profesoras y profesores no escuchamos nuestras necesidades, malestares, bienestares y conflictos y los de las alumnas y alumnos, reconociendo que en el aula y en el mundo existen mujeres y hombres con distintos deseos, puntos de partida y proyectos, atravesados por emociones y conflictos que hay que hablar y escuchar para poder transformar nuestro mundo interior y exterior.<br \/>\nSe muestran aqu\u00ed dos caras de la realidad: una violenta y otra amorosa. En la primera parte se describe la influencia que tiene el cuerpo del patriarcado y sus efectos sexistas en los cuerpos y en las emociones de las chicas y los chicos adolescentes dentro y fuera del aula. A continuaci\u00f3n se habla de c\u00f3mo tratar los conflictos con amor, del arte de la escucha, de la labor de mediaci\u00f3n del profesorado y del significado de una educaci\u00f3n para la vida que nos ayude a poner conciencia, claridad y cordura en las relaciones. En un cap\u00edtulo aparte, <strong>Pr\u00e1cticas que ayudan a cambiar las relaciones<\/strong> (consultable y descargable en esta p\u00e1gina en <em>Material complementario<\/em>) se expone una serie de ejercicios para llevar a la pr\u00e1ctica estas reflexiones.<br \/>\nSe trata de una obra que nos invita a desarrollar la empat\u00eda, la buena comunicaci\u00f3n y el buen trato en nuestras relaciones, especialmente en las del profesorado con sus alumnas y alumnos, y resultar\u00e1 de especial inter\u00e9s en tutor\u00edas de secundaria y talleres con j\u00f3venes.<\/p>\n","protected":false},"featured_media":58413,"comment_status":"open","ping_status":"closed","template":"","meta":{"_et_pb_use_builder":"","_et_pb_old_content":"","_et_gb_content_width":""},"product_cat":[11901,11858,11859],"product_tag":[11860],"edicion":[11865],"editoriales":[11866,11867],"tienda":[],"autor_id":[13793],"universidades_coeditoras":[],"palabras_clave":[],"listado_alfabetico":[],"acf":[],"_links":{"self":[{"href":"https:\/\/wizardly-davinci.82-223-8-23.plesk.page\/en\/wp-json\/wp\/v2\/product\/58412"}],"collection":[{"href":"https:\/\/wizardly-davinci.82-223-8-23.plesk.page\/en\/wp-json\/wp\/v2\/product"}],"about":[{"href":"https:\/\/wizardly-davinci.82-223-8-23.plesk.page\/en\/wp-json\/wp\/v2\/types\/product"}],"replies":[{"embeddable":true,"href":"https:\/\/wizardly-davinci.82-223-8-23.plesk.page\/en\/wp-json\/wp\/v2\/comments?post=58412"}],"wp:featuredmedia":[{"embeddable":true,"href":"https:\/\/wizardly-davinci.82-223-8-23.plesk.page\/en\/wp-json\/wp\/v2\/media\/58413"}],"wp:attachment":[{"href":"https:\/\/wizardly-davinci.82-223-8-23.plesk.page\/en\/wp-json\/wp\/v2\/media?parent=58412"}],"wp:term":[{"taxonomy":"product_cat","embeddable":true,"href":"https:\/\/wizardly-davinci.82-223-8-23.plesk.page\/en\/wp-json\/wp\/v2\/product_cat?post=58412"},{"taxonomy":"product_tag","embeddable":true,"href":"https:\/\/wizardly-davinci.82-223-8-23.plesk.page\/en\/wp-json\/wp\/v2\/product_tag?post=58412"},{"taxonomy":"edicion","embeddable":true,"href":"https:\/\/wizardly-davinci.82-223-8-23.plesk.page\/en\/wp-json\/wp\/v2\/edicion?post=58412"},{"taxonomy":"editoriales","embeddable":true,"href":"https:\/\/wizardly-davinci.82-223-8-23.plesk.page\/en\/wp-json\/wp\/v2\/editoriales?post=58412"},{"taxonomy":"tienda","embeddable":true,"href":"https:\/\/wizardly-davinci.82-223-8-23.plesk.page\/en\/wp-json\/wp\/v2\/tienda?post=58412"},{"taxonomy":"autor_id","embeddable":true,"href":"https:\/\/wizardly-davinci.82-223-8-23.plesk.page\/en\/wp-json\/wp\/v2\/autor_id?post=58412"},{"taxonomy":"universidades_coeditoras","embeddable":true,"href":"https:\/\/wizardly-davinci.82-223-8-23.plesk.page\/en\/wp-json\/wp\/v2\/universidades_coeditoras?post=58412"},{"taxonomy":"palabras_clave","embeddable":true,"href":"https:\/\/wizardly-davinci.82-223-8-23.plesk.page\/en\/wp-json\/wp\/v2\/palabras_clave?post=58412"},{"taxonomy":"listado_alfabetico","embeddable":true,"href":"https:\/\/wizardly-davinci.82-223-8-23.plesk.page\/en\/wp-json\/wp\/v2\/listado_alfabetico?post=58412"}],"curies":[{"name":"wp","href":"https:\/\/api.w.org\/{rel}","templated":true}]}}