{"id":58416,"date":"2008-10-01T23:00:19","date_gmt":"2008-10-01T21:00:19","guid":{"rendered":"https:\/\/octaedro.com\/libro\/una-verdad-extrana\/"},"modified":"2023-02-22T13:44:49","modified_gmt":"2023-02-22T12:44:49","slug":"una-verdad-extrana-2-2","status":"publish","type":"product","link":"https:\/\/wizardly-davinci.82-223-8-23.plesk.page\/en\/producto\/una-verdad-extrana-2-2\/","title":{"rendered":"Una verdad extra\u00f1a"},"content":{"rendered":"<p>En el estudio de Antonio Mu\u00f1oz Molina ha puesto al frente de esta edici\u00f3n de UNA VERDAD EXTRA\u00d1A se\u00f1ala (los registros y las entonaciones que han definido a lo largo de estos a\u00f1os el trabajo de Manuel Ruiz Amezcua. M\u00e1s que cambiar lo que ha hecho ha sido depurar los impulsos dominantes de su escritura, el de la soledad reflexiva, el del entusiasmo o el desenga\u00f1o amoroso, el de la memoria de la infancia, el de un cierto hermetismo en busca de los l\u00edmites de la expresi\u00f3n y del conocimiento: intuyo que se trata de un impulso de emoci\u00f3n y b\u00fasqueda apasionada y otro de retirada y desenga\u00f1o, que al fin y al cabo son los impulsos que nos mueven a todos, pero en la poes\u00eda de Ruiz Amezcua est\u00e1 atravesada por esa dial\u00e9ctica de los extremos, por el doble impulso del ensimismamiento y la ofrenda, de la huida y la b\u00fasqueda, del desenga\u00f1o y el fervor).<br \/>\nUn poeta (de rigor t\u00e9cnico en el trabajo literario, impermeable a la moda y a la conveniencia, raro e insular, pero due\u00f1o de una voz y una obra po\u00e9tica que deben ocupar cuanto antes el sitio que les corresponde en el repertorio p\u00fablico de nuestra literatura).<br \/>\nPor su parte, en el trabajo que cierra esta volumen, Jos\u00e9 Francisco Ruiz Casanova se\u00f1ala (la actitud de Ruiz Amezcua respeto de la escritura: esa moral contraria a la sumisi\u00f3n que no es \u2013 o no \u00fanicamente es \u2013 una actitud civil, sino, tambi\u00e9n, est\u00e9tica) en este poeta singular del que Ediciones Octaedro publica toda su poes\u00eda editada hasta la fecha.<\/p>\n","protected":false},"excerpt":{"rendered":"<p>En el estudio de Antonio Mu\u00f1oz Molina ha puesto al frente de esta edici\u00f3n de UNA VERDAD EXTRA\u00d1A se\u00f1ala (los registros y las entonaciones que han definido a lo largo de estos a\u00f1os el trabajo de Manuel Ruiz Amezcua. M\u00e1s que cambiar lo que ha hecho ha sido depurar los impulsos dominantes de su escritura, el de la soledad reflexiva, el del entusiasmo o el desenga\u00f1o amoroso, el de la memoria de la infancia, el de un cierto hermetismo en busca de los l\u00edmites de la expresi\u00f3n y del conocimiento: intuyo que se trata de un impulso de emoci\u00f3n y b\u00fasqueda apasionada y otro de retirada y desenga\u00f1o, que al fin y al cabo son los impulsos que nos mueven a todos, pero en la poes\u00eda de Ruiz Amezcua est\u00e1 atravesada por esa dial\u00e9ctica de los extremos, por el doble impulso del ensimismamiento y la ofrenda, de la huida y la b\u00fasqueda, del desenga\u00f1o y el fervor).<br \/>\nUn poeta (de rigor t\u00e9cnico en el trabajo literario, impermeable a la moda y a la conveniencia, raro e insular, pero due\u00f1o de una voz y una obra po\u00e9tica que deben ocupar cuanto antes el sitio que les corresponde en el repertorio p\u00fablico de nuestra literatura).<br \/>\nPor su parte, en el trabajo que cierra esta volumen, Jos\u00e9 Francisco Ruiz Casanova se\u00f1ala (la actitud de Ruiz Amezcua respeto de la escritura: esa moral contraria a la sumisi\u00f3n que no es \u2013 o no \u00fanicamente es \u2013 una actitud civil, sino, tambi\u00e9n, est\u00e9tica) en este poeta singular del que Ediciones Octaedro publica toda su poes\u00eda editada hasta la fecha.<\/p>\n","protected":false},"featured_media":58417,"comment_status":"open","ping_status":"closed","template":"","meta":{"_et_pb_use_builder":"","_et_pb_old_content":"","_et_gb_content_width":""},"product_cat":[11901,11858,11859],"product_tag":[11860],"edicion":[11865],"editoriales":[11866],"tienda":[],"autor_id":[20937],"universidades_coeditoras":[],"palabras_clave":[],"listado_alfabetico":[],"acf":[],"_links":{"self":[{"href":"https:\/\/wizardly-davinci.82-223-8-23.plesk.page\/en\/wp-json\/wp\/v2\/product\/58416"}],"collection":[{"href":"https:\/\/wizardly-davinci.82-223-8-23.plesk.page\/en\/wp-json\/wp\/v2\/product"}],"about":[{"href":"https:\/\/wizardly-davinci.82-223-8-23.plesk.page\/en\/wp-json\/wp\/v2\/types\/product"}],"replies":[{"embeddable":true,"href":"https:\/\/wizardly-davinci.82-223-8-23.plesk.page\/en\/wp-json\/wp\/v2\/comments?post=58416"}],"wp:featuredmedia":[{"embeddable":true,"href":"https:\/\/wizardly-davinci.82-223-8-23.plesk.page\/en\/wp-json\/wp\/v2\/media\/58417"}],"wp:attachment":[{"href":"https:\/\/wizardly-davinci.82-223-8-23.plesk.page\/en\/wp-json\/wp\/v2\/media?parent=58416"}],"wp:term":[{"taxonomy":"product_cat","embeddable":true,"href":"https:\/\/wizardly-davinci.82-223-8-23.plesk.page\/en\/wp-json\/wp\/v2\/product_cat?post=58416"},{"taxonomy":"product_tag","embeddable":true,"href":"https:\/\/wizardly-davinci.82-223-8-23.plesk.page\/en\/wp-json\/wp\/v2\/product_tag?post=58416"},{"taxonomy":"edicion","embeddable":true,"href":"https:\/\/wizardly-davinci.82-223-8-23.plesk.page\/en\/wp-json\/wp\/v2\/edicion?post=58416"},{"taxonomy":"editoriales","embeddable":true,"href":"https:\/\/wizardly-davinci.82-223-8-23.plesk.page\/en\/wp-json\/wp\/v2\/editoriales?post=58416"},{"taxonomy":"tienda","embeddable":true,"href":"https:\/\/wizardly-davinci.82-223-8-23.plesk.page\/en\/wp-json\/wp\/v2\/tienda?post=58416"},{"taxonomy":"autor_id","embeddable":true,"href":"https:\/\/wizardly-davinci.82-223-8-23.plesk.page\/en\/wp-json\/wp\/v2\/autor_id?post=58416"},{"taxonomy":"universidades_coeditoras","embeddable":true,"href":"https:\/\/wizardly-davinci.82-223-8-23.plesk.page\/en\/wp-json\/wp\/v2\/universidades_coeditoras?post=58416"},{"taxonomy":"palabras_clave","embeddable":true,"href":"https:\/\/wizardly-davinci.82-223-8-23.plesk.page\/en\/wp-json\/wp\/v2\/palabras_clave?post=58416"},{"taxonomy":"listado_alfabetico","embeddable":true,"href":"https:\/\/wizardly-davinci.82-223-8-23.plesk.page\/en\/wp-json\/wp\/v2\/listado_alfabetico?post=58416"}],"curies":[{"name":"wp","href":"https:\/\/api.w.org\/{rel}","templated":true}]}}