{"id":58421,"date":"2011-03-01T23:00:18","date_gmt":"2011-03-01T22:00:18","guid":{"rendered":"https:\/\/octaedro.com\/libro\/historia-del-castillo-de-jodar\/"},"modified":"2023-02-22T13:44:49","modified_gmt":"2023-02-22T12:44:49","slug":"historia-del-castillo-de-jodar-2","status":"publish","type":"product","link":"https:\/\/wizardly-davinci.82-223-8-23.plesk.page\/en\/producto\/historia-del-castillo-de-jodar-2\/","title":{"rendered":"Historia del castillo de J\u00f3dar"},"content":{"rendered":"<p>1266 a\u00f1os lleva el castillo de J\u00f3dar en la historia documental, aunque probablemente sus or\u00edgenes sean mucho m\u00e1s antiguos; la arqueolog\u00eda documenta la presencia de civilizaciones preisl\u00e1micas muy cerca de J\u00f3dar al ser paso de importantes v\u00edas de comunicaci\u00f3n desde la antig\u00fcedad, por lo que no podemos descartar taxativamente un asentamiento en J\u00f3dar anterior a la ocupaci\u00f3n musulmana, hecho que vuelven a avalar los estudios hist\u00f3ricos actuales. Con esta obra se documentan algunas afirmaciones que se hab\u00edan escrito sobre la fortaleza o la propia historia de J\u00f3dar, y caen algunos mitos y consideraciones sobre el castillo.<br \/>\nNos encontramos ante uno de los castillos m\u00e1s significativos del antiguo Santo Reino de Ja\u00e9n, lugar escogido por importantes tribus \u00e1rabes y personajes pol\u00edticos de primera l\u00ednea, pieza clave en las rebeliones mulad\u00edes de finales del siglo IX, cuando ya era una imponente alcazaba, que se convirti\u00f3 en gran fuerte en el siglo XII, de cuya \u00e9poca deben de ser los restos existentes, siendo J\u00f3dar una de las ciudades m\u00e1s importantes de la Cora de Ja\u00e9n y cabecera de distrito por su producci\u00f3n aceitera, exportaci\u00f3n de tintes y tejidos, mercado comarcal y cuna de sabios, siempre disputada por los diferentes linajes musulmanes. Con la conquista castellana en torno al a\u00f1o 1229 se convirti\u00f3 en sede del adelantamiento mayor de la Frontera con el reino nazar\u00ed de Granada de la mano de Sancho Mart\u00ednez de Xodar, uno de los personajes pol\u00edticos m\u00e1s influyentes de su \u00e9poca, al que el rey Fernando III nombr\u00f3 se\u00f1or de un excepcional se\u00f1or\u00edo laico en Andaluc\u00eda, por lo que fue reforzado el castillo con nuevas t\u00e9cnicas constructivas, edific\u00e1ndose la llamada Torre Vieja. Desde finales del siglo XIII la fortaleza hab\u00eda perdido ya su importancia como primera l\u00ednea en la Frontera, pasando a ser una guarnici\u00f3n militar de aprovisionamiento, comercio y fuerza de choque en la retaguardia. En el a\u00f1o 1328, aprovechando una larga tregua y las turbulencias pol\u00edticas internas de Castilla, fue reconstruida la mayor parte de la fortaleza por el maestro Hamete de Jahen, a\u00f1adi\u00e9ndole la llamada Torre Nueva y las murallas de la villa, que soportaron las cabalgadas y asaltos de una tierra de Frontera durante m\u00e1s de dos siglos y las luchas nobiliarias y guerras civiles del siglo XV, convirti\u00e9ndose en uno de los m\u00e1s fuertes y bellos castillos de la comarca, siendo de los pocos que poseen dos torres del homenaje en estilo mud\u00e9jar, que pasan por ser de las de mayores dimensiones de la provincia de Ja\u00e9n. En la d\u00e9cada de los a\u00f1os 70 del siglo XV es remodelado para adaptarlo a residencia se\u00f1orial y almac\u00e9n del Mayorazgo de J\u00f3dar, funci\u00f3n en la que permanecer\u00e1 hasta el siglo XVII, con algunas remodelaciones m\u00e1s. El castillo qued\u00f3 como testigo de una \u00e9poca y reafirmaci\u00f3n en J\u00f3dar del poder se\u00f1orial de quienes ser\u00edan ya lejanos marqueses de J\u00f3dar a partir del a\u00f1o 1618, avasallando m\u00e1s a los sufridos habitantes de esta ciudad, hasta que el poder y el prestigio les hizo olvidar esta residencia que cay\u00f3 en la ruina total y el abandono durante m\u00e1s de 250 a\u00f1os.<br \/>\nCon la recuperaci\u00f3n de su prestigio e historia en el siglo XX, se comenz\u00f3 un proceso de rehabilitaci\u00f3n, no sin pol\u00e9mica, que le hizo ser famoso por sus modernas t\u00e9cnicas de restauraci\u00f3n, quedando recuperado este edificio para uso cultural de la ciudad de J\u00f3dar. La administraci\u00f3n andaluza le otorg\u00f3 la protecci\u00f3n como Bien de Inter\u00e9s Cultural, y el Estado espa\u00f1ol la consideraci\u00f3n de conjunto hist\u00f3rico, lo que garantizaba su conservaci\u00f3n y puesta en valor.<\/p>\n","protected":false},"excerpt":{"rendered":"<p>1266 a\u00f1os lleva el castillo de J\u00f3dar en la historia documental, aunque probablemente sus or\u00edgenes sean mucho m\u00e1s antiguos; la arqueolog\u00eda documenta la presencia de civilizaciones preisl\u00e1micas muy cerca de J\u00f3dar al ser paso de importantes v\u00edas de comunicaci\u00f3n desde la antig\u00fcedad, por lo que no podemos descartar taxativamente un asentamiento en J\u00f3dar anterior a la ocupaci\u00f3n musulmana, hecho que vuelven a avalar los estudios hist\u00f3ricos actuales. Con esta obra se documentan algunas afirmaciones que se hab\u00edan escrito sobre la fortaleza o la propia historia de J\u00f3dar, y caen algunos mitos y consideraciones sobre el castillo.<br \/>\nNos encontramos ante uno de los castillos m\u00e1s significativos del antiguo Santo Reino de Ja\u00e9n, lugar escogido por importantes tribus \u00e1rabes y personajes pol\u00edticos de primera l\u00ednea, pieza clave en las rebeliones mulad\u00edes de finales del siglo IX, cuando ya era una imponente alcazaba, que se convirti\u00f3 en gran fuerte en el siglo XII, de cuya \u00e9poca deben de ser los restos existentes, siendo J\u00f3dar una de las ciudades m\u00e1s importantes de la Cora de Ja\u00e9n y cabecera de distrito por su producci\u00f3n aceitera, exportaci\u00f3n de tintes y tejidos, mercado comarcal y cuna de sabios, siempre disputada por los diferentes linajes musulmanes. Con la conquista castellana en torno al a\u00f1o 1229 se convirti\u00f3 en sede del adelantamiento mayor de la Frontera con el reino nazar\u00ed de Granada de la mano de Sancho Mart\u00ednez de Xodar, uno de los personajes pol\u00edticos m\u00e1s influyentes de su \u00e9poca, al que el rey Fernando III nombr\u00f3 se\u00f1or de un excepcional se\u00f1or\u00edo laico en Andaluc\u00eda, por lo que fue reforzado el castillo con nuevas t\u00e9cnicas constructivas, edific\u00e1ndose la llamada Torre Vieja. Desde finales del siglo XIII la fortaleza hab\u00eda perdido ya su importancia como primera l\u00ednea en la Frontera, pasando a ser una guarnici\u00f3n militar de aprovisionamiento, comercio y fuerza de choque en la retaguardia. En el a\u00f1o 1328, aprovechando una larga tregua y las turbulencias pol\u00edticas internas de Castilla, fue reconstruida la mayor parte de la fortaleza por el maestro Hamete de Jahen, a\u00f1adi\u00e9ndole la llamada Torre Nueva y las murallas de la villa, que soportaron las cabalgadas y asaltos de una tierra de Frontera durante m\u00e1s de dos siglos y las luchas nobiliarias y guerras civiles del siglo XV, convirti\u00e9ndose en uno de los m\u00e1s fuertes y bellos castillos de la comarca, siendo de los pocos que poseen dos torres del homenaje en estilo mud\u00e9jar, que pasan por ser de las de mayores dimensiones de la provincia de Ja\u00e9n. En la d\u00e9cada de los a\u00f1os 70 del siglo XV es remodelado para adaptarlo a residencia se\u00f1orial y almac\u00e9n del Mayorazgo de J\u00f3dar, funci\u00f3n en la que permanecer\u00e1 hasta el siglo XVII, con algunas remodelaciones m\u00e1s. El castillo qued\u00f3 como testigo de una \u00e9poca y reafirmaci\u00f3n en J\u00f3dar del poder se\u00f1orial de quienes ser\u00edan ya lejanos marqueses de J\u00f3dar a partir del a\u00f1o 1618, avasallando m\u00e1s a los sufridos habitantes de esta ciudad, hasta que el poder y el prestigio les hizo olvidar esta residencia que cay\u00f3 en la ruina total y el abandono durante m\u00e1s de 250 a\u00f1os.<br \/>\nCon la recuperaci\u00f3n de su prestigio e historia en el siglo XX, se comenz\u00f3 un proceso de rehabilitaci\u00f3n, no sin pol\u00e9mica, que le hizo ser famoso por sus modernas t\u00e9cnicas de restauraci\u00f3n, quedando recuperado este edificio para uso cultural de la ciudad de J\u00f3dar. La administraci\u00f3n andaluza le otorg\u00f3 la protecci\u00f3n como Bien de Inter\u00e9s Cultural, y el Estado espa\u00f1ol la consideraci\u00f3n de conjunto hist\u00f3rico, lo que garantizaba su conservaci\u00f3n y puesta en valor.<\/p>\n","protected":false},"featured_media":58422,"comment_status":"open","ping_status":"closed","template":"","meta":{"_et_pb_use_builder":"","_et_pb_old_content":"","_et_gb_content_width":""},"product_cat":[11901,11858,11859],"product_tag":[11860],"edicion":[11865],"editoriales":[11866,11867],"tienda":[],"autor_id":[14016],"universidades_coeditoras":[],"palabras_clave":[],"listado_alfabetico":[],"acf":[],"_links":{"self":[{"href":"https:\/\/wizardly-davinci.82-223-8-23.plesk.page\/en\/wp-json\/wp\/v2\/product\/58421"}],"collection":[{"href":"https:\/\/wizardly-davinci.82-223-8-23.plesk.page\/en\/wp-json\/wp\/v2\/product"}],"about":[{"href":"https:\/\/wizardly-davinci.82-223-8-23.plesk.page\/en\/wp-json\/wp\/v2\/types\/product"}],"replies":[{"embeddable":true,"href":"https:\/\/wizardly-davinci.82-223-8-23.plesk.page\/en\/wp-json\/wp\/v2\/comments?post=58421"}],"wp:featuredmedia":[{"embeddable":true,"href":"https:\/\/wizardly-davinci.82-223-8-23.plesk.page\/en\/wp-json\/wp\/v2\/media\/58422"}],"wp:attachment":[{"href":"https:\/\/wizardly-davinci.82-223-8-23.plesk.page\/en\/wp-json\/wp\/v2\/media?parent=58421"}],"wp:term":[{"taxonomy":"product_cat","embeddable":true,"href":"https:\/\/wizardly-davinci.82-223-8-23.plesk.page\/en\/wp-json\/wp\/v2\/product_cat?post=58421"},{"taxonomy":"product_tag","embeddable":true,"href":"https:\/\/wizardly-davinci.82-223-8-23.plesk.page\/en\/wp-json\/wp\/v2\/product_tag?post=58421"},{"taxonomy":"edicion","embeddable":true,"href":"https:\/\/wizardly-davinci.82-223-8-23.plesk.page\/en\/wp-json\/wp\/v2\/edicion?post=58421"},{"taxonomy":"editoriales","embeddable":true,"href":"https:\/\/wizardly-davinci.82-223-8-23.plesk.page\/en\/wp-json\/wp\/v2\/editoriales?post=58421"},{"taxonomy":"tienda","embeddable":true,"href":"https:\/\/wizardly-davinci.82-223-8-23.plesk.page\/en\/wp-json\/wp\/v2\/tienda?post=58421"},{"taxonomy":"autor_id","embeddable":true,"href":"https:\/\/wizardly-davinci.82-223-8-23.plesk.page\/en\/wp-json\/wp\/v2\/autor_id?post=58421"},{"taxonomy":"universidades_coeditoras","embeddable":true,"href":"https:\/\/wizardly-davinci.82-223-8-23.plesk.page\/en\/wp-json\/wp\/v2\/universidades_coeditoras?post=58421"},{"taxonomy":"palabras_clave","embeddable":true,"href":"https:\/\/wizardly-davinci.82-223-8-23.plesk.page\/en\/wp-json\/wp\/v2\/palabras_clave?post=58421"},{"taxonomy":"listado_alfabetico","embeddable":true,"href":"https:\/\/wizardly-davinci.82-223-8-23.plesk.page\/en\/wp-json\/wp\/v2\/listado_alfabetico?post=58421"}],"curies":[{"name":"wp","href":"https:\/\/api.w.org\/{rel}","templated":true}]}}