{"id":58426,"date":"2019-04-09T23:00:18","date_gmt":"2019-04-09T21:00:18","guid":{"rendered":"https:\/\/octaedro.com\/libro\/mi-mundo-sin-fronteras\/"},"modified":"2023-02-22T13:44:49","modified_gmt":"2023-02-22T12:44:49","slug":"mi-mundo-sin-fronteras-2","status":"publish","type":"product","link":"https:\/\/wizardly-davinci.82-223-8-23.plesk.page\/en\/producto\/mi-mundo-sin-fronteras-2\/","title":{"rendered":"Mi mundo sin fronteras"},"content":{"rendered":"<p>En un tono totalmente vitalista, la cultura del amor y de la solidaridad se convierte en el hilo conductor de la historia de Manu y Natalie, dos j\u00f3venes enamorados que proyectan sus vidas en el Tercer Mundo. \u201cD\u00edas de barrio\u201d, la primera parte del relato, es s\u00f3lo el marco de referencia que sirve de encuentro a los protagonistas, un espacio evocado con maestr\u00eda a trav\u00e9s de breves pinceladas descriptivas, donde los hechos se presentan de manera lineal, y que nos conduce al cl\u00edmax argumental de la novela en la segunda parte: \u201c\u00c1frica saharaui\u201d. La vida en los campamentos saharauis y la historia del Sahara Occidental aparecen fielmente retratadas en estas p\u00e1ginas donde la autora despliega sus geniales dotes de narradora, as\u00ed como su seria labor de documentaci\u00f3n, al tiempo que mantiene viva la esperanza de un pueblo condenado al exilio, de hombres y mujeres, ancianos y ni\u00f1os, que lloran al azul del Atl\u00e1ntico infinito.<\/p>\n","protected":false},"excerpt":{"rendered":"<p>En un tono totalmente vitalista, la cultura del amor y de la solidaridad se convierte en el hilo conductor de la historia de Manu y Natalie, dos j\u00f3venes enamorados que proyectan sus vidas en el Tercer Mundo. \u201cD\u00edas de barrio\u201d, la primera parte del relato, es s\u00f3lo el marco de referencia que sirve de encuentro a los protagonistas, un espacio evocado con maestr\u00eda a trav\u00e9s de breves pinceladas descriptivas, donde los hechos se presentan de manera lineal, y que nos conduce al cl\u00edmax argumental de la novela en la segunda parte: \u201c\u00c1frica saharaui\u201d. La vida en los campamentos saharauis y la historia del Sahara Occidental aparecen fielmente retratadas en estas p\u00e1ginas donde la autora despliega sus geniales dotes de narradora, as\u00ed como su seria labor de documentaci\u00f3n, al tiempo que mantiene viva la esperanza de un pueblo condenado al exilio, de hombres y mujeres, ancianos y ni\u00f1os, que lloran al azul del Atl\u00e1ntico infinito.<\/p>\n","protected":false},"featured_media":58427,"comment_status":"open","ping_status":"closed","template":"","meta":{"_et_pb_use_builder":"","_et_pb_old_content":"","_et_gb_content_width":""},"product_cat":[11858,11859],"product_tag":[11860],"edicion":[11865],"editoriales":[11866],"tienda":[],"autor_id":[14429],"universidades_coeditoras":[],"palabras_clave":[],"listado_alfabetico":[],"acf":[],"_links":{"self":[{"href":"https:\/\/wizardly-davinci.82-223-8-23.plesk.page\/en\/wp-json\/wp\/v2\/product\/58426"}],"collection":[{"href":"https:\/\/wizardly-davinci.82-223-8-23.plesk.page\/en\/wp-json\/wp\/v2\/product"}],"about":[{"href":"https:\/\/wizardly-davinci.82-223-8-23.plesk.page\/en\/wp-json\/wp\/v2\/types\/product"}],"replies":[{"embeddable":true,"href":"https:\/\/wizardly-davinci.82-223-8-23.plesk.page\/en\/wp-json\/wp\/v2\/comments?post=58426"}],"wp:featuredmedia":[{"embeddable":true,"href":"https:\/\/wizardly-davinci.82-223-8-23.plesk.page\/en\/wp-json\/wp\/v2\/media\/58427"}],"wp:attachment":[{"href":"https:\/\/wizardly-davinci.82-223-8-23.plesk.page\/en\/wp-json\/wp\/v2\/media?parent=58426"}],"wp:term":[{"taxonomy":"product_cat","embeddable":true,"href":"https:\/\/wizardly-davinci.82-223-8-23.plesk.page\/en\/wp-json\/wp\/v2\/product_cat?post=58426"},{"taxonomy":"product_tag","embeddable":true,"href":"https:\/\/wizardly-davinci.82-223-8-23.plesk.page\/en\/wp-json\/wp\/v2\/product_tag?post=58426"},{"taxonomy":"edicion","embeddable":true,"href":"https:\/\/wizardly-davinci.82-223-8-23.plesk.page\/en\/wp-json\/wp\/v2\/edicion?post=58426"},{"taxonomy":"editoriales","embeddable":true,"href":"https:\/\/wizardly-davinci.82-223-8-23.plesk.page\/en\/wp-json\/wp\/v2\/editoriales?post=58426"},{"taxonomy":"tienda","embeddable":true,"href":"https:\/\/wizardly-davinci.82-223-8-23.plesk.page\/en\/wp-json\/wp\/v2\/tienda?post=58426"},{"taxonomy":"autor_id","embeddable":true,"href":"https:\/\/wizardly-davinci.82-223-8-23.plesk.page\/en\/wp-json\/wp\/v2\/autor_id?post=58426"},{"taxonomy":"universidades_coeditoras","embeddable":true,"href":"https:\/\/wizardly-davinci.82-223-8-23.plesk.page\/en\/wp-json\/wp\/v2\/universidades_coeditoras?post=58426"},{"taxonomy":"palabras_clave","embeddable":true,"href":"https:\/\/wizardly-davinci.82-223-8-23.plesk.page\/en\/wp-json\/wp\/v2\/palabras_clave?post=58426"},{"taxonomy":"listado_alfabetico","embeddable":true,"href":"https:\/\/wizardly-davinci.82-223-8-23.plesk.page\/en\/wp-json\/wp\/v2\/listado_alfabetico?post=58426"}],"curies":[{"name":"wp","href":"https:\/\/api.w.org\/{rel}","templated":true}]}}