{"id":58435,"date":"2019-04-09T23:00:17","date_gmt":"2019-04-09T21:00:17","guid":{"rendered":"https:\/\/octaedro.com\/libro\/la-labor-dramatica-de-manuel-y-antonio-machado\/"},"modified":"2023-02-22T13:44:54","modified_gmt":"2023-02-22T12:44:54","slug":"la-labor-dramatica-de-manuel-y-antonio-machado-2","status":"publish","type":"product","link":"https:\/\/wizardly-davinci.82-223-8-23.plesk.page\/en\/producto\/la-labor-dramatica-de-manuel-y-antonio-machado-2\/","title":{"rendered":"La labor dram\u00e1tica de Manuel y Antonio Machado"},"content":{"rendered":"<p>Ambos hermanos influyeron en la escena espa\u00f1ola de las primeras d\u00e9cadas del siglo XX, hasta el punto de construir una teor\u00eda teatral que qued\u00f3 plasmada en la prensa de la \u00e9poca. De 1916 datan los primeros escritos de Manuel Machado, en los que hablaba ya de el gran invento del siglo XX, y que se extienden en el tiempo hasta 1941, dos semanas antes del estreno de El hombre que muri\u00f3 en la guerra, \u00faltimo drama de los hermanos Machado. En los cientos de art\u00edculos period\u00edsticos se retrata, mediante la cr\u00f3nica teatral, el comentario mordaz o la poes\u00eda m\u00e1s elogiosa, la vida esc\u00e9nica del primer tercio del siglo XX.<br \/>\nPese a que Manuel y Antonio Machado han pasado desapercibidos para la cr\u00edtica posterior, sus siete creaciones dram\u00e1ticas originales innovaron y renovaron dentro de los escenarios espa\u00f1oles prestando gran atenci\u00f3n a las nuevas corrientes teatrales: la renovaci\u00f3n del teatro del Siglo de Oro, el nuevo tratamiento de don Juan literario, el psicologismo freudiano o la b\u00fasqueda de el otro fueron temas bien dibujados en toda su dramaturgia, en la que, uniendo tradici\u00f3n y leyenda, lo cl\u00e1sico y lo moderno, se logr\u00f3 desde algo tan personal como La Lola se va a los puertos (retrato de la cultura popular, tan arraigada en los hermanos desde la infancia) hasta el magn\u00edfico drama El hombre que muri\u00f3 en la guerra.<br \/>\nEste libro pretende rescatar la figura de los hermanos Machado; devolver, si no a la escena espa\u00f1ola, s\u00ed a la memor\u00eda, una faceta de la historia del teatro poco recordada por la inmensa mayor\u00eda.<\/p>\n","protected":false},"excerpt":{"rendered":"<p>Ambos hermanos influyeron en la escena espa\u00f1ola de las primeras d\u00e9cadas del siglo XX, hasta el punto de construir una teor\u00eda teatral que qued\u00f3 plasmada en la prensa de la \u00e9poca. De 1916 datan los primeros escritos de Manuel Machado, en los que hablaba ya de el gran invento del siglo XX, y que se extienden en el tiempo hasta 1941, dos semanas antes del estreno de El hombre que muri\u00f3 en la guerra, \u00faltimo drama de los hermanos Machado. En los cientos de art\u00edculos period\u00edsticos se retrata, mediante la cr\u00f3nica teatral, el comentario mordaz o la poes\u00eda m\u00e1s elogiosa, la vida esc\u00e9nica del primer tercio del siglo XX.<br \/>\nPese a que Manuel y Antonio Machado han pasado desapercibidos para la cr\u00edtica posterior, sus siete creaciones dram\u00e1ticas originales innovaron y renovaron dentro de los escenarios espa\u00f1oles prestando gran atenci\u00f3n a las nuevas corrientes teatrales: la renovaci\u00f3n del teatro del Siglo de Oro, el nuevo tratamiento de don Juan literario, el psicologismo freudiano o la b\u00fasqueda de el otro fueron temas bien dibujados en toda su dramaturgia, en la que, uniendo tradici\u00f3n y leyenda, lo cl\u00e1sico y lo moderno, se logr\u00f3 desde algo tan personal como La Lola se va a los puertos (retrato de la cultura popular, tan arraigada en los hermanos desde la infancia) hasta el magn\u00edfico drama El hombre que muri\u00f3 en la guerra.<br \/>\nEste libro pretende rescatar la figura de los hermanos Machado; devolver, si no a la escena espa\u00f1ola, s\u00ed a la memor\u00eda, una faceta de la historia del teatro poco recordada por la inmensa mayor\u00eda.<\/p>\n","protected":false},"featured_media":58436,"comment_status":"open","ping_status":"closed","template":"","meta":{"_et_pb_use_builder":"","_et_pb_old_content":"","_et_gb_content_width":""},"product_cat":[11901,11858,11859],"product_tag":[11860],"edicion":[],"editoriales":[11866],"tienda":[],"autor_id":[20943],"universidades_coeditoras":[],"palabras_clave":[],"listado_alfabetico":[],"acf":[],"_links":{"self":[{"href":"https:\/\/wizardly-davinci.82-223-8-23.plesk.page\/en\/wp-json\/wp\/v2\/product\/58435"}],"collection":[{"href":"https:\/\/wizardly-davinci.82-223-8-23.plesk.page\/en\/wp-json\/wp\/v2\/product"}],"about":[{"href":"https:\/\/wizardly-davinci.82-223-8-23.plesk.page\/en\/wp-json\/wp\/v2\/types\/product"}],"replies":[{"embeddable":true,"href":"https:\/\/wizardly-davinci.82-223-8-23.plesk.page\/en\/wp-json\/wp\/v2\/comments?post=58435"}],"wp:featuredmedia":[{"embeddable":true,"href":"https:\/\/wizardly-davinci.82-223-8-23.plesk.page\/en\/wp-json\/wp\/v2\/media\/58436"}],"wp:attachment":[{"href":"https:\/\/wizardly-davinci.82-223-8-23.plesk.page\/en\/wp-json\/wp\/v2\/media?parent=58435"}],"wp:term":[{"taxonomy":"product_cat","embeddable":true,"href":"https:\/\/wizardly-davinci.82-223-8-23.plesk.page\/en\/wp-json\/wp\/v2\/product_cat?post=58435"},{"taxonomy":"product_tag","embeddable":true,"href":"https:\/\/wizardly-davinci.82-223-8-23.plesk.page\/en\/wp-json\/wp\/v2\/product_tag?post=58435"},{"taxonomy":"edicion","embeddable":true,"href":"https:\/\/wizardly-davinci.82-223-8-23.plesk.page\/en\/wp-json\/wp\/v2\/edicion?post=58435"},{"taxonomy":"editoriales","embeddable":true,"href":"https:\/\/wizardly-davinci.82-223-8-23.plesk.page\/en\/wp-json\/wp\/v2\/editoriales?post=58435"},{"taxonomy":"tienda","embeddable":true,"href":"https:\/\/wizardly-davinci.82-223-8-23.plesk.page\/en\/wp-json\/wp\/v2\/tienda?post=58435"},{"taxonomy":"autor_id","embeddable":true,"href":"https:\/\/wizardly-davinci.82-223-8-23.plesk.page\/en\/wp-json\/wp\/v2\/autor_id?post=58435"},{"taxonomy":"universidades_coeditoras","embeddable":true,"href":"https:\/\/wizardly-davinci.82-223-8-23.plesk.page\/en\/wp-json\/wp\/v2\/universidades_coeditoras?post=58435"},{"taxonomy":"palabras_clave","embeddable":true,"href":"https:\/\/wizardly-davinci.82-223-8-23.plesk.page\/en\/wp-json\/wp\/v2\/palabras_clave?post=58435"},{"taxonomy":"listado_alfabetico","embeddable":true,"href":"https:\/\/wizardly-davinci.82-223-8-23.plesk.page\/en\/wp-json\/wp\/v2\/listado_alfabetico?post=58435"}],"curies":[{"name":"wp","href":"https:\/\/api.w.org\/{rel}","templated":true}]}}