{"id":58437,"date":"2019-04-09T23:00:16","date_gmt":"2019-04-09T21:00:16","guid":{"rendered":"https:\/\/octaedro.com\/libro\/camino-de-retorno\/"},"modified":"2023-02-22T13:44:54","modified_gmt":"2023-02-22T12:44:54","slug":"camino-de-retorno-2","status":"publish","type":"product","link":"https:\/\/wizardly-davinci.82-223-8-23.plesk.page\/en\/producto\/camino-de-retorno-2\/","title":{"rendered":"Camino de retorno"},"content":{"rendered":"<p>V\u00edctor Valle es un abogado que ha conseguido dinero y posici\u00f3n social gracias a su especial habilidad para el pelotazo inmobiliario, el lavado de dinero negro y el hundimiento legal de empresas en crisis. Acosado por la polic\u00eda, intenta mantener sus negocios con una operaci\u00f3n de distracci\u00f3n que le acaba costando la vida a Laura. Cuanto todo est\u00e1 perdido, la justicia se detiene por miedo a las poderosas amistades de V\u00edctor, pero \u00e9ste ya ha emprendido la huida. Crey\u00e9ndose perseguido. V\u00edctor renuncia al poder y al dinero, y emprende un camino de retorno que le dejar\u00e1 en manos de los mismos polic\u00edas que antes no se atrevieron a enjuiciarle.<br \/>\nBajo la forma de un thriller, <span class=\"destacat\">Camino de retorno<\/span> nos describe la sociedad contempor\u00e1nea de la especulaci\u00f3n inmobiliaria y financiera organizada por esos se\u00f1ores del universo que se creen a s\u00ed mismos por encima de los mortales, dispuestos a hundir el mundo si ello les permite enriquecerse.<\/p>\n","protected":false},"excerpt":{"rendered":"<p>V\u00edctor Valle es un abogado que ha conseguido dinero y posici\u00f3n social gracias a su especial habilidad para el pelotazo inmobiliario, el lavado de dinero negro y el hundimiento legal de empresas en crisis. Acosado por la polic\u00eda, intenta mantener sus negocios con una operaci\u00f3n de distracci\u00f3n que le acaba costando la vida a Laura. Cuanto todo est\u00e1 perdido, la justicia se detiene por miedo a las poderosas amistades de V\u00edctor, pero \u00e9ste ya ha emprendido la huida. Crey\u00e9ndose perseguido. V\u00edctor renuncia al poder y al dinero, y emprende un camino de retorno que le dejar\u00e1 en manos de los mismos polic\u00edas que antes no se atrevieron a enjuiciarle.<br \/>\nBajo la forma de un thriller, <span class=\"destacat\">Camino de retorno<\/span> nos describe la sociedad contempor\u00e1nea de la especulaci\u00f3n inmobiliaria y financiera organizada por esos se\u00f1ores del universo que se creen a s\u00ed mismos por encima de los mortales, dispuestos a hundir el mundo si ello les permite enriquecerse.<\/p>\n","protected":false},"featured_media":58438,"comment_status":"open","ping_status":"closed","template":"","meta":{"_et_pb_use_builder":"","_et_pb_old_content":"","_et_gb_content_width":""},"product_cat":[11901,11858,11859],"product_tag":[11860],"edicion":[],"editoriales":[11866],"tienda":[],"autor_id":[14182],"universidades_coeditoras":[],"palabras_clave":[],"listado_alfabetico":[],"acf":[],"_links":{"self":[{"href":"https:\/\/wizardly-davinci.82-223-8-23.plesk.page\/en\/wp-json\/wp\/v2\/product\/58437"}],"collection":[{"href":"https:\/\/wizardly-davinci.82-223-8-23.plesk.page\/en\/wp-json\/wp\/v2\/product"}],"about":[{"href":"https:\/\/wizardly-davinci.82-223-8-23.plesk.page\/en\/wp-json\/wp\/v2\/types\/product"}],"replies":[{"embeddable":true,"href":"https:\/\/wizardly-davinci.82-223-8-23.plesk.page\/en\/wp-json\/wp\/v2\/comments?post=58437"}],"wp:featuredmedia":[{"embeddable":true,"href":"https:\/\/wizardly-davinci.82-223-8-23.plesk.page\/en\/wp-json\/wp\/v2\/media\/58438"}],"wp:attachment":[{"href":"https:\/\/wizardly-davinci.82-223-8-23.plesk.page\/en\/wp-json\/wp\/v2\/media?parent=58437"}],"wp:term":[{"taxonomy":"product_cat","embeddable":true,"href":"https:\/\/wizardly-davinci.82-223-8-23.plesk.page\/en\/wp-json\/wp\/v2\/product_cat?post=58437"},{"taxonomy":"product_tag","embeddable":true,"href":"https:\/\/wizardly-davinci.82-223-8-23.plesk.page\/en\/wp-json\/wp\/v2\/product_tag?post=58437"},{"taxonomy":"edicion","embeddable":true,"href":"https:\/\/wizardly-davinci.82-223-8-23.plesk.page\/en\/wp-json\/wp\/v2\/edicion?post=58437"},{"taxonomy":"editoriales","embeddable":true,"href":"https:\/\/wizardly-davinci.82-223-8-23.plesk.page\/en\/wp-json\/wp\/v2\/editoriales?post=58437"},{"taxonomy":"tienda","embeddable":true,"href":"https:\/\/wizardly-davinci.82-223-8-23.plesk.page\/en\/wp-json\/wp\/v2\/tienda?post=58437"},{"taxonomy":"autor_id","embeddable":true,"href":"https:\/\/wizardly-davinci.82-223-8-23.plesk.page\/en\/wp-json\/wp\/v2\/autor_id?post=58437"},{"taxonomy":"universidades_coeditoras","embeddable":true,"href":"https:\/\/wizardly-davinci.82-223-8-23.plesk.page\/en\/wp-json\/wp\/v2\/universidades_coeditoras?post=58437"},{"taxonomy":"palabras_clave","embeddable":true,"href":"https:\/\/wizardly-davinci.82-223-8-23.plesk.page\/en\/wp-json\/wp\/v2\/palabras_clave?post=58437"},{"taxonomy":"listado_alfabetico","embeddable":true,"href":"https:\/\/wizardly-davinci.82-223-8-23.plesk.page\/en\/wp-json\/wp\/v2\/listado_alfabetico?post=58437"}],"curies":[{"name":"wp","href":"https:\/\/api.w.org\/{rel}","templated":true}]}}