{"id":58440,"date":"2019-04-09T23:00:15","date_gmt":"2019-04-09T21:00:15","guid":{"rendered":"https:\/\/octaedro.com\/libro\/lenguaje-cultura-y-discriminacion\/"},"modified":"2023-02-22T13:44:54","modified_gmt":"2023-02-22T12:44:54","slug":"lenguaje-cultura-y-discriminacion-2","status":"publish","type":"product","link":"https:\/\/wizardly-davinci.82-223-8-23.plesk.page\/en\/producto\/lenguaje-cultura-y-discriminacion-2\/","title":{"rendered":"Lenguaje, cultura y discriminaci\u00f3n"},"content":{"rendered":"<p>Esta obra aborda una tem\u00e1tica de gran actualidad como es la discriminaci\u00f3n en raz\u00f3n de g\u00e9nero. Para ello, se trazan unas directrices claras para su tratamiento: partiendo del lenguaje como hecho social, se une el mismo a la cultura y al hecho que supone la discriminaci\u00f3n. Una vez que se ha analizado la situaci\u00f3n actual con respecto al tema abordado, se proporcionan pautas para la acci\u00f3n did\u00e1ctica y se aportan sugerencias pr\u00e1cticas para tratar de mejorar las situaciones de igualdad de oportunidades entre el g\u00e9nero masculino y el femenino.<br \/>\nSin duda, los aspectos tratados en este libro deben repercutir en la mejora de la calidad de la educaci\u00f3n, en particular, y de la sociedad, en general. La obra est\u00e1 dirigida a profesionales del mundo educativo, as\u00ed como a todas aquellas personas que est\u00e9n interesadas en la tem\u00e1tica de la igualdad de oportunidades entre los g\u00e9neros.<\/p>\n","protected":false},"excerpt":{"rendered":"<p>Esta obra aborda una tem\u00e1tica de gran actualidad como es la discriminaci\u00f3n en raz\u00f3n de g\u00e9nero. Para ello, se trazan unas directrices claras para su tratamiento: partiendo del lenguaje como hecho social, se une el mismo a la cultura y al hecho que supone la discriminaci\u00f3n. Una vez que se ha analizado la situaci\u00f3n actual con respecto al tema abordado, se proporcionan pautas para la acci\u00f3n did\u00e1ctica y se aportan sugerencias pr\u00e1cticas para tratar de mejorar las situaciones de igualdad de oportunidades entre el g\u00e9nero masculino y el femenino.<br \/>\nSin duda, los aspectos tratados en este libro deben repercutir en la mejora de la calidad de la educaci\u00f3n, en particular, y de la sociedad, en general. La obra est\u00e1 dirigida a profesionales del mundo educativo, as\u00ed como a todas aquellas personas que est\u00e9n interesadas en la tem\u00e1tica de la igualdad de oportunidades entre los g\u00e9neros.<\/p>\n","protected":false},"featured_media":58441,"comment_status":"open","ping_status":"closed","template":"","meta":{"_et_pb_use_builder":"","_et_pb_old_content":"","_et_gb_content_width":""},"product_cat":[11858,11859],"product_tag":[11860],"edicion":[11865],"editoriales":[11866],"tienda":[],"autor_id":[12209,12210],"universidades_coeditoras":[],"palabras_clave":[],"listado_alfabetico":[],"acf":[],"_links":{"self":[{"href":"https:\/\/wizardly-davinci.82-223-8-23.plesk.page\/en\/wp-json\/wp\/v2\/product\/58440"}],"collection":[{"href":"https:\/\/wizardly-davinci.82-223-8-23.plesk.page\/en\/wp-json\/wp\/v2\/product"}],"about":[{"href":"https:\/\/wizardly-davinci.82-223-8-23.plesk.page\/en\/wp-json\/wp\/v2\/types\/product"}],"replies":[{"embeddable":true,"href":"https:\/\/wizardly-davinci.82-223-8-23.plesk.page\/en\/wp-json\/wp\/v2\/comments?post=58440"}],"wp:featuredmedia":[{"embeddable":true,"href":"https:\/\/wizardly-davinci.82-223-8-23.plesk.page\/en\/wp-json\/wp\/v2\/media\/58441"}],"wp:attachment":[{"href":"https:\/\/wizardly-davinci.82-223-8-23.plesk.page\/en\/wp-json\/wp\/v2\/media?parent=58440"}],"wp:term":[{"taxonomy":"product_cat","embeddable":true,"href":"https:\/\/wizardly-davinci.82-223-8-23.plesk.page\/en\/wp-json\/wp\/v2\/product_cat?post=58440"},{"taxonomy":"product_tag","embeddable":true,"href":"https:\/\/wizardly-davinci.82-223-8-23.plesk.page\/en\/wp-json\/wp\/v2\/product_tag?post=58440"},{"taxonomy":"edicion","embeddable":true,"href":"https:\/\/wizardly-davinci.82-223-8-23.plesk.page\/en\/wp-json\/wp\/v2\/edicion?post=58440"},{"taxonomy":"editoriales","embeddable":true,"href":"https:\/\/wizardly-davinci.82-223-8-23.plesk.page\/en\/wp-json\/wp\/v2\/editoriales?post=58440"},{"taxonomy":"tienda","embeddable":true,"href":"https:\/\/wizardly-davinci.82-223-8-23.plesk.page\/en\/wp-json\/wp\/v2\/tienda?post=58440"},{"taxonomy":"autor_id","embeddable":true,"href":"https:\/\/wizardly-davinci.82-223-8-23.plesk.page\/en\/wp-json\/wp\/v2\/autor_id?post=58440"},{"taxonomy":"universidades_coeditoras","embeddable":true,"href":"https:\/\/wizardly-davinci.82-223-8-23.plesk.page\/en\/wp-json\/wp\/v2\/universidades_coeditoras?post=58440"},{"taxonomy":"palabras_clave","embeddable":true,"href":"https:\/\/wizardly-davinci.82-223-8-23.plesk.page\/en\/wp-json\/wp\/v2\/palabras_clave?post=58440"},{"taxonomy":"listado_alfabetico","embeddable":true,"href":"https:\/\/wizardly-davinci.82-223-8-23.plesk.page\/en\/wp-json\/wp\/v2\/listado_alfabetico?post=58440"}],"curies":[{"name":"wp","href":"https:\/\/api.w.org\/{rel}","templated":true}]}}