{"id":58446,"date":"2019-04-09T23:00:15","date_gmt":"2019-04-09T21:00:15","guid":{"rendered":"https:\/\/octaedro.com\/libro\/juegos-y-actividades-cultura-ambiental\/"},"modified":"2023-02-22T13:44:54","modified_gmt":"2023-02-22T12:44:54","slug":"juegos-y-actividades-de-cultura-ambiental-y-cambio-climatico-2","status":"publish","type":"product","link":"https:\/\/wizardly-davinci.82-223-8-23.plesk.page\/en\/producto\/juegos-y-actividades-de-cultura-ambiental-y-cambio-climatico-2\/","title":{"rendered":"Juegos y actividades cultura ambiental"},"content":{"rendered":"<p>Hoy es tan urgente como necesaria, una nueva cultura ecol\u00f3gica que tenga como eje sensibilizador la intensificaci\u00f3n del cambio clim\u00e1tico provocado por una inadecuada relaci\u00f3n de los humanos con su entorno. Una sociedad basada en un crecimiento ilimitado, en el despilfarro de recursos naturales y energ\u00e9ticos, corre el riesgo de colapsarse a s\u00ed misma y ahogarse en el oc\u00e9ano de su af\u00e1n consumista. Crecer como seres humanos en sinton\u00eda con la naturaleza es, sin duda, el horizonte \u00e9tico necesario para la ciudadan\u00eda del siglo XXI.<br \/>\nA partir de nuestra experiencia docente, proponemos aqu\u00ed diversos juegos y actividades, especialmente para ni\u00f1os y ni\u00f1as de 8 a 12 a\u00f1os, en los que se abordan diferentes temas relacionados con el mediambiente (zoolog\u00eda, bot\u00e1nica, suelo, ecolog\u00eda urbana\u2026) y el cambio clim\u00e1tico (urgent\u00edsimo problema ambiental que afecta a todos los componentes de los distintos ecosistemas de nuestro planeta). Todos ellos pretenden crear una conciencia medioambiental en los j\u00f3venes de hoy que lleve a la acci\u00f3n responsable y coherente con nuestro entorno natural.<\/p>\n","protected":false},"excerpt":{"rendered":"<p>Hoy es tan urgente como necesaria, una nueva cultura ecol\u00f3gica que tenga como eje sensibilizador la intensificaci\u00f3n del cambio clim\u00e1tico provocado por una inadecuada relaci\u00f3n de los humanos con su entorno. Una sociedad basada en un crecimiento ilimitado, en el despilfarro de recursos naturales y energ\u00e9ticos, corre el riesgo de colapsarse a s\u00ed misma y ahogarse en el oc\u00e9ano de su af\u00e1n consumista. Crecer como seres humanos en sinton\u00eda con la naturaleza es, sin duda, el horizonte \u00e9tico necesario para la ciudadan\u00eda del siglo XXI.<br \/>\nA partir de nuestra experiencia docente, proponemos aqu\u00ed diversos juegos y actividades, especialmente para ni\u00f1os y ni\u00f1as de 8 a 12 a\u00f1os, en los que se abordan diferentes temas relacionados con el mediambiente (zoolog\u00eda, bot\u00e1nica, suelo, ecolog\u00eda urbana\u2026) y el cambio clim\u00e1tico (urgent\u00edsimo problema ambiental que afecta a todos los componentes de los distintos ecosistemas de nuestro planeta). Todos ellos pretenden crear una conciencia medioambiental en los j\u00f3venes de hoy que lleve a la acci\u00f3n responsable y coherente con nuestro entorno natural.<\/p>\n","protected":false},"featured_media":58448,"comment_status":"open","ping_status":"closed","template":"","meta":{"_et_pb_use_builder":"","_et_pb_old_content":"","_et_gb_content_width":""},"product_cat":[11858,11859],"product_tag":[11860],"edicion":[11865],"editoriales":[11866,11867],"tienda":[],"autor_id":[20097],"universidades_coeditoras":[],"palabras_clave":[],"listado_alfabetico":[],"acf":[],"_links":{"self":[{"href":"https:\/\/wizardly-davinci.82-223-8-23.plesk.page\/en\/wp-json\/wp\/v2\/product\/58446"}],"collection":[{"href":"https:\/\/wizardly-davinci.82-223-8-23.plesk.page\/en\/wp-json\/wp\/v2\/product"}],"about":[{"href":"https:\/\/wizardly-davinci.82-223-8-23.plesk.page\/en\/wp-json\/wp\/v2\/types\/product"}],"replies":[{"embeddable":true,"href":"https:\/\/wizardly-davinci.82-223-8-23.plesk.page\/en\/wp-json\/wp\/v2\/comments?post=58446"}],"wp:featuredmedia":[{"embeddable":true,"href":"https:\/\/wizardly-davinci.82-223-8-23.plesk.page\/en\/wp-json\/wp\/v2\/media\/58448"}],"wp:attachment":[{"href":"https:\/\/wizardly-davinci.82-223-8-23.plesk.page\/en\/wp-json\/wp\/v2\/media?parent=58446"}],"wp:term":[{"taxonomy":"product_cat","embeddable":true,"href":"https:\/\/wizardly-davinci.82-223-8-23.plesk.page\/en\/wp-json\/wp\/v2\/product_cat?post=58446"},{"taxonomy":"product_tag","embeddable":true,"href":"https:\/\/wizardly-davinci.82-223-8-23.plesk.page\/en\/wp-json\/wp\/v2\/product_tag?post=58446"},{"taxonomy":"edicion","embeddable":true,"href":"https:\/\/wizardly-davinci.82-223-8-23.plesk.page\/en\/wp-json\/wp\/v2\/edicion?post=58446"},{"taxonomy":"editoriales","embeddable":true,"href":"https:\/\/wizardly-davinci.82-223-8-23.plesk.page\/en\/wp-json\/wp\/v2\/editoriales?post=58446"},{"taxonomy":"tienda","embeddable":true,"href":"https:\/\/wizardly-davinci.82-223-8-23.plesk.page\/en\/wp-json\/wp\/v2\/tienda?post=58446"},{"taxonomy":"autor_id","embeddable":true,"href":"https:\/\/wizardly-davinci.82-223-8-23.plesk.page\/en\/wp-json\/wp\/v2\/autor_id?post=58446"},{"taxonomy":"universidades_coeditoras","embeddable":true,"href":"https:\/\/wizardly-davinci.82-223-8-23.plesk.page\/en\/wp-json\/wp\/v2\/universidades_coeditoras?post=58446"},{"taxonomy":"palabras_clave","embeddable":true,"href":"https:\/\/wizardly-davinci.82-223-8-23.plesk.page\/en\/wp-json\/wp\/v2\/palabras_clave?post=58446"},{"taxonomy":"listado_alfabetico","embeddable":true,"href":"https:\/\/wizardly-davinci.82-223-8-23.plesk.page\/en\/wp-json\/wp\/v2\/listado_alfabetico?post=58446"}],"curies":[{"name":"wp","href":"https:\/\/api.w.org\/{rel}","templated":true}]}}