{"id":58447,"date":"2007-04-01T23:00:14","date_gmt":"2007-04-01T21:00:14","guid":{"rendered":"https:\/\/octaedro.com\/libro\/historia-de-las-calles-de-jodar\/"},"modified":"2023-02-22T13:44:54","modified_gmt":"2023-02-22T12:44:54","slug":"historia-de-las-calles-de-jodar","status":"publish","type":"product","link":"https:\/\/wizardly-davinci.82-223-8-23.plesk.page\/en\/producto\/historia-de-las-calles-de-jodar\/","title":{"rendered":"Historia de las calles de J\u00f3dar"},"content":{"rendered":"<p>Un libro que recoge la evoluci\u00f3n del casco urbano de esta ciudad jiennense, desde la Edad Media hasta nuestros d\u00edas, a trav\u00e9s de un minucioso estudio de los problemas de los barrios marginales de cuevas, cuya poblaci\u00f3n lleg\u00f3 a ser la m\u00e1s alta de toda Andaluc\u00eda en su tiempo. Una Villa medieval que pas\u00f3 a Ciudad en los albores del siglo XX, triplicando su poblaci\u00f3n al amparo de la industria del esparto.<\/p>\n","protected":false},"excerpt":{"rendered":"<p>Un libro que recoge la evoluci\u00f3n del casco urbano de esta ciudad jiennense, desde la Edad Media hasta nuestros d\u00edas, a trav\u00e9s de un minucioso estudio de los problemas de los barrios marginales de cuevas, cuya poblaci\u00f3n lleg\u00f3 a ser la m\u00e1s alta de toda Andaluc\u00eda en su tiempo. Una Villa medieval que pas\u00f3 a Ciudad en los albores del siglo XX, triplicando su poblaci\u00f3n al amparo de la industria del esparto.<\/p>\n","protected":false},"featured_media":58467,"comment_status":"open","ping_status":"closed","template":"","meta":{"_et_pb_use_builder":"","_et_pb_old_content":"","_et_gb_content_width":""},"product_cat":[11901,11858,11859],"product_tag":[11860],"edicion":[11865],"editoriales":[11866],"tienda":[],"autor_id":[14016],"universidades_coeditoras":[],"palabras_clave":[],"listado_alfabetico":[],"acf":[],"_links":{"self":[{"href":"https:\/\/wizardly-davinci.82-223-8-23.plesk.page\/en\/wp-json\/wp\/v2\/product\/58447"}],"collection":[{"href":"https:\/\/wizardly-davinci.82-223-8-23.plesk.page\/en\/wp-json\/wp\/v2\/product"}],"about":[{"href":"https:\/\/wizardly-davinci.82-223-8-23.plesk.page\/en\/wp-json\/wp\/v2\/types\/product"}],"replies":[{"embeddable":true,"href":"https:\/\/wizardly-davinci.82-223-8-23.plesk.page\/en\/wp-json\/wp\/v2\/comments?post=58447"}],"wp:featuredmedia":[{"embeddable":true,"href":"https:\/\/wizardly-davinci.82-223-8-23.plesk.page\/en\/wp-json\/wp\/v2\/media\/58467"}],"wp:attachment":[{"href":"https:\/\/wizardly-davinci.82-223-8-23.plesk.page\/en\/wp-json\/wp\/v2\/media?parent=58447"}],"wp:term":[{"taxonomy":"product_cat","embeddable":true,"href":"https:\/\/wizardly-davinci.82-223-8-23.plesk.page\/en\/wp-json\/wp\/v2\/product_cat?post=58447"},{"taxonomy":"product_tag","embeddable":true,"href":"https:\/\/wizardly-davinci.82-223-8-23.plesk.page\/en\/wp-json\/wp\/v2\/product_tag?post=58447"},{"taxonomy":"edicion","embeddable":true,"href":"https:\/\/wizardly-davinci.82-223-8-23.plesk.page\/en\/wp-json\/wp\/v2\/edicion?post=58447"},{"taxonomy":"editoriales","embeddable":true,"href":"https:\/\/wizardly-davinci.82-223-8-23.plesk.page\/en\/wp-json\/wp\/v2\/editoriales?post=58447"},{"taxonomy":"tienda","embeddable":true,"href":"https:\/\/wizardly-davinci.82-223-8-23.plesk.page\/en\/wp-json\/wp\/v2\/tienda?post=58447"},{"taxonomy":"autor_id","embeddable":true,"href":"https:\/\/wizardly-davinci.82-223-8-23.plesk.page\/en\/wp-json\/wp\/v2\/autor_id?post=58447"},{"taxonomy":"universidades_coeditoras","embeddable":true,"href":"https:\/\/wizardly-davinci.82-223-8-23.plesk.page\/en\/wp-json\/wp\/v2\/universidades_coeditoras?post=58447"},{"taxonomy":"palabras_clave","embeddable":true,"href":"https:\/\/wizardly-davinci.82-223-8-23.plesk.page\/en\/wp-json\/wp\/v2\/palabras_clave?post=58447"},{"taxonomy":"listado_alfabetico","embeddable":true,"href":"https:\/\/wizardly-davinci.82-223-8-23.plesk.page\/en\/wp-json\/wp\/v2\/listado_alfabetico?post=58447"}],"curies":[{"name":"wp","href":"https:\/\/api.w.org\/{rel}","templated":true}]}}