{"id":58464,"date":"2019-04-09T23:00:12","date_gmt":"2019-04-09T21:00:12","guid":{"rendered":"https:\/\/octaedro.com\/libro\/un-pais-al-sur\/"},"modified":"2023-02-22T13:44:59","modified_gmt":"2023-02-22T12:44:59","slug":"un-pais-al-sur","status":"publish","type":"product","link":"https:\/\/wizardly-davinci.82-223-8-23.plesk.page\/en\/producto\/un-pais-al-sur\/","title":{"rendered":"Un pa\u00eds al sur"},"content":{"rendered":"<p>Este libro contiene una selecci\u00f3n de art\u00edculos publicados por el autor en el diario El pa\u00eds, en su mayor parte entre septiembre de 1997 y mayo de 2004.Entre ellos aparecen los articuentos que tuvieron por protagonistas a Solinda, Celina y Teofinda (es decir, Soledad Becerril, Celia Villalobos y Te\u00f3fila Mart\u00ednez), y al Pr\u00edncipe Aznar\u00edn y su escudero Aren\u00edn (es decir, Aznar y Arenas), entre otros muchos dedicados a los m\u00e1s diversos temas de actualidad, tales como Tablada, las ra\u00edces culturales de Anadaluc\u00eda, las paradojas antropol\u00f3gicas de sus fiestas, lo t\u00f3picos, el flamenco, y un largo etc\u00e9tera.<\/p>\n","protected":false},"excerpt":{"rendered":"<p>Este libro contiene una selecci\u00f3n de art\u00edculos publicados por el autor en el diario El pa\u00eds, en su mayor parte entre septiembre de 1997 y mayo de 2004.Entre ellos aparecen los articuentos que tuvieron por protagonistas a Solinda, Celina y Teofinda (es decir, Soledad Becerril, Celia Villalobos y Te\u00f3fila Mart\u00ednez), y al Pr\u00edncipe Aznar\u00edn y su escudero Aren\u00edn (es decir, Aznar y Arenas), entre otros muchos dedicados a los m\u00e1s diversos temas de actualidad, tales como Tablada, las ra\u00edces culturales de Anadaluc\u00eda, las paradojas antropol\u00f3gicas de sus fiestas, lo t\u00f3picos, el flamenco, y un largo etc\u00e9tera.<\/p>\n","protected":false},"featured_media":58490,"comment_status":"open","ping_status":"closed","template":"","meta":{"_et_pb_use_builder":"","_et_pb_old_content":"","_et_gb_content_width":""},"product_cat":[11858,11859],"product_tag":[11860],"edicion":[11865],"editoriales":[11866],"tienda":[],"autor_id":[20948],"universidades_coeditoras":[],"palabras_clave":[],"listado_alfabetico":[],"acf":[],"_links":{"self":[{"href":"https:\/\/wizardly-davinci.82-223-8-23.plesk.page\/en\/wp-json\/wp\/v2\/product\/58464"}],"collection":[{"href":"https:\/\/wizardly-davinci.82-223-8-23.plesk.page\/en\/wp-json\/wp\/v2\/product"}],"about":[{"href":"https:\/\/wizardly-davinci.82-223-8-23.plesk.page\/en\/wp-json\/wp\/v2\/types\/product"}],"replies":[{"embeddable":true,"href":"https:\/\/wizardly-davinci.82-223-8-23.plesk.page\/en\/wp-json\/wp\/v2\/comments?post=58464"}],"wp:featuredmedia":[{"embeddable":true,"href":"https:\/\/wizardly-davinci.82-223-8-23.plesk.page\/en\/wp-json\/wp\/v2\/media\/58490"}],"wp:attachment":[{"href":"https:\/\/wizardly-davinci.82-223-8-23.plesk.page\/en\/wp-json\/wp\/v2\/media?parent=58464"}],"wp:term":[{"taxonomy":"product_cat","embeddable":true,"href":"https:\/\/wizardly-davinci.82-223-8-23.plesk.page\/en\/wp-json\/wp\/v2\/product_cat?post=58464"},{"taxonomy":"product_tag","embeddable":true,"href":"https:\/\/wizardly-davinci.82-223-8-23.plesk.page\/en\/wp-json\/wp\/v2\/product_tag?post=58464"},{"taxonomy":"edicion","embeddable":true,"href":"https:\/\/wizardly-davinci.82-223-8-23.plesk.page\/en\/wp-json\/wp\/v2\/edicion?post=58464"},{"taxonomy":"editoriales","embeddable":true,"href":"https:\/\/wizardly-davinci.82-223-8-23.plesk.page\/en\/wp-json\/wp\/v2\/editoriales?post=58464"},{"taxonomy":"tienda","embeddable":true,"href":"https:\/\/wizardly-davinci.82-223-8-23.plesk.page\/en\/wp-json\/wp\/v2\/tienda?post=58464"},{"taxonomy":"autor_id","embeddable":true,"href":"https:\/\/wizardly-davinci.82-223-8-23.plesk.page\/en\/wp-json\/wp\/v2\/autor_id?post=58464"},{"taxonomy":"universidades_coeditoras","embeddable":true,"href":"https:\/\/wizardly-davinci.82-223-8-23.plesk.page\/en\/wp-json\/wp\/v2\/universidades_coeditoras?post=58464"},{"taxonomy":"palabras_clave","embeddable":true,"href":"https:\/\/wizardly-davinci.82-223-8-23.plesk.page\/en\/wp-json\/wp\/v2\/palabras_clave?post=58464"},{"taxonomy":"listado_alfabetico","embeddable":true,"href":"https:\/\/wizardly-davinci.82-223-8-23.plesk.page\/en\/wp-json\/wp\/v2\/listado_alfabetico?post=58464"}],"curies":[{"name":"wp","href":"https:\/\/api.w.org\/{rel}","templated":true}]}}